{"id":1567,"date":"2020-04-15T15:02:30","date_gmt":"2020-04-15T13:02:30","guid":{"rendered":"http:\/\/wordpress.ovaledeloire-amboise-rugby.fr\/?page_id=1567"},"modified":"2021-11-05T15:39:08","modified_gmt":"2021-11-05T14:39:08","slug":"histoire-du-club","status":"publish","type":"page","link":"https:\/\/www.ovaledeloire-amboise-rugby.fr\/?page_id=1567","title":{"rendered":"Histoire du Club"},"content":{"rendered":"<h3><strong><em>A partir de 1998 :<\/em><\/strong><\/h3>\n<p>En 1998, est cr\u00e9\u00e9 l&#8217;Ovale de Loire, sous la forme d&#8217;une association, avec pour premier pr\u00e9sident et cr\u00e9ateur Fran\u00e7is LEDYS.<\/p>\n<p>Le club s&#8217;installe \u00e0 l&#8217;\u00e9poque, \u00e0 Poc\u00e9-sur-Cisse, avec un effectif de 35 joueurs loisirs.<\/p>\n<h3><strong><em>A partir de 2003 :<\/em><\/strong><\/h3>\n<p>En 2003, l&#8217;Ovale de Loire se reforme, toujours sous la forme d&#8217;une association, sous l&#8217;impulsion d&#8217;un Nouveau pr\u00e9sident, Jean-Christophe VENHARD, et du coach embl\u00e9matique de l&#8217;Ovale de Loire, Aldo PURET.<\/p>\n<p>Le club \u00e9lit alors domicile \u00e0 Charg\u00e9, avec un effectif d&#8217;une cinquantaine de joueurs en comp\u00e9tition.<\/p>\n<p>En 2004, c&#8217;est la cr\u00e9ation de l&#8217;\u00e9cole de rugby<\/p>\n<p>En 2005, apr\u00e8s un incendie d\u00e9truisant toutes les structures du stade de Charg\u00e9, l&#8217;Ovale de Loire d\u00e9m\u00e9nage en bord de Loire, sur l&#8217;ancien terrain de foot de \u00e0 Lussault-sur-Loire.<\/p>\n<p style=\"text-align: left;\">En 2011, l&#8217;Ovale prendra ces quartiers dans un stade neuf, sur les hauteurs de Lussault-sur-Loire, avec ces 160 licenci\u00e9s, dont 80 \u00e0 l&#8217;\u00e9cole de rugby.<\/p>\n<p style=\"text-align: left;\">Inaugur\u00e9 le 13 avril 2011, en pr\u00e9sence du s\u00e9lectionneur du XV de France de l&#8217;\u00e9poque, Marc Li\u00e8vremont, dont le stade porte son nom<\/p>\n<p><iframe loading=\"lazy\" title=\"Lussault : inauguration du stade &quot;Marc Li\u00e9vremont&quot;\" width=\"580\" height=\"435\" src=\"https:\/\/www.youtube.com\/embed\/iTLbgBlsvmk?feature=oembed\" frameborder=\"0\" allow=\"accelerometer; autoplay; clipboard-write; encrypted-media; gyroscope; picture-in-picture\" allowfullscreen><\/iframe><\/p>\n<p style=\"text-align: left;\">L&#8217;\u00e9cole de rugby sera labellis\u00e9e en 2018<\/p>\n<p>&nbsp;<\/p>\n<p>&nbsp;<\/p>\n","protected":false},"excerpt":{"rendered":"<p>A partir de 1998 : En 1998, est cr\u00e9\u00e9 l&#8217;Ovale de Loire, sous la forme d&#8217;une association, avec pour premier pr\u00e9sident et cr\u00e9ateur Fran\u00e7is LEDYS. Le club s&#8217;installe \u00e0 l&#8217;\u00e9poque, \u00e0 Poc\u00e9-sur-Cisse, avec un effectif de 35 joueurs loisirs. A partir de 2003 : En 2003, l&#8217;Ovale de Loire se reforme, toujours sous la forme [&hellip;]<\/p>\n","protected":false},"author":1,"featured_media":0,"parent":0,"menu_order":0,"comment_status":"closed","ping_status":"closed","template":"","meta":[],"_links":{"self":[{"href":"https:\/\/www.ovaledeloire-amboise-rugby.fr\/index.php?rest_route=\/wp\/v2\/pages\/1567"}],"collection":[{"href":"https:\/\/www.ovaledeloire-amboise-rugby.fr\/index.php?rest_route=\/wp\/v2\/pages"}],"about":[{"href":"https:\/\/www.ovaledeloire-amboise-rugby.fr\/index.php?rest_route=\/wp\/v2\/types\/page"}],"author":[{"embeddable":true,"href":"https:\/\/www.ovaledeloire-amboise-rugby.fr\/index.php?rest_route=\/wp\/v2\/users\/1"}],"replies":[{"embeddable":true,"href":"https:\/\/www.ovaledeloire-amboise-rugby.fr\/index.php?rest_route=%2Fwp%2Fv2%2Fcomments&post=1567"}],"version-history":[{"count":1,"href":"https:\/\/www.ovaledeloire-amboise-rugby.fr\/index.php?rest_route=\/wp\/v2\/pages\/1567\/revisions"}],"predecessor-version":[{"id":3651,"href":"https:\/\/www.ovaledeloire-amboise-rugby.fr\/index.php?rest_route=\/wp\/v2\/pages\/1567\/revisions\/3651"}],"wp:attachment":[{"href":"https:\/\/www.ovaledeloire-amboise-rugby.fr\/index.php?rest_route=%2Fwp%2Fv2%2Fmedia&parent=1567"}],"curies":[{"name":"wp","href":"https:\/\/api.w.org\/{rel}","templated":true}]}}