{"id":1650,"date":"2020-04-15T23:20:22","date_gmt":"2020-04-15T21:20:22","guid":{"rendered":"http:\/\/wordpress.ovaledeloire-amboise-rugby.fr\/?page_id=1650"},"modified":"2024-08-23T11:24:50","modified_gmt":"2024-08-23T09:24:50","slug":"pole-loisirs-presentation","status":"publish","type":"page","link":"https:\/\/www.ovaledeloire-amboise-rugby.fr\/?page_id=1650","title":{"rendered":"P\u00f4le Loisirs"},"content":{"rendered":"<p style=\"text-align: left;\"><span style=\"color: #000000;\">Les Loisirs de l&#8217;Ovale de Loire Amboise Rugby, dit &#8220;<\/span><span style=\"color: #ff0000;\"><strong><em>Les Vendanges Tardives<\/em><\/strong><\/span><span style=\"color: #000000;\">&#8221; \u00e9voluent \u00e0 XV, sur un grand terrain.<\/span><br style=\"text-align: start;\" \/><span style=\"text-align: start; color: #000000;\">Cat\u00e9gorie mixte, les gar\u00e7ons et les filles \u00e9voluant dans cette cat\u00e9gorie doivent avoir 18 ans.<\/span><br style=\"text-align: start;\" \/><span style=\"text-align: start; color: #000000;\">Ils participent \u00e0 des rencontres amicales, un jeudi soir par mois, principalement dans le d\u00e9partement d&#8217;Indre et Loire.<\/span><br style=\"text-align: start;\" \/><span style=\"text-align: start; color: #000000;\">Ils participent \u00e9galement \u00e0 des tournois loisirs hors d\u00e9partement en fin de saison.<\/span><\/p>\n<h5><span style=\"text-decoration: underline; color: #ff0000;\"><em><strong>ENTRAINEMENTS\u00a0 :<\/strong><\/em><\/span><\/h5>\n<p style=\"padding-left: 40px;\"><span style=\"color: #000000;\">Les entra\u00eenements ont lieu <strong><span style=\"color: #ff0000;\">au stade &#8220;Marc Li\u00e8vremont&#8221;<\/span><\/strong>, route des Montils \u00e0 Lussault sur Loire, chaque semaine, <span style=\"text-align: start; color: #000000;\"><strong><span style=\"color: #ff0000;\">le jeudi de 20h15 \u00e0 21h45, avec une traditionnel troisi\u00e8me mi-temps<\/span><\/strong><\/span>.<br style=\"text-align: start;\" \/><span style=\"text-align: start; color: #000000;\"><strong><span style=\"color: #ff0000;\">Reprise des entra\u00eenements le jeudi 05\/09\/2024 \u00e0 20h00<\/span><\/strong>.<br style=\"text-align: start;\" \/><\/span><\/span><span style=\"text-align: start; color: #000000;\">Les joueurs doivent se pr\u00e9senter aux vestiaires 15 minutes avant le d\u00e9but des entra\u00eenements et pr\u00e9voir des affaire de rechange et le n\u00e9cessaire pour la douche.<\/span><\/p>\n<p style=\"padding-left: 40px;\"><span style=\"color: #000000;\">A la fin des entra\u00eenements les joueurs organise une collation ou repas. Chaque joueur est participera \u00e0 son tours aux pr\u00e9paratifs.<\/span><\/p>\n<p>&nbsp;<\/p>\n<p><iframe loading=\"lazy\" title=\"C&#039;est quoi les r\u00e8gles du rugby (rugby \u00e0 XV - r\u00e8gles du jeu) ? - le Professeur Gamberge\" width=\"580\" height=\"326\" src=\"https:\/\/www.youtube.com\/embed\/aUky_X1-cLc?feature=oembed\" frameborder=\"0\" allow=\"accelerometer; autoplay; clipboard-write; encrypted-media; gyroscope; picture-in-picture; web-share\" referrerpolicy=\"strict-origin-when-cross-origin\" allowfullscreen><\/iframe><\/p>\n<p>&nbsp;<\/p>\n<h5><span style=\"text-decoration: underline; color: #ff0000;\"><strong><em>ENCADREMENT ET COACHS :<\/em><\/strong><\/span><\/h5>\n<p style=\"text-align: left; padding-left: 40px;\">Le groupe s&#8217;auto-coach, dans un esprit de camaraderie; le but \u00e9tant de se faire plaisir.<\/p>\n<p>&nbsp;<\/p>\n<h5><strong><em><span style=\"color: #ff0000; text-decoration: underline;\">COMPETITIONS, CADRE D&#8217;EVOLUTION :<\/span><\/em><\/strong><\/h5>\n<p style=\"text-align: start; padding-left: 40px;\"><span style=\"color: #000000;\">Les Seniors Loisirs \u00e0 XV participent \u00e0 des rencontres d\u00e9partementales, un jeudi soir par mois.<\/span><\/p>\n<p style=\"padding-left: 40px;\">Les matchs seront connus \u00e0 la r\u00e9union annuel des \u00e9quipes loisirs, au mois de septembre.<\/p>\n<p style=\"padding-left: 40px;\">Les d\u00e9placements se font en minibus et covoiturage. d\u00e9placement en bus pour les phases finales, si qualification.<\/p>\n<p>&nbsp;<\/p>\n<h5><span style=\"color: #ff0000;\"><em><strong><span style=\"text-decoration: underline;\">REFERENTS SPORTIFS ET ET ADMINISTRATIVES 2022\/2023 :<\/span><\/strong><\/em><\/span><\/h5>\n<p>Seniors Loisirs\u00a0 \u00a0 \u00a0 \u00a0 \u00a0 \u00a0 \u00a0 \u00a0 \u00a0 \u00a0 \u00a0 :\u00a0 Michael THOUN &#8211; 06 13 11 32 51 &#8211; loisirs@ovaledeloire-amboise-rugby.fr<\/p>\n<p>.\u00a0 \u00a0 \u00a0 \u00a0 \u00a0 \u00a0 \u00a0 \u00a0 \u00a0 \u00a0 \u00a0 \u00a0 \u00a0 \u00a0 \u00a0 \u00a0 \u00a0 \u00a0 \u00a0 \u00a0 \u00a0 \u00a0 \u00a0 \u00a0 \u00a0 : Sylvain COSSONNET &#8211; 06 67 47 46 50 &#8211; loisirs@ovaledeloire-amboise-rugby.fr<\/p>\n<p>Pr\u00e9sident du club\u00a0 \u00a0 \u00a0 \u00a0 \u00a0 \u00a0 \u00a0 \u00a0 \u00a0:\u00a0 Cyril LEBOURL\u00c8S &#8211; 06 95 57 75 42 &#8211; president@ovaledeloire-amboise-rugby.fr<\/p>\n<p>Secr\u00e9tariat du club\u00a0 \u00a0 \u00a0 \u00a0 \u00a0 \u00a0 \u00a0 :\u00a0 Magali RAGUENEAU &#8211; 06 09 30 55 48 &#8211; secretariat@ovaledeloire-amboise-rugby.fr<\/p>\n<p>&nbsp;<\/p>\n<p>&nbsp;<\/p>\n<p style=\"text-align: center;\">\n","protected":false},"excerpt":{"rendered":"<p>Les Loisirs de l&#8217;Ovale de Loire Amboise Rugby, dit &#8220;Les Vendanges Tardives&#8221; \u00e9voluent \u00e0 XV, sur un grand terrain.Cat\u00e9gorie mixte, les gar\u00e7ons et les filles \u00e9voluant dans cette cat\u00e9gorie doivent avoir 18 ans.Ils participent \u00e0 des rencontres amicales, un jeudi soir par mois, principalement dans le d\u00e9partement d&#8217;Indre et Loire.Ils participent \u00e9galement \u00e0 des tournois [&hellip;]<\/p>\n","protected":false},"author":1,"featured_media":0,"parent":0,"menu_order":0,"comment_status":"closed","ping_status":"closed","template":"templates\/template-full-width.php","meta":[],"_links":{"self":[{"href":"https:\/\/www.ovaledeloire-amboise-rugby.fr\/index.php?rest_route=\/wp\/v2\/pages\/1650"}],"collection":[{"href":"https:\/\/www.ovaledeloire-amboise-rugby.fr\/index.php?rest_route=\/wp\/v2\/pages"}],"about":[{"href":"https:\/\/www.ovaledeloire-amboise-rugby.fr\/index.php?rest_route=\/wp\/v2\/types\/page"}],"author":[{"embeddable":true,"href":"https:\/\/www.ovaledeloire-amboise-rugby.fr\/index.php?rest_route=\/wp\/v2\/users\/1"}],"replies":[{"embeddable":true,"href":"https:\/\/www.ovaledeloire-amboise-rugby.fr\/index.php?rest_route=%2Fwp%2Fv2%2Fcomments&post=1650"}],"version-history":[{"count":7,"href":"https:\/\/www.ovaledeloire-amboise-rugby.fr\/index.php?rest_route=\/wp\/v2\/pages\/1650\/revisions"}],"predecessor-version":[{"id":4817,"href":"https:\/\/www.ovaledeloire-amboise-rugby.fr\/index.php?rest_route=\/wp\/v2\/pages\/1650\/revisions\/4817"}],"wp:attachment":[{"href":"https:\/\/www.ovaledeloire-amboise-rugby.fr\/index.php?rest_route=%2Fwp%2Fv2%2Fmedia&parent=1650"}],"curies":[{"name":"wp","href":"https:\/\/api.w.org\/{rel}","templated":true}]}}