{"id":1713,"date":"2020-04-19T21:30:48","date_gmt":"2020-04-19T19:30:48","guid":{"rendered":"http:\/\/wordpress.ovaledeloire-amboise-rugby.fr\/?page_id=1713"},"modified":"2023-07-06T22:21:49","modified_gmt":"2023-07-06T20:21:49","slug":"devenir-partenaire","status":"publish","type":"page","link":"https:\/\/www.ovaledeloire-amboise-rugby.fr\/?page_id=1713","title":{"rendered":"Devenir Partenaire"},"content":{"rendered":"<p>&nbsp;<\/p>\n<p><strong>POURQUOI ASSOCIER VOTRE ENTREPRISE A L&#8217;OVALE DE LOIRE AMBOISE RUGBY ?<\/strong><\/p>\n<p>Les valeurs sportives sont un vecteur de communication unique, aussi bien aupr\u00e8s de vos collaborateurs que de vos clients ou prospects.<br \/>\nVous \u00eates convaincus que l&#8217;Ovale de loire Amboise Rugby aura un impact \u00e0 court et \u00e0 long terme sur votre entreprise, son d\u00e9veloppement \u00e9conomique local et national.<\/p>\n<p><strong>ALORS DEVENEZ PARTENAIRE DE L&#8217;OVALE DE LOIRE AMBOISE RUGBY ET ASSOCIEZ VOTRE ENTREPRISE :<\/strong><\/p>\n<p>* Aux valeurs du rugby v\u00e9hicul\u00e9es par l&#8217;Ovale de Loire Amboise Rugby<br \/>\n* A un club Jeune, Dynamique, au d\u00e9but Glorieux et \u00e0 l\u2019avenir prometteur<br \/>\n* A des moyens de communication efficaces<br \/>\n* A un projet r\u00e9solument tourn\u00e9 vers la formation et l&#8217;humain<\/p>\n<p><strong>LES CONTATCS :<\/strong><\/p>\n<p>* Cyril LEBOURL\u00c8S : 06-95-57-75-42\u00a0 \/\u00a0 president@ovaledeloire-amboise-rugby.fr<br \/>\n* Alexandre LESIEUR : 07-88-51-57-11\u00a0 \/\u00a0 partenaires@ovaledeloire-amboise-rugby.fr<\/p>\n<p><a href=\"https:\/\/www.ovaledeloire-amboise-rugby.fr\/wp-content\/uploads\/2023\/07\/Plaquette-Partenaires-de-lOvale-de-Loire-Amboise-Rugby-2023-2024-V1.pptx\" target=\"_blank\" rel=\"noopener\"><img loading=\"lazy\" class=\"aligncenter wp-image-4536 size-large\" src=\"https:\/\/www.ovaledeloire-amboise-rugby.fr\/wp-content\/uploads\/2023\/07\/Plaquette-Partenaires-de-lOvale-de-Loire-Amboise-Rugby-2023-2024-V1-724x1024.jpg\" alt=\"\" width=\"580\" height=\"820\" srcset=\"https:\/\/www.ovaledeloire-amboise-rugby.fr\/wp-content\/uploads\/2023\/07\/Plaquette-Partenaires-de-lOvale-de-Loire-Amboise-Rugby-2023-2024-V1-724x1024.jpg 724w, https:\/\/www.ovaledeloire-amboise-rugby.fr\/wp-content\/uploads\/2023\/07\/Plaquette-Partenaires-de-lOvale-de-Loire-Amboise-Rugby-2023-2024-V1-212x300.jpg 212w, https:\/\/www.ovaledeloire-amboise-rugby.fr\/wp-content\/uploads\/2023\/07\/Plaquette-Partenaires-de-lOvale-de-Loire-Amboise-Rugby-2023-2024-V1-768x1086.jpg 768w, https:\/\/www.ovaledeloire-amboise-rugby.fr\/wp-content\/uploads\/2023\/07\/Plaquette-Partenaires-de-lOvale-de-Loire-Amboise-Rugby-2023-2024-V1.jpg 794w\" sizes=\"(max-width: 580px) 100vw, 580px\" \/><\/a><\/p>\n<p>&nbsp;<\/p>\n<p><a href=\"https:\/\/www.ovaledeloire-amboise-rugby.fr\/wp-content\/uploads\/2023\/02\/Plaquette-Partenaires-de-lOvale-de-Loire-2022-2023-20230213.pdf\" target=\"_blank\" rel=\"noopener\"><img loading=\"lazy\" class=\"wp-image-4441 size-large alignnone\" src=\"https:\/\/www.ovaledeloire-amboise-rugby.fr\/wp-content\/uploads\/2023\/02\/Plaquette-Partenaires-de-lOvale-de-Loire-Amboise-Rugby-2022-2023-V3-724x1024.jpg\" alt=\"\" width=\"580\" height=\"820\" srcset=\"https:\/\/www.ovaledeloire-amboise-rugby.fr\/wp-content\/uploads\/2023\/02\/Plaquette-Partenaires-de-lOvale-de-Loire-Amboise-Rugby-2022-2023-V3-724x1024.jpg 724w, https:\/\/www.ovaledeloire-amboise-rugby.fr\/wp-content\/uploads\/2023\/02\/Plaquette-Partenaires-de-lOvale-de-Loire-Amboise-Rugby-2022-2023-V3-212x300.jpg 212w, https:\/\/www.ovaledeloire-amboise-rugby.fr\/wp-content\/uploads\/2023\/02\/Plaquette-Partenaires-de-lOvale-de-Loire-Amboise-Rugby-2022-2023-V3-768x1086.jpg 768w, https:\/\/www.ovaledeloire-amboise-rugby.fr\/wp-content\/uploads\/2023\/02\/Plaquette-Partenaires-de-lOvale-de-Loire-Amboise-Rugby-2022-2023-V3.jpg 794w\" sizes=\"(max-width: 580px) 100vw, 580px\" \/><\/a><\/p>\n","protected":false},"excerpt":{"rendered":"<p>&nbsp; POURQUOI ASSOCIER VOTRE ENTREPRISE A L&#8217;OVALE DE LOIRE AMBOISE RUGBY ? Les valeurs sportives sont un vecteur de communication unique, aussi bien aupr\u00e8s de vos collaborateurs que de vos clients ou prospects. Vous \u00eates convaincus que l&#8217;Ovale de loire Amboise Rugby aura un impact \u00e0 court et \u00e0 long terme sur votre entreprise, son [&hellip;]<\/p>\n","protected":false},"author":1,"featured_media":0,"parent":0,"menu_order":0,"comment_status":"closed","ping_status":"closed","template":"templates\/template-full-width.php","meta":[],"_links":{"self":[{"href":"https:\/\/www.ovaledeloire-amboise-rugby.fr\/index.php?rest_route=\/wp\/v2\/pages\/1713"}],"collection":[{"href":"https:\/\/www.ovaledeloire-amboise-rugby.fr\/index.php?rest_route=\/wp\/v2\/pages"}],"about":[{"href":"https:\/\/www.ovaledeloire-amboise-rugby.fr\/index.php?rest_route=\/wp\/v2\/types\/page"}],"author":[{"embeddable":true,"href":"https:\/\/www.ovaledeloire-amboise-rugby.fr\/index.php?rest_route=\/wp\/v2\/users\/1"}],"replies":[{"embeddable":true,"href":"https:\/\/www.ovaledeloire-amboise-rugby.fr\/index.php?rest_route=%2Fwp%2Fv2%2Fcomments&post=1713"}],"version-history":[{"count":12,"href":"https:\/\/www.ovaledeloire-amboise-rugby.fr\/index.php?rest_route=\/wp\/v2\/pages\/1713\/revisions"}],"predecessor-version":[{"id":4433,"href":"https:\/\/www.ovaledeloire-amboise-rugby.fr\/index.php?rest_route=\/wp\/v2\/pages\/1713\/revisions\/4433"}],"wp:attachment":[{"href":"https:\/\/www.ovaledeloire-amboise-rugby.fr\/index.php?rest_route=%2Fwp%2Fv2%2Fmedia&parent=1713"}],"curies":[{"name":"wp","href":"https:\/\/api.w.org\/{rel}","templated":true}]}}