{"id":291,"date":"2016-08-27T16:47:19","date_gmt":"2016-08-27T14:47:19","guid":{"rendered":"http:\/\/wordpress.ovaledeloire-amboise-rugby.fr\/?page_id=291"},"modified":"2024-08-23T10:55:06","modified_gmt":"2024-08-23T08:55:06","slug":"historique","status":"publish","type":"page","link":"https:\/\/www.ovaledeloire-amboise-rugby.fr\/?page_id=291","title":{"rendered":"Palmar\u00e8s"},"content":{"rendered":"<p><span style=\"color: #000000;\">2004\u00a0: Les Seniors comp\u00e9tition, finalistes 4<sup>\u00e8me<\/sup> s\u00e9rie<\/span><\/p>\n<p><span style=\"color: #000000;\">2005\u00a0: Les Seniors comp\u00e9tition, finalistes 4<sup>\u00e8me<\/sup> s\u00e9rie<\/span><\/p>\n<p><span style=\"color: #000000;\">2008\u00a0: Les Seniors comp\u00e9tition, champion\u00a02<sup>\u00e8me<\/sup> s\u00e9rie &#8211; Bouclier<\/span><\/p>\n<p><span style=\"color: #000000;\">2010\u00a0: Les Seniors comp\u00e9tition, finalistes 1<sup>\u00e8re<\/sup> s\u00e9rie<\/span><\/p>\n<p><span style=\"color: #000000;\">2011\u00a0: Les Seniors comp\u00e9tition, champions Promotion d&#8217;Honneur &#8211; Bouclier<\/span><\/p>\n<p><span style=\"color: #000000;\">2012, Les Seniors comp\u00e9tition, finalistes Promotion d&#8217;Honneur<\/span><\/p>\n<p><span style=\"color: #000000;\">2013\u00a0: Les Seniors comp\u00e9tition, demi-finalistes Promotion d&#8217;Honneur<\/span><\/p>\n<p><span style=\"color: #000000;\">2014\u00a0: Les Seniors comp\u00e9tition, champions 1<sup>\u00e8re<\/sup> s\u00e9rie &#8211; Bouclier<\/span><\/p>\n<p><span style=\"color: #000000;\">2016\u00a0: Les Seniors comp\u00e9tition, demi-finalistes 1<sup>\u00e8re<\/sup> s\u00e9rie<\/span><\/p>\n<p><span style=\"color: #000000;\">2016\u00a0: Les U14, champions r\u00e9gionaux niveau C<\/span><\/p>\n<p><span style=\"color: #000000;\">2017 : Les U18 2\u00e8me Inter\u00e9gion Phliponneau B<\/span><\/p>\n<p><span style=\"color: #000000;\">2018 : Les U16 en 32 \u00e8me de finale du championnat de France<\/span><\/p>\n<p><span style=\"color: #000000;\">2018 : Labellisation de l&#8217;Ecole de Rugby<\/span><\/p>\n<p><span style=\"color: #000000;\">2019 : les U14 qualifi\u00e9s en championnat Grand Ouest<\/span><\/p>\n<p><span style=\"color: #000000;\">2019 : Les U16 qualifi\u00e9s en championnat Grand Ouest<\/span><\/p>\n<p><span style=\"color: #000000;\">2019 : Les Seniors comp\u00e9tition, finaliste 4<sup>\u00e8me<\/sup> s\u00e9rie<\/span><\/p>\n<p>2020 : Ann\u00e9e Covid<\/p>\n<p>2021 : Ann\u00e9e Covid<\/p>\n<p>2022 : <span style=\"color: #000000;\">les U10 3\u00e8me R\u00e9gional<\/span><\/p>\n<p>2022 : Les U12 6\u00e8me R\u00e9gional<\/p>\n<p>2022 : <span style=\"color: #000000;\">les U14 qualifi\u00e9s en championnat Grand Ouest<\/span><\/p>\n<p>2022 : Les U16, 1er r\u00e9gional et 2\u00e8me Grand Ouest<\/p>\n<p>2024 : Les M16, 1er r\u00e9gional \u00e0 X et 1er Grand Ouest \u00e0 X<\/p>\n<p>2024 : Les M19 1er r\u00e9gional Seven et 10\u00e8me National Seven<\/p>\n<p>2024 : les M19 demi-finaliste R2 \u00e0 XV<\/p>\n<p>2024 : les M+18 demi-finaliste R3 \u00e0 XV<\/p>\n","protected":false},"excerpt":{"rendered":"<p>2004\u00a0: Les Seniors comp\u00e9tition, finalistes 4\u00e8me s\u00e9rie 2005\u00a0: Les Seniors comp\u00e9tition, finalistes 4\u00e8me s\u00e9rie 2008\u00a0: Les Seniors comp\u00e9tition, champion\u00a02\u00e8me s\u00e9rie &#8211; Bouclier 2010\u00a0: Les Seniors comp\u00e9tition, finalistes 1\u00e8re s\u00e9rie 2011\u00a0: Les Seniors comp\u00e9tition, champions Promotion d&#8217;Honneur &#8211; Bouclier 2012, Les Seniors comp\u00e9tition, finalistes Promotion d&#8217;Honneur 2013\u00a0: Les Seniors comp\u00e9tition, demi-finalistes Promotion d&#8217;Honneur 2014\u00a0: Les Seniors [&hellip;]<\/p>\n","protected":false},"author":1,"featured_media":0,"parent":47,"menu_order":0,"comment_status":"closed","ping_status":"closed","template":"","meta":[],"_links":{"self":[{"href":"https:\/\/www.ovaledeloire-amboise-rugby.fr\/index.php?rest_route=\/wp\/v2\/pages\/291"}],"collection":[{"href":"https:\/\/www.ovaledeloire-amboise-rugby.fr\/index.php?rest_route=\/wp\/v2\/pages"}],"about":[{"href":"https:\/\/www.ovaledeloire-amboise-rugby.fr\/index.php?rest_route=\/wp\/v2\/types\/page"}],"author":[{"embeddable":true,"href":"https:\/\/www.ovaledeloire-amboise-rugby.fr\/index.php?rest_route=\/wp\/v2\/users\/1"}],"replies":[{"embeddable":true,"href":"https:\/\/www.ovaledeloire-amboise-rugby.fr\/index.php?rest_route=%2Fwp%2Fv2%2Fcomments&post=291"}],"version-history":[{"count":3,"href":"https:\/\/www.ovaledeloire-amboise-rugby.fr\/index.php?rest_route=\/wp\/v2\/pages\/291\/revisions"}],"predecessor-version":[{"id":4808,"href":"https:\/\/www.ovaledeloire-amboise-rugby.fr\/index.php?rest_route=\/wp\/v2\/pages\/291\/revisions\/4808"}],"up":[{"embeddable":true,"href":"https:\/\/www.ovaledeloire-amboise-rugby.fr\/index.php?rest_route=\/wp\/v2\/pages\/47"}],"wp:attachment":[{"href":"https:\/\/www.ovaledeloire-amboise-rugby.fr\/index.php?rest_route=%2Fwp%2Fv2%2Fmedia&parent=291"}],"curies":[{"name":"wp","href":"https:\/\/api.w.org\/{rel}","templated":true}]}}