{"id":3361,"date":"2021-08-08T12:29:01","date_gmt":"2021-08-08T10:29:01","guid":{"rendered":"http:\/\/www.ovaledeloire-amboise-rugby.fr\/?page_id=3361"},"modified":"2021-10-21T10:21:57","modified_gmt":"2021-10-21T08:21:57","slug":"categorie-u6-saison-2021-2022","status":"publish","type":"page","link":"https:\/\/www.ovaledeloire-amboise-rugby.fr\/?page_id=3361","title":{"rendered":"Cat\u00e9gories U6 et Baby Rugby &#8211; saison 2021\/2022"},"content":{"rendered":"<p>&nbsp;<\/p>\n<p>Premi\u00e8re cat\u00e9gorie de l&#8217;Ecole De Rugby de l&#8217;Ovale de Loire, l<span style=\"color: #000000;\">es enfants &#8220;filles et gar\u00e7ons&#8221;, de moins de 6 ans &#8220;d\u00e9butant&#8221;, d\u00e9couvrent le sport et le rugby.<\/span><\/p>\n<p><span style=\"color: #000000;\">Pour la saisons 2021\/2022, les petits Ovaliens, du groupe U6, doivent \u00eatre n\u00e9s en 2016 et 2017.<\/span><\/p>\n<p>l\u2019objectif prioritaire est le plaisir de la d\u00e9couverte de l\u2019activit\u00e9, son ballon, du collectif. La priorit\u00e9 est d\u2019apprendre \u00e0 conna\u00eetre son corps et \u00e0 se mouvoir. Coordonner ses gestes et transmettre le ballon dans de bonnes conditions \u00e0 ses \u00e9quipiers est le principale but des exercices ludiques, organis\u00e9s par les \u00e9ducateurs. Les enfants apprennent \u00e0 porter, ramasser, lancer le ballon, tomber avec le ballon, reconna\u00eetre son camp et aller marquer des essais.<\/p>\n<p><span style=\"color: #000000;\">Les U6 &#8220;les D\u00e9butant&#8221;, \u00e9voluent \u00e0 4 ou 6 joueurs, sur un terrain de 20 m X 10 m pour 4 joueurs, 20 m x 12 m pour 5 joueurs ou 20 m x 15 m pour 6 joueurs, avec un ballon de taille 3.<\/span><\/p>\n<p><span style=\"text-align: start; color: #000000;\">Ils participent \u00e0 plusieurs tournois des Ecoles de Rugby et des plateaux technique FFR avec les autres clubs du d\u00e9partement. En fin de saison, ils participeront \u00e0 un ou deux tournois d&#8217;ampleur r\u00e9gional.<\/span><\/p>\n<p>&nbsp;<\/p>\n<h5><span style=\"text-decoration: underline;\"><strong><em><span style=\"color: #ff0000; text-decoration: underline;\">ENTRAINEMENTS 2021\/2022 :<\/span><\/em><\/strong><\/span><\/h5>\n<p style=\"padding-left: 40px;\"><span style=\"color: #000000;\">Les entra\u00eenements ont lieu <strong><span style=\"color: #ff0000;\">au stade &#8220;Marc Li\u00e8vremont&#8221;<\/span><\/strong>, route des Montils \u00e0 Lussault sur Loire, chaque semaine, <span style=\"text-align: start; color: #000000;\"><strong><span style=\"color: #ff0000;\">le mercredi de 17h45 \u00e0 18h15, et le samedi de 14h30 \u00e0 15h00<\/span><\/strong> quand il n&#8217;y a pas de tournois<\/span>.<br style=\"text-align: start;\" \/><span style=\"text-align: start; color: #000000;\"><strong><span style=\"color: #ff0000;\">Reprise des entra\u00eenements le samedi 28\/08\/2021 \u00e0 14h30<\/span><\/strong>.<br style=\"text-align: start;\" \/><\/span><\/span><span style=\"text-align: start; color: #000000;\">Les joueurs et joueuse doivent se pr\u00e9senter aux vestiaires 15 minutes avant le d\u00e9but des entra\u00eenements et pr\u00e9voir des affaire de rechange et le n\u00e9cessaire pour la douche.<\/span><br style=\"text-align: start;\" \/><span style=\"text-align: start; color: #000000;\">Les enfants doivent \u00eatre remis aux \u00e9ducateurs par un adulte au d\u00e9but de chaque entra\u00eenement. La prise en charge se fait jusqu&#8217;\u00e0 15 minutes apr\u00e8s la fin de l&#8217;entra\u00eenement. Au-del\u00e0, nous ne sommes plus responsables et l&#8217;\u00e9ducateur remettra l&#8217;enfant \u00e0 l&#8217;adulte responsable de ce dernier.<\/span><\/p>\n<p style=\"padding-left: 40px;\"><span style=\"color: #000000;\">Un go\u00fbter est offert tous les samedis apr\u00e8s l\u2019entra\u00eenement du samedi. Les parents d\u00e9sirant participer \u00e0 la pr\u00e9paration et \u00e0 la distribution du go\u00fbter seront les bienvenus.<\/span><\/p>\n<p>&nbsp;<\/p>\n<h5><span style=\"text-decoration: underline;\"><strong><em><span style=\"color: #ff0000; text-decoration: underline;\">ENCADREMENT ET EDUCATEURS 2021\/2022 :<\/span><\/em><\/strong><\/span><\/h5>\n<p style=\"padding-left: 40px;\"><span style=\"color: #000000;\">.<\/span><\/p>\n<h5><span style=\"text-decoration: underline;\"><strong><em><span style=\"color: #ff0000; text-decoration: underline;\">LE GROUPE 2021\/2022 :<\/span><\/em><\/strong><\/span><\/h5>\n<p style=\"padding-left: 40px;\"><span style=\"color: #000000;\">A ce jour l&#8217;effectif des U6 Ovalien, pour la saison 2021\/2022, est potentiellement de 10 joueurs et joueuses.<\/span><br style=\"text-align: start;\" \/><span style=\"text-align: start; color: #000000;\"><span style=\"color: #000000;\">Joueurs et joueuses de 2016 (deuxi\u00e8me ann\u00e9e U6) :<br style=\"text-align: start;\" \/><\/span><\/span><span style=\"color: #000000;\">.<\/span><br style=\"text-align: start;\" \/><span style=\"text-align: start; color: #000000;\"><span style=\"color: #000000;\">Joueurs et joueuses de 2017 (Baby rugby, premi\u00e8re ann\u00e9e U6) :<br style=\"text-align: start;\" \/><\/span>.<\/span><\/p>\n<p>&nbsp;<\/p>\n<h5><span style=\"text-decoration: underline;\"><strong><em><span style=\"color: #ff0000; text-decoration: underline;\">TOURNOIS ET JOURNEES TECHNIQUES 2021\/2022 :<\/span><\/em><\/strong><\/span><\/h5>\n<p style=\"padding-left: 30px; text-align: justify;\"><span style=\"color: #000000;\">Tout au long de la saison, il y aura des tournois EDR d\u00e9partementaux et des journ\u00e9es techniques inter-club, un samedi toute les six semaines. Le calendrier sera connu et communiqu\u00e9 courant septembre et courant janvier.<\/span><\/p>\n<ul>\n<li><span style=\"color: #000000;\"><strong>28\/08\/2021<\/strong> : 14h30, Reprise des entra\u00eenements EDR, U6, U8, U10, U12, au stade Marc Li\u00e8vremont \u00e0 Lussault-sur-Loire\u00a0<\/span><\/li>\n<li><span style=\"color: #000000;\"><strong>du 11\/09\/2021 au 19\/09\/2021<\/strong>\u00a0: Semaine nationale des \u00e9coles de rugby<\/span><\/li>\n<li><span style=\"color: #000000;\"><strong>11\/09\/2021<\/strong>\u00a0: 14h00, Journ\u00e9e des copains, et en soir\u00e9e la f\u00eate des copains, au stade Marc Li\u00e8vremont \u00e0 Lussault-sur-Loire<\/span><\/li>\n<li><span style=\"color: #000000;\"><strong>25\/09\/2021<\/strong> : Plateau JCO \/ U12 le Matin et U14, F15 l&#8217;apr\u00e8s midi, \u00e0 Jou\u00e9-l\u00e8s-Tours (d\u00e9tections d\u00e9partementales)<\/span><\/li>\n<li><span style=\"color: #000000;\"><strong>02\/10\/2021<\/strong> : Atelier 1 FFR, U6, U8, U10, U12, \u00e0 Loches<\/span><\/li>\n<li><span style=\"color: #000000;\"><strong>09\/10\/2021<\/strong> : Plateau JCO \/ U12 le Matin et U14, F15 l&#8217;apr\u00e8s midi, \u00e0 Tours, la Chambrerie (d\u00e9tections d\u00e9partementales)<\/span><\/li>\n<li><strong>09\/10\/2021<\/strong> : Plateau d\u00e9partemental, U6, U8, U10, \u00e0 Esvre<\/li>\n<li><del><span style=\"color: #000000;\"><strong>16\/10\/2020<\/strong> : Challenge Rober BEBIEN, U8, U10, U12 \u00e0 Jou\u00e9-l\u00e8s-Tours<\/span><\/del><\/li>\n<li><del><span style=\"color: #000000;\"><strong>16\/10\/2020<\/strong> : CPA (Arbitrage U12), au challenge Rober BEBIEN, \u00e0 Jou\u00e9-l\u00e8s-Tours, entre 12h00 et 14h00<\/span><\/del><\/li>\n<li><strong>16\/10\/2020<\/strong>\u00a0: Tournoi U6, U8, U10, U12 \u00e0 Loches<\/li>\n<li><del><span style=\"color: #000000;\"><strong>en octobre 2021<\/strong>\u00a0: Journ\u00e9es Coh\u00e9sion et pr\u00e9paration EDR, U6, U8, U10, U12, au stade Marc Li\u00e8vremont, \u00e0 Lussault-sur-Loire,<\/span><\/del><\/li>\n<li><span style=\"color: #000000;\"><strong>13\/11\/2021<\/strong> : Atelier 2 FFR, U6, U8, U10, U12, \u00e0 Saint-Pierre-des-Corps ou \u00e0 Jou\u00e9-l\u00e8s-Tours<\/span><\/li>\n<li><span style=\"color: #000000;\"><strong>20\/11\/2021<\/strong> : Plateau d\u00e9partemental, U6, U8, U10, U12,\u00a0 \u00e0 l&#8217;Ovale de Loire ou \u00e0 Langeais<\/span><\/li>\n<li><span style=\"color: #000000;\"><strong>04\/12\/2021<\/strong> : Plateau d\u00e9partemental, U6, U8, U10, U12,\u00a0 \u00e0 Loches ou Tours<\/span><\/li>\n<li><span style=\"color: #000000;\"><strong>18\/12\/2021<\/strong>\u00a0: No\u00ebl de l&#8217;EDR de l&#8217;Ovale de Loire (apr\u00e8s l&#8217;entra\u00eenement, \u00e0 la salle des f\u00eates de ???) <strong><span style=\"color: #ff0000;\">date et lieux \u00e0 confirmer<\/span><\/strong><\/span><\/li>\n<li><span style=\"color: #000000;\"><strong>07\/01\/2022<\/strong> : Voeux et Galette du Club, (\u00e0 la salle des f\u00eates de Lussault-sur-Loire) <strong><span style=\"color: #ff0000;\">date et lieux \u00e0 confirmer<\/span><\/strong><\/span><\/li>\n<li><span style=\"color: #000000;\"><strong>15\/01\/2022<\/strong> : Atelier 3 FFR, U6, U8, U10, U12, \u00e0 Esvres-sur-Indre ou \u00e0 Langeais<\/span><\/li>\n<li><span style=\"color: #000000;\"><strong>22\/01\/2022<\/strong> : Plateau d\u00e9partemental, U6, U8, U10, U12, \u00e0 Chinon ou \u00e0 Jou\u00e9-l\u00e8s-Tours<\/span><\/li>\n<li><span style=\"color: #000000;\"><strong>05\/02\/2022<\/strong> : Plateau d\u00e9partemental, U6, U8, U10, U12, \u00e0 ???<\/span><\/li>\n<li><span style=\"color: #000000;\"><strong>12\/03\/2022<\/strong>\u00a0: Plateau d\u00e9partemental, U6, U8, U10, U12, \u00e0 ???<\/span><\/li>\n<li><span style=\"color: #000000;\"><strong>19\/03\/2022<\/strong> : Atelier 4 FFR, U6, U8, U10, U12, \u00e0 ???<\/span><\/li>\n<li><span style=\"color: #000000;\"><strong>26\/03\/2022<\/strong> : Plateau d\u00e9partemental, U6, U8, U10, U12, \u00e0 ???<\/span><\/li>\n<li><span style=\"color: #000000;\"><strong>02\/04\/2022<\/strong> : Tournoi &#8211; Finales D\u00e9partementales EDR, U6, U8, U10, U12, \u00e0 Sainte-Maure-de-Touraine<\/span><\/li>\n<li><strong>03\/04\/2022<\/strong>\u00a0: Plateau d\u00e9partemental, U6, U8, U10, U12, \u00e0 ???<\/li>\n<li><span style=\"color: #000000;\"><strong>Aux vacances de mars\/avril 2022<\/strong> : Stages EDR, U6, U8, U10, U12, au stade Marc Li\u00e8vremont, \u00e0 Lussault-sur-Loire, date et lieux \u00e0 confirmer<\/span><\/li>\n<li><span style=\"color: #000000;\"><strong>30\/04\/2022<\/strong> : Tournoi &#8211; Finales R\u00e9gionales EDR, U6, U8, U10, U12, \u00e0 Lamotte-Beuvron<\/span><\/li>\n<li><span style=\"color: #000000;\"><strong>08\/05\/2022<\/strong> : Tournoi &#8220;Festy Rugby&#8221;, U6, U8, U10, U12, \u00e0 Lamotte-Beuvron<\/span><\/li>\n<li><span style=\"color: #000000;\"><strong>14\/05\/2022<\/strong> : Tournoi &#8220;Marco&#8221;, U8, U10, U12, \u00e0 Loches<\/span><\/li>\n<li><strong>21-22\/05\/2022<\/strong>\u00a0: Challenge &#8220;Lamarre&#8221;, U6, U8, U10, U12, \u00e0 Tours<\/li>\n<li><span style=\"color: #000000;\"><strong>26\/05\/2022<\/strong> : Tournoi &#8220;Raymond Bourdon&#8221;, U6, U8, U10, U12, U14, \u00e0 Chinon<\/span><\/li>\n<li><span style=\"color: #000000;\"><strong>05\/06\/2022<\/strong>\u00a0: Tournoi de la &#8220;Loco&#8221;, U12, U14, \u00e0 St-Pierre-des-Corps<\/span><\/li>\n<li><strong>11\/06\/2022<\/strong>\u00a0: Challenge &#8220;Bertrand BRUN&#8221;, U8, U10 et U12, \u00e0 Esvres-sur-Indre<\/li>\n<li><strong>18\/06\/2022<\/strong>\u00a0: Challenge &#8220;PPRS&#8221;, U8, U10, U12, \u00e0 Langeais<\/li>\n<li><span style=\"color: #000000;\"><strong>25\/06\/2022<\/strong> : F\u00eate du Club, au stade Marc Li\u00e8vremont, \u00e0 Lussault-sur-Loire, <strong><span style=\"color: #ff0000;\">date et lieux \u00e0 confirmer<\/span><\/strong><\/span><\/li>\n<\/ul>\n<p>&nbsp;<\/p>\n<h5><span style=\"color: #ff0000;\"><em><strong><span style=\"text-decoration: underline;\">REFERENTS SPORTIFS ET ET ADMINISTRATIVES<\/span> :<\/strong><\/em><\/span><\/h5>\n<p>Responsable de l&#8217;EDR\u00a0 \u00a0:\u00a0 Nicolas BIDAULT &#8211; 06 28 20 32 78 &#8211; ecolederugby@ovaledeloire-amboise-rugby.fr<\/p>\n<p>R\u00e9f\u00e9rent U18\u00a0 \u00a0 \u00a0 \u00a0 \u00a0 \u00a0 \u00a0 \u00a0 \u00a0:\u00a0 Sylvain COSSONNET &#8211; 06 67 47 46 50 &#8211; ecolederugby@ovaledeloire-amboise-rugby.fr<\/p>\n<p>Secr\u00e9tariat de l&#8217;EDR\u00a0 \u00a0 \u00a0 :\u00a0 C\u00e9line GAILLOT &#8211; 06 24 02 29 26 &#8211; ecolederugby@ovaledeloire-amboise-rugby.fr<\/p>\n<p>.\u00a0 \u00a0 \u00a0 \u00a0 \u00a0 \u00a0 \u00a0 \u00a0 \u00a0 \u00a0 \u00a0 \u00a0 \u00a0 \u00a0 \u00a0 \u00a0 \u00a0 \u00a0 \u00a0:\u00a0 Germaine BALAY &#8211; 06 80 68 50 39 &#8211; ecolederugby@ovaledeloire-amboise-rugby.fr<\/p>\n<p>.\u00a0 \u00a0 \u00a0 \u00a0 \u00a0 \u00a0 \u00a0 \u00a0 \u00a0 \u00a0 \u00a0 \u00a0 \u00a0 \u00a0 \u00a0 \u00a0 \u00a0 \u00a0 \u00a0:\u00a0 Nad\u00e8ge ALEPEE &#8211; 06 31 74 95 33 &#8211;\u00a0ecolederugby@ovaledeloire-amboise-rugby.fr<\/p>\n<p>Pr\u00e9sident du club\u00a0 \u00a0 \u00a0 \u00a0 \u00a0 :\u00a0 Cyril LEBOURL\u00c8S &#8211; 06 95 57 75 42 &#8211; president@ovaledeloire-amboise-rugby.fr<\/p>\n<p>Secr\u00e9tariat du club\u00a0 \u00a0 \u00a0 \u00a0 :\u00a0 St\u00e9phanie FACHE &#8211; 06 82 08 81 14 &#8211; secretariat@ovaledeloire-amboise-rugby.fr<\/p>\n<p>&nbsp;<\/p>\n<p>Au cours de la saison, les informations vous seront communiqu\u00e9es par mail et via l&#8217;application SportEasy<\/p>\n<p>&nbsp;<\/p>\n<p style=\"text-align: center;\">\n","protected":false},"excerpt":{"rendered":"<p>&nbsp; Premi\u00e8re cat\u00e9gorie de l&#8217;Ecole De Rugby de l&#8217;Ovale de Loire, les enfants &#8220;filles et gar\u00e7ons&#8221;, de moins de 6 ans &#8220;d\u00e9butant&#8221;, d\u00e9couvrent le sport et le rugby. Pour la saisons 2021\/2022, les petits Ovaliens, du groupe U6, doivent \u00eatre n\u00e9s en 2016 et 2017. l\u2019objectif prioritaire est le plaisir de la d\u00e9couverte de l\u2019activit\u00e9, [&hellip;]<\/p>\n","protected":false},"author":2,"featured_media":0,"parent":0,"menu_order":0,"comment_status":"closed","ping_status":"closed","template":"templates\/template-full-width.php","meta":[],"_links":{"self":[{"href":"https:\/\/www.ovaledeloire-amboise-rugby.fr\/index.php?rest_route=\/wp\/v2\/pages\/3361"}],"collection":[{"href":"https:\/\/www.ovaledeloire-amboise-rugby.fr\/index.php?rest_route=\/wp\/v2\/pages"}],"about":[{"href":"https:\/\/www.ovaledeloire-amboise-rugby.fr\/index.php?rest_route=\/wp\/v2\/types\/page"}],"author":[{"embeddable":true,"href":"https:\/\/www.ovaledeloire-amboise-rugby.fr\/index.php?rest_route=\/wp\/v2\/users\/2"}],"replies":[{"embeddable":true,"href":"https:\/\/www.ovaledeloire-amboise-rugby.fr\/index.php?rest_route=%2Fwp%2Fv2%2Fcomments&post=3361"}],"version-history":[{"count":14,"href":"https:\/\/www.ovaledeloire-amboise-rugby.fr\/index.php?rest_route=\/wp\/v2\/pages\/3361\/revisions"}],"predecessor-version":[{"id":3618,"href":"https:\/\/www.ovaledeloire-amboise-rugby.fr\/index.php?rest_route=\/wp\/v2\/pages\/3361\/revisions\/3618"}],"wp:attachment":[{"href":"https:\/\/www.ovaledeloire-amboise-rugby.fr\/index.php?rest_route=%2Fwp%2Fv2%2Fmedia&parent=3361"}],"curies":[{"name":"wp","href":"https:\/\/api.w.org\/{rel}","templated":true}]}}