{"id":3870,"date":"2022-05-27T19:36:12","date_gmt":"2022-05-27T17:36:12","guid":{"rendered":"http:\/\/www.ovaledeloire-amboise-rugby.fr\/?page_id=3870"},"modified":"2022-07-17T22:07:24","modified_gmt":"2022-07-17T20:07:24","slug":"pole-jeunes-2022-2023","status":"publish","type":"page","link":"https:\/\/www.ovaledeloire-amboise-rugby.fr\/?page_id=3870","title":{"rendered":"P\u00f4le Jeunes 2022\/2023"},"content":{"rendered":"<p><img loading=\"lazy\" class=\"aligncenter wp-image-3889 size-large\" src=\"https:\/\/www.ovaledeloire-amboise-rugby.fr\/wp-content\/uploads\/2022\/06\/recrutement-2022-2033-Jeunes-M-1-1024x724.jpg\" alt=\"\" width=\"580\" height=\"410\" srcset=\"https:\/\/www.ovaledeloire-amboise-rugby.fr\/wp-content\/uploads\/2022\/06\/recrutement-2022-2033-Jeunes-M-1-1024x724.jpg 1024w, https:\/\/www.ovaledeloire-amboise-rugby.fr\/wp-content\/uploads\/2022\/06\/recrutement-2022-2033-Jeunes-M-1-300x212.jpg 300w, https:\/\/www.ovaledeloire-amboise-rugby.fr\/wp-content\/uploads\/2022\/06\/recrutement-2022-2033-Jeunes-M-1-768x543.jpg 768w, https:\/\/www.ovaledeloire-amboise-rugby.fr\/wp-content\/uploads\/2022\/06\/recrutement-2022-2033-Jeunes-M-1.jpg 1123w\" sizes=\"(max-width: 580px) 100vw, 580px\" \/><\/p>\n<p><span style=\"color: #000000;\">Les M-14 et F-15, Minimes, derni\u00e8re section de l&#8217;\u00e9cole de rugby, \u00e9voluent \u00e0 15 sur un grand terrain, font partis du p\u00f4le Jeunes depuis le mois de septembre 2021.<\/span><br style=\"text-align: start;\" \/><span style=\"text-align: start; color: #000000;\"><span style=\"color: #000000;\">Les M-16, Cadets, et les M-18, M-19, Juniors, \u00e9voluent \u00e0 15 sur un grand terrain.<\/span><\/span><\/p>\n<p><span style=\"text-align: start; color: #000000;\">Les gar\u00e7ons \u00e9voluant dans les cat\u00e9gories M-14, M-16, M-18 et M-19 doivent \u00eatre n\u00e9s en 2009\/2010 pour le Minimes, en 2007\/2008 pour les Cadets et en 2004\/2005\/2006 pour les Juniors.<\/span><br style=\"text-align: start;\" \/><span style=\"text-align: start; color: #000000;\">Ils participent un championnat r\u00e9gional \u00e0 XV, sous les couleurs de l&#8217;Ovale de Loire.<\/span><br style=\"text-align: start;\" \/><span style=\"text-align: start; color: #000000;\">Ils participent \u00e9galement \u00e0 des tournois inter-r\u00e9gionaux en fin de saison et \u00e0 un championnat \u00e0 VII en fin de saison.<\/span><\/p>\n<p><span style=\"text-align: start; color: #000000;\">Les filles \u00e9voluant dans les cat\u00e9gories F-15 et F-18 doivent \u00eatre n\u00e9s en 2008\/2009\/2010 pour les Cadettes et en 2005\/2006\/2007 pour les Juniores.<\/span><br style=\"text-align: start;\" \/><span style=\"text-align: start; color: #000000;\">Elles participent un championnat r\u00e9gional \u00e0 XV, avec les M-14, pour les cadettes, sous les couleurs de l&#8217;Ovale de Loire.<br style=\"text-align: start;\" \/>Les Juniores participeront un championnat r\u00e9gional \u00e0 X, la saison prochaine, sous les couleurs de l&#8217;Ovale de Loire, ou en entente.<br style=\"text-align: start;\" \/>Elles participent \u00e9galement \u00e0 des tournois inter-r\u00e9gionaux en fin de saison en fin de saison.<\/span><\/p>\n<h5><em style=\"color: #ff0000;\"><strong><span style=\"text-decoration: underline;\">INFOS PRATIQUES ET ADMINISTRATIVES<\/span> :<\/strong><\/em><\/h5>\n<p><img loading=\"lazy\" class=\"aligncenter wp-image-3876 size-full\" src=\"https:\/\/www.ovaledeloire-amboise-rugby.fr\/wp-content\/uploads\/2022\/05\/Image-Presentation-DEMBAUWIAK-Stephane-Responsable-PJ.jpg\" alt=\"\" width=\"1512\" height=\"302\" srcset=\"https:\/\/www.ovaledeloire-amboise-rugby.fr\/wp-content\/uploads\/2022\/05\/Image-Presentation-DEMBAUWIAK-Stephane-Responsable-PJ.jpg 1512w, https:\/\/www.ovaledeloire-amboise-rugby.fr\/wp-content\/uploads\/2022\/05\/Image-Presentation-DEMBAUWIAK-Stephane-Responsable-PJ-300x60.jpg 300w, https:\/\/www.ovaledeloire-amboise-rugby.fr\/wp-content\/uploads\/2022\/05\/Image-Presentation-DEMBAUWIAK-Stephane-Responsable-PJ-1024x205.jpg 1024w, https:\/\/www.ovaledeloire-amboise-rugby.fr\/wp-content\/uploads\/2022\/05\/Image-Presentation-DEMBAUWIAK-Stephane-Responsable-PJ-768x153.jpg 768w, https:\/\/www.ovaledeloire-amboise-rugby.fr\/wp-content\/uploads\/2022\/05\/Image-Presentation-DEMBAUWIAK-Stephane-Responsable-PJ-1200x240.jpg 1200w\" sizes=\"(max-width: 1512px) 100vw, 1512px\" \/><\/p>\n<p><img loading=\"lazy\" class=\"aligncenter wp-image-3877 size-full\" src=\"https:\/\/www.ovaledeloire-amboise-rugby.fr\/wp-content\/uploads\/2022\/05\/Image-Presentation-PURET-Alain-M19.jpg\" alt=\"\" width=\"1512\" height=\"302\" srcset=\"https:\/\/www.ovaledeloire-amboise-rugby.fr\/wp-content\/uploads\/2022\/05\/Image-Presentation-PURET-Alain-M19.jpg 1512w, https:\/\/www.ovaledeloire-amboise-rugby.fr\/wp-content\/uploads\/2022\/05\/Image-Presentation-PURET-Alain-M19-300x60.jpg 300w, https:\/\/www.ovaledeloire-amboise-rugby.fr\/wp-content\/uploads\/2022\/05\/Image-Presentation-PURET-Alain-M19-1024x205.jpg 1024w, https:\/\/www.ovaledeloire-amboise-rugby.fr\/wp-content\/uploads\/2022\/05\/Image-Presentation-PURET-Alain-M19-768x153.jpg 768w, https:\/\/www.ovaledeloire-amboise-rugby.fr\/wp-content\/uploads\/2022\/05\/Image-Presentation-PURET-Alain-M19-1200x240.jpg 1200w\" sizes=\"(max-width: 1512px) 100vw, 1512px\" \/><\/p>\n<p style=\"padding-left: 40px;\">.<\/p>\n<p style=\"padding-left: 40px;\">Secr\u00e9tariat P\u00f4le Jeunes\u00a0 \u00a0 \u00a0:\u00a0 Anne-C\u00e9cile DENIS &#8211; 06-83-06-46-38 &#8211; polejeunes@ovaledeloire-amboise-rugby.fr<\/p>\n<p style=\"padding-left: 40px;\">Pr\u00e9sident du Club\u00a0 \u00a0 \u00a0 \u00a0 \u00a0 \u00a0 \u00a0 \u00a0:\u00a0 Cyril LEBOURL\u00c8S &#8211; 06 95 57 75 42 &#8211; president@ovaledeloire-amboise-rugby.fr<\/p>\n<p>&nbsp;<\/p>\n<p style=\"padding-left: 40px;\">La majeur partie des informations sera communiqu\u00e9e aux licenci\u00e9s, par mail et via l&#8217;application SportEasy<\/p>\n<p>&nbsp;<\/p>\n<h5><em><span style=\"color: #ff0000;\"><strong><span style=\"text-decoration: underline;\">CALENDRIER ET PLANNING<\/span> :<\/strong><\/span><\/em><\/h5>\n<p style=\"padding-left: 40px;\"><span style=\"color: #000000;\">L\u2019Ovale de Loire participe \u00e9galement \u00e0 des \u00e9v\u00e9nements ou organise des rencontres sportives, en compl\u00e9ment des entra\u00eenements hebdomadaires.<\/span><\/p>\n<p style=\"padding-left: 40px;\"><span style=\"color: #000000;\">Les calendriers seront propos\u00e9s en septembre et en janvier.<\/span><\/p>\n<p>&nbsp;<\/p>\n<h5><span style=\"color: #ff0000;\"><em><strong><span style=\"text-decoration: underline;\">LES ENTRAINEMENTS<\/span> :<\/strong><\/em><\/span><span style=\"text-decoration: underline;\"><span style=\"color: #ff0000; text-decoration: underline;\"><em><strong><br \/>\n<\/strong><\/em><\/span><\/span><\/h5>\n<p style=\"padding-left: 40px;\"><span style=\"color: #000000;\"><span style=\"text-align: start; color: #000000;\">Les entra\u00eenements des <span style=\"color: #ff0000;\">M-14 et F-15<\/span> ont lieu <span style=\"color: #ff0000;\">au stade &#8220;Marc Li\u00e8vremont&#8221;<\/span>, route des Montils \u00e0 Lussault sur Loire, chaque semaine,\u00a0<span style=\"color: #ff0000;\">le mardi de 18h30 \u00e0 20h00, le jeudi de 18h30 \u00e0 20h00<\/span>. <span style=\"color: #ff0000;\">Reprise des entra\u00eenements le mardi 23\/08\/2022 \u00e0 18h30<\/span>.<\/span><\/span><\/p>\n<p style=\"padding-left: 40px;\"><span style=\"text-align: start; color: #000000;\"><span style=\"color: #ff0000;\"><span style=\"color: #000000;\">Les entra\u00eenements des M-16 et des M-19 ont lieu, <\/span>le mercredi et vendredi, de 19h30 \u00e0 21h00, au stade &#8220;Marc Li\u00e8vremont&#8221;<\/span>, route des Montils \u00e0 Lussault sur Loire<span style=\"color: #000000;\">. <span style=\"color: #ff0000;\">Reprise des entra\u00eenements le mercredi 24\/08\/2022 \u00e0 19h30<\/span>.<br style=\"text-align: start;\" \/><span style=\"color: #ff0000;\">Les entra\u00eenements des F-18 ont lieu, le jeudi, de 18h30 \u00e0 20h00, et le vendredi de 17h45 \u00e0 19h00, au stade &#8220;Marc Li\u00e8vremont&#8221;<\/span>, route des Montils \u00e0 Lussault sur Loire.<\/span><\/span><\/p>\n<p style=\"padding-left: 40px;\"><span style=\"color: #000000;\">Les joueurs et joueuses doivent se pr\u00e9senter aux vestiaires 15 minutes avant le d\u00e9but des entra\u00eenements et pr\u00e9voir des affaires de douche.<\/span><\/p>\n<p style=\"padding-left: 320px;\"><a href=\"https:\/\/www.ovaledeloire-amboise-rugby.fr\/?page_id=4142\" target=\"_blank\" rel=\"noopener\"><img loading=\"lazy\" class=\"aligncenter wp-image-4171 size-medium\" src=\"https:\/\/www.ovaledeloire-amboise-rugby.fr\/wp-content\/uploads\/2022\/07\/Bouton-U14-2022-2023-300x90.jpg\" alt=\"\" width=\"300\" height=\"90\" srcset=\"https:\/\/www.ovaledeloire-amboise-rugby.fr\/wp-content\/uploads\/2022\/07\/Bouton-U14-2022-2023-300x90.jpg 300w, https:\/\/www.ovaledeloire-amboise-rugby.fr\/wp-content\/uploads\/2022\/07\/Bouton-U14-2022-2023.jpg 378w\" sizes=\"(max-width: 300px) 100vw, 300px\" \/><\/a><\/p>\n<p style=\"padding-left: 320px;\"><a href=\"https:\/\/www.ovaledeloire-amboise-rugby.fr\/?page_id=4153\" target=\"_blank\" rel=\"noopener\"><img loading=\"lazy\" class=\"aligncenter wp-image-4172 size-medium\" src=\"https:\/\/www.ovaledeloire-amboise-rugby.fr\/wp-content\/uploads\/2022\/07\/Bouton-M16-2022-2023-300x90.jpg\" alt=\"\" width=\"300\" height=\"90\" srcset=\"https:\/\/www.ovaledeloire-amboise-rugby.fr\/wp-content\/uploads\/2022\/07\/Bouton-M16-2022-2023-300x90.jpg 300w, https:\/\/www.ovaledeloire-amboise-rugby.fr\/wp-content\/uploads\/2022\/07\/Bouton-M16-2022-2023.jpg 378w\" sizes=\"(max-width: 300px) 100vw, 300px\" \/><\/a><\/p>\n<p style=\"padding-left: 320px;\"><a href=\"https:\/\/www.ovaledeloire-amboise-rugby.fr\/?page_id=4134\" target=\"_blank\" rel=\"noopener\"><img loading=\"lazy\" class=\"aligncenter wp-image-4173 size-medium\" src=\"https:\/\/www.ovaledeloire-amboise-rugby.fr\/wp-content\/uploads\/2022\/07\/Bouton-F18-2022-2023-300x90.jpg\" alt=\"\" width=\"300\" height=\"90\" srcset=\"https:\/\/www.ovaledeloire-amboise-rugby.fr\/wp-content\/uploads\/2022\/07\/Bouton-F18-2022-2023-300x90.jpg 300w, https:\/\/www.ovaledeloire-amboise-rugby.fr\/wp-content\/uploads\/2022\/07\/Bouton-F18-2022-2023.jpg 378w\" sizes=\"(max-width: 300px) 100vw, 300px\" \/><\/a><\/p>\n<p style=\"padding-left: 320px;\"><a href=\"https:\/\/www.ovaledeloire-amboise-rugby.fr\/?page_id=4161\" target=\"_blank\" rel=\"noopener\"><img loading=\"lazy\" class=\"aligncenter wp-image-4174 size-medium\" src=\"https:\/\/www.ovaledeloire-amboise-rugby.fr\/wp-content\/uploads\/2022\/07\/Bouton-M19-2022-2023-300x90.jpg\" alt=\"\" width=\"300\" height=\"90\" srcset=\"https:\/\/www.ovaledeloire-amboise-rugby.fr\/wp-content\/uploads\/2022\/07\/Bouton-M19-2022-2023-300x90.jpg 300w, https:\/\/www.ovaledeloire-amboise-rugby.fr\/wp-content\/uploads\/2022\/07\/Bouton-M19-2022-2023.jpg 378w\" sizes=\"(max-width: 300px) 100vw, 300px\" \/><\/a><\/p>\n<p>&nbsp;<\/p>\n","protected":false},"excerpt":{"rendered":"<p>Les M-14 et F-15, Minimes, derni\u00e8re section de l&#8217;\u00e9cole de rugby, \u00e9voluent \u00e0 15 sur un grand terrain, font partis du p\u00f4le Jeunes depuis le mois de septembre 2021.Les M-16, Cadets, et les M-18, M-19, Juniors, \u00e9voluent \u00e0 15 sur un grand terrain. Les gar\u00e7ons \u00e9voluant dans les cat\u00e9gories M-14, M-16, M-18 et M-19 doivent [&hellip;]<\/p>\n","protected":false},"author":2,"featured_media":0,"parent":0,"menu_order":0,"comment_status":"closed","ping_status":"closed","template":"templates\/template-full-width.php","meta":[],"_links":{"self":[{"href":"https:\/\/www.ovaledeloire-amboise-rugby.fr\/index.php?rest_route=\/wp\/v2\/pages\/3870"}],"collection":[{"href":"https:\/\/www.ovaledeloire-amboise-rugby.fr\/index.php?rest_route=\/wp\/v2\/pages"}],"about":[{"href":"https:\/\/www.ovaledeloire-amboise-rugby.fr\/index.php?rest_route=\/wp\/v2\/types\/page"}],"author":[{"embeddable":true,"href":"https:\/\/www.ovaledeloire-amboise-rugby.fr\/index.php?rest_route=\/wp\/v2\/users\/2"}],"replies":[{"embeddable":true,"href":"https:\/\/www.ovaledeloire-amboise-rugby.fr\/index.php?rest_route=%2Fwp%2Fv2%2Fcomments&post=3870"}],"version-history":[{"count":9,"href":"https:\/\/www.ovaledeloire-amboise-rugby.fr\/index.php?rest_route=\/wp\/v2\/pages\/3870\/revisions"}],"predecessor-version":[{"id":4177,"href":"https:\/\/www.ovaledeloire-amboise-rugby.fr\/index.php?rest_route=\/wp\/v2\/pages\/3870\/revisions\/4177"}],"wp:attachment":[{"href":"https:\/\/www.ovaledeloire-amboise-rugby.fr\/index.php?rest_route=%2Fwp%2Fv2%2Fmedia&parent=3870"}],"curies":[{"name":"wp","href":"https:\/\/api.w.org\/{rel}","templated":true}]}}