{"id":3882,"date":"2022-06-03T13:14:33","date_gmt":"2022-06-03T11:14:33","guid":{"rendered":"http:\/\/www.ovaledeloire-amboise-rugby.fr\/?page_id=3882"},"modified":"2022-12-06T13:13:31","modified_gmt":"2022-12-06T12:13:31","slug":"seniors-competitions-2022-2023","status":"publish","type":"page","link":"https:\/\/www.ovaledeloire-amboise-rugby.fr\/?page_id=3882","title":{"rendered":"Seniors Comp\u00e9titions &#8211; 2022\/2023"},"content":{"rendered":"<p><img loading=\"lazy\" class=\"alignnone wp-image-3884 size-large\" src=\"https:\/\/www.ovaledeloire-amboise-rugby.fr\/wp-content\/uploads\/2022\/06\/recrutement-2022-2033-Seniors-5-1024x724.jpg\" alt=\"\" width=\"580\" height=\"410\" srcset=\"https:\/\/www.ovaledeloire-amboise-rugby.fr\/wp-content\/uploads\/2022\/06\/recrutement-2022-2033-Seniors-5-1024x724.jpg 1024w, https:\/\/www.ovaledeloire-amboise-rugby.fr\/wp-content\/uploads\/2022\/06\/recrutement-2022-2033-Seniors-5-300x212.jpg 300w, https:\/\/www.ovaledeloire-amboise-rugby.fr\/wp-content\/uploads\/2022\/06\/recrutement-2022-2033-Seniors-5-768x543.jpg 768w, https:\/\/www.ovaledeloire-amboise-rugby.fr\/wp-content\/uploads\/2022\/06\/recrutement-2022-2033-Seniors-5.jpg 1123w\" sizes=\"(max-width: 580px) 100vw, 580px\" \/><\/p>\n<p>&nbsp;<\/p>\n<p><span style=\"text-align: start; color: #000000;\">L&#8217;Ovale de Loire Amboise Rugby t&#8217;attend : Saison 2022\/2023.<br style=\"text-align: start;\" \/>Tu es sur l&#8217;Est de la Touraine ou tu arrive dans la r\u00e9gion. Tu joues en championnat r\u00e9gional ou tu souhaite d\u00e9buter le rugby. Surtout tu d\u00e9sir partager une aventure humaine, solidaire et haletante, avec un club et des co\u00e9quipiers soud\u00e9s, tous pr\u00e9sent pour contribuer \u00e0 tes projets de vie, sportif. L&#8217;Ovale de Loire Amboise Rugby t&#8217;ouvre ses portes, Sport, Passion, Plaisir et Camaraderie<br style=\"text-align: start;\" \/>Prend vite contact avec le pr\u00e9sident ou les Coachs :<br style=\"text-align: start;\" \/>Cyril LEBOURL\u00c8S : 06-95-57-75-42\u00a0 \/\u00a0 president@ovaledeloire-amboise-rugby.fr<br style=\"text-align: start;\" \/>Alain PURET : 06-63-36-19-09\u00a0 \/\u00a0 seniors@ovaledeloire-amboise-rugby.fr<\/span><\/p>\n<p><a href=\"https:\/\/www.ovaledeloire-amboise-rugby.fr\/?page_id=3936\" target=\"_blank\" rel=\"noopener\"><img loading=\"lazy\" class=\"aligncenter wp-image-3216 size-medium\" src=\"https:\/\/www.ovaledeloire-amboise-rugby.fr\/wp-content\/uploads\/2021\/08\/Boutons-Inscriptions-300x90.jpg\" alt=\"\" width=\"300\" height=\"90\" srcset=\"https:\/\/www.ovaledeloire-amboise-rugby.fr\/wp-content\/uploads\/2021\/08\/Boutons-Inscriptions-300x90.jpg 300w, https:\/\/www.ovaledeloire-amboise-rugby.fr\/wp-content\/uploads\/2021\/08\/Boutons-Inscriptions.jpg 378w\" sizes=\"(max-width: 300px) 100vw, 300px\" \/><\/a><\/p>\n<h5><span style=\"text-decoration: underline; color: #ff0000;\"><em><strong>ENTRAINEMENTS 2022\/2023<\/strong><\/em><\/span><span style=\"text-decoration: underline; color: #ff0000;\"><em><strong>\u00a0:<\/strong><\/em><\/span><\/h5>\n<p style=\"padding-left: 40px;\"><span style=\"color: #000000;\">Les entra\u00eenements ont lieu <strong><span style=\"color: #ff0000;\">au stade &#8220;Marc Li\u00e8vremont&#8221;<\/span><\/strong>, route des Montils \u00e0 Lussault sur Loire, chaque semaine, <span style=\"text-align: start; color: #000000;\"><strong><span style=\"color: #ff0000;\">le mercredi de 19h30 \u00e0 21h00, le vendredi de 19h30 \u00e0 21h00<\/span><\/strong><\/span>.<br style=\"text-align: start;\" \/><span style=\"text-align: start; color: #000000;\"><strong><span style=\"color: #ff0000;\">Reprise des entra\u00eenements le mercredi 24\/08\/2022 \u00e0 19h30<\/span><\/strong>.<br style=\"text-align: start;\" \/><\/span><\/span><span style=\"text-align: start; color: #000000;\">Les joueurs doivent se pr\u00e9senter aux vestiaires 15 minutes avant le d\u00e9but des entra\u00eenements et pr\u00e9voir des affaire de rechange et le n\u00e9cessaire pour la douche.<\/span><\/p>\n<p>&nbsp;<\/p>\n<h5><span style=\"text-decoration: underline; color: #ff0000;\"><strong><em>ENCADREMENT ET COACHS 2022\/2023 :<\/em><\/strong><\/span><\/h5>\n<p style=\"padding-left: 40px;\"><em><strong><span style=\"text-align: start; color: #000000;\"><span style=\"color: #000000;\">Entra\u00eeneurs<\/span><\/span><\/strong><\/em><span style=\"text-align: start; color: #000000;\"><span style=\"color: #000000;\"><em><strong>\u00a0:<\/strong><\/em><br style=\"text-align: start;\" \/>Alain PURET (R\u00e9f\u00e9rent Seniors), Sylvain CHEVALIER, Damien SIMOULIN.<br style=\"text-align: start;\" \/><\/span><\/span><span style=\"text-align: start; color: #000000;\"><span style=\"color: #000000;\"><em><strong>Encadrement<\/strong><\/em><em><strong>\u00a0:<\/strong><\/em><br style=\"text-align: start;\" \/>Francis LEDYS (Soigneur), Geoffrey PONIARD (soigneur), Tony GASTE (Intendance et administration), Cyril LEBOURL\u00c8S, J\u00e9rome BOTTIN<\/span><\/span><\/p>\n<p>&nbsp;<\/p>\n<h5><span style=\"text-decoration: underline; color: #ff0000;\"><strong><em>LE GROUPE 2022\/2023 :<\/em><\/strong><\/span><\/h5>\n<p style=\"padding-left: 40px;\">50% du groupe 2021\/2022 reste \u00e0 l&#8217;Ovale de Loire. Plusieurs nouvelles recrues vont nous rejoindre et d&#8217;autre discussion sont en cours, pour un groupe de 30 joueurs.<\/p>\n<p style=\"padding-left: 40px;\">Pr\u00e9sentation du Groupe Senior \u00e0 partir du 17 juillet 2022<\/p>\n<p>&nbsp;<\/p>\n<h5><strong><em><span style=\"color: #ff0000; text-decoration: underline;\">COMPETITIONS, CADRE D&#8217;EVOLUTION 2022\/2023 :<\/span><\/em><\/strong><\/h5>\n<p style=\"text-align: justify; padding-left: 40px;\"><span style=\"color: #000000;\">Les Seniors comp\u00e9tition\u00a0p<span style=\"text-align: start;\">articipent au championnat r\u00e9gional de s\u00e9rie, \u00e0 XV. L&#8217;objectif de la saison 2022\/2023 est de reformer un groupe pour renouer avec le succ\u00e8s et envisag\u00e9 la mont\u00e9 par la suite.<\/span><\/span><br style=\"text-align: start;\" \/><span style=\"text-align: start; color: #000000;\">Ci-dessous, la poule r\u00e9gional 3, pour la saison 2022\/2023.<\/span><\/p>\n<p style=\"text-align: center;\"><a href=\"https:\/\/www.ovaledeloire-amboise-rugby.fr\/wp-content\/uploads\/2022\/12\/Calendrier-des-M18.jpg\" target=\"_blank\" rel=\"noopener\"><img loading=\"lazy\" class=\"aligncenter wp-image-4319 size-large\" src=\"https:\/\/www.ovaledeloire-amboise-rugby.fr\/wp-content\/uploads\/2022\/12\/Calendrier-des-M18-1024x724.jpg\" alt=\"\" width=\"580\" height=\"410\" srcset=\"https:\/\/www.ovaledeloire-amboise-rugby.fr\/wp-content\/uploads\/2022\/12\/Calendrier-des-M18-1024x724.jpg 1024w, https:\/\/www.ovaledeloire-amboise-rugby.fr\/wp-content\/uploads\/2022\/12\/Calendrier-des-M18-300x212.jpg 300w, https:\/\/www.ovaledeloire-amboise-rugby.fr\/wp-content\/uploads\/2022\/12\/Calendrier-des-M18-768x543.jpg 768w, https:\/\/www.ovaledeloire-amboise-rugby.fr\/wp-content\/uploads\/2022\/12\/Calendrier-des-M18.jpg 1123w\" sizes=\"(max-width: 580px) 100vw, 580px\" \/><\/a><\/p>\n<p>&nbsp;<\/p>\n<p style=\"padding-left: 40px;\"><span style=\"text-align: start; color: #000000;\">Ils participent \u00e9galement au championnat \u00e0 VII<span style=\"color: #000000;\"><span style=\"text-align: start;\">.<\/span><\/span><br style=\"text-align: start;\" \/>En fin de saison i<\/span><span style=\"text-align: start; color: #000000;\">ls participent \u00e9galement \u00e0 des tournois inter-r\u00e9gionaux<\/span><\/p>\n<p style=\"padding-left: 40px;\">Les d\u00e9placements se font en bus ou minibus et covoiturage.<\/p>\n<h5><span style=\"color: #ff0000;\"><em><strong><span style=\"text-decoration: underline;\">REFERENTS SPORTIFS ET ADMINISTRATIFS 2022\/2023 :<\/span><\/strong><\/em><\/span><\/h5>\n<p style=\"padding-left: 40px;\">Pr\u00e9sident\u00a0 \u00a0 \u00a0 \u00a0 \u00a0 \u00a0 \u00a0 \u00a0 \u00a0 \u00a0 \u00a0 \u00a0 \u00a0 \u00a0 \u00a0 \u00a0 \u00a0 \u00a0 \u00a0 \u00a0 \u00a0 :\u00a0 Cyril LEBOURL\u00c8S\u00a0 \/\u00a0 06-95-57-75-42\u00a0 \/\u00a0 president@ovaledeloire-amboise-rugby.fr<\/p>\n<p style=\"padding-left: 40px;\">Coach\u00a0 \u00a0 \u00a0 \u00a0 \u00a0 \u00a0 \u00a0 \u00a0 \u00a0 \u00a0 \u00a0 \u00a0 \u00a0 \u00a0 \u00a0 \u00a0 \u00a0 \u00a0 \u00a0 \u00a0 \u00a0 \u00a0 \u00a0 \u00a0 \u00a0:\u00a0 <span style=\"text-align: start; color: #000000;\">Alain PURET\u00a0 \/\u00a0 06-63-36-19-09\u00a0 \/\u00a0 seniors@ovaledeloire-amboise-rugby.fr<\/span><\/p>\n<p style=\"padding-left: 40px;\">Coach Assistant\u00a0 \u00a0 \u00a0 \u00a0 \u00a0 \u00a0 \u00a0 \u00a0 \u00a0 \u00a0 \u00a0 \u00a0 \u00a0 \u00a0 \u00a0 :\u00a0 Sylvain CHEVALIER\u00a0 \/\u00a0 <span style=\"text-align: start; color: #000000;\">06-65-30-45-50\u00a0 \/\u00a0 seniors@ovaledeloire-amboise-rugby.fr<\/span><\/p>\n<p style=\"padding-left: 40px;\">Coach Assistant\u00a0 \u00a0 \u00a0 \u00a0 \u00a0 \u00a0 \u00a0 \u00a0 \u00a0 \u00a0 \u00a0 \u00a0 \u00a0 \u00a0 \u00a0 :\u00a0 Damien SIMOULIN\u00a0 \/\u00a0 06-03-53-62-77\u00a0 \/\u00a0 seniors@ovaledeloire-amboise-rugby.fr<\/p>\n<p style=\"padding-left: 40px;\">Soigneur\u00a0 \u00a0 \u00a0 \u00a0 \u00a0 \u00a0 \u00a0 \u00a0 \u00a0 \u00a0 \u00a0 \u00a0 \u00a0 \u00a0 \u00a0 \u00a0 \u00a0 \u00a0 \u00a0 \u00a0 \u00a0 \u00a0:\u00a0 Francis LEDYS\u00a0 \/\u00a0 <span style=\"color: #000000;\">seniors@ovaledeloire-amboise-rugby.fr<\/span><\/p>\n<p style=\"padding-left: 40px;\">Intendance et administratif\u00a0 \u00a0 \u00a0 \u00a0:\u00a0 Tony GASTE\u00a0 \/\u00a0 seniors@ovaledeloire-amboise-rugby.fr<\/p>\n<p style=\"padding-left: 40px;\">Secr\u00e9tariat du Club\u00a0 \u00a0 \u00a0 \u00a0 \u00a0 \u00a0 \u00a0 \u00a0 \u00a0 \u00a0 \u00a0 \u00a0:\u00a0 Magali RAGUENEAU et Chryst\u00e8le LECLERC <span style=\"text-align: start; color: #000000;\">\u00a0\/\u00a0 secr\u00e9tariat@ovaledeloire-amboise-rugby.fr<\/span><\/p>\n<p>&nbsp;<\/p>\n<p>&nbsp;<\/p>\n","protected":false},"excerpt":{"rendered":"<p>&nbsp; L&#8217;Ovale de Loire Amboise Rugby t&#8217;attend : Saison 2022\/2023.Tu es sur l&#8217;Est de la Touraine ou tu arrive dans la r\u00e9gion. Tu joues en championnat r\u00e9gional ou tu souhaite d\u00e9buter le rugby. Surtout tu d\u00e9sir partager une aventure humaine, solidaire et haletante, avec un club et des co\u00e9quipiers soud\u00e9s, tous pr\u00e9sent pour contribuer \u00e0 [&hellip;]<\/p>\n","protected":false},"author":2,"featured_media":0,"parent":0,"menu_order":0,"comment_status":"closed","ping_status":"closed","template":"templates\/template-full-width.php","meta":[],"_links":{"self":[{"href":"https:\/\/www.ovaledeloire-amboise-rugby.fr\/index.php?rest_route=\/wp\/v2\/pages\/3882"}],"collection":[{"href":"https:\/\/www.ovaledeloire-amboise-rugby.fr\/index.php?rest_route=\/wp\/v2\/pages"}],"about":[{"href":"https:\/\/www.ovaledeloire-amboise-rugby.fr\/index.php?rest_route=\/wp\/v2\/types\/page"}],"author":[{"embeddable":true,"href":"https:\/\/www.ovaledeloire-amboise-rugby.fr\/index.php?rest_route=\/wp\/v2\/users\/2"}],"replies":[{"embeddable":true,"href":"https:\/\/www.ovaledeloire-amboise-rugby.fr\/index.php?rest_route=%2Fwp%2Fv2%2Fcomments&post=3882"}],"version-history":[{"count":18,"href":"https:\/\/www.ovaledeloire-amboise-rugby.fr\/index.php?rest_route=\/wp\/v2\/pages\/3882\/revisions"}],"predecessor-version":[{"id":4325,"href":"https:\/\/www.ovaledeloire-amboise-rugby.fr\/index.php?rest_route=\/wp\/v2\/pages\/3882\/revisions\/4325"}],"wp:attachment":[{"href":"https:\/\/www.ovaledeloire-amboise-rugby.fr\/index.php?rest_route=%2Fwp%2Fv2%2Fmedia&parent=3882"}],"curies":[{"name":"wp","href":"https:\/\/api.w.org\/{rel}","templated":true}]}}