{"id":4134,"date":"2022-07-17T18:44:03","date_gmt":"2022-07-17T16:44:03","guid":{"rendered":"http:\/\/www.ovaledeloire-amboise-rugby.fr\/?page_id=4134"},"modified":"2023-03-11T08:36:16","modified_gmt":"2023-03-11T07:36:16","slug":"categorie-f18-2022-2023","status":"publish","type":"page","link":"https:\/\/www.ovaledeloire-amboise-rugby.fr\/?page_id=4134","title":{"rendered":"Cat\u00e9gorie F18 &#8211; 2022\/2023"},"content":{"rendered":"<p><a href=\"https:\/\/www.ovaledeloire-amboise-rugby.fr\/wp-content\/uploads\/2022\/07\/recrutement-2022-2033-Jeunes-F18.jpg\" target=\"_blank\" rel=\"noopener\"><img loading=\"lazy\" class=\"aligncenter wp-image-4139 size-large\" src=\"https:\/\/www.ovaledeloire-amboise-rugby.fr\/wp-content\/uploads\/2022\/07\/recrutement-2022-2033-Jeunes-F18-1024x724.jpg\" alt=\"\" width=\"580\" height=\"410\" srcset=\"https:\/\/www.ovaledeloire-amboise-rugby.fr\/wp-content\/uploads\/2022\/07\/recrutement-2022-2033-Jeunes-F18-1024x724.jpg 1024w, https:\/\/www.ovaledeloire-amboise-rugby.fr\/wp-content\/uploads\/2022\/07\/recrutement-2022-2033-Jeunes-F18-300x212.jpg 300w, https:\/\/www.ovaledeloire-amboise-rugby.fr\/wp-content\/uploads\/2022\/07\/recrutement-2022-2033-Jeunes-F18-768x543.jpg 768w, https:\/\/www.ovaledeloire-amboise-rugby.fr\/wp-content\/uploads\/2022\/07\/recrutement-2022-2033-Jeunes-F18.jpg 1123w\" sizes=\"(max-width: 580px) 100vw, 580px\" \/><\/a><\/p>\n<p><span style=\"text-align: start; color: #000000;\">Les Filles \u00e9voluant dans cette cat\u00e9gorie doivent \u00eatre n\u00e9s en 2005, 2006 et 2007.<\/span><br style=\"text-align: start;\" \/><span style=\"text-align: start; color: #000000;\">Pour la saison 2022\/2023, Les jeunes serront engag\u00e9es en championnat r\u00e9gional \u00e0 X, sous les couleurs de l&#8217;Ovale de Loire (voir en entente avec un autre club).<\/span><br style=\"text-align: start;\" \/><span style=\"text-align: start; color: #000000;\">Elles participerons \u00e0 des matchs amicaux en cours de saison et \u00e0 des tournois inter-r\u00e9gionaux en fin de saison.<\/span><\/p>\n<p><span style=\"color: #000000;\"><span style=\"text-align: start; color: #000000;\">Elles jouent avec un ballon de taille 4<\/span><span style=\"text-align: start; color: #000000;\">.<\/span><br style=\"text-align: start;\" \/><span style=\"text-align: start; color: #000000;\">Ces Jeunes Ovaliennes poursuivent l&#8217;apprentissage en travaillant la technique individuel et en assimilant le plan de jeu.<\/span><br style=\"text-align: start;\" \/><span style=\"text-align: start; color: #000000;\">Toujours dans le respect et la bonne humeur, ces comp\u00e9titrices en herbe vont acqu\u00e9rir technique, compr\u00e9hension de jeu et application des r\u00e8gles.<br style=\"text-align: start;\" \/><\/span><\/span><\/p>\n<p><span style=\"color: #000000;\">Les F18 de l&#8217;Ovale de Loire pratiquent le jeu \u00e0 X sur grand terrain.<\/span><span style=\"text-align: start; color: #000000;\"><br style=\"text-align: start;\" \/><\/span><\/p>\n<p><span style=\"text-align: start; color: #000000;\">Ils participent au championnat r\u00e9gional tout au long de la saison, le samedi, et des tournois inter-r\u00e9gionaux en fin de saison.<\/span><\/p>\n<p>&nbsp;<\/p>\n<h2><span style=\"color: #ff0000;\"><em><strong><span style=\"text-decoration: underline;\">SAISON 2022\/2023<\/span>\u00a0:<\/strong><\/em><\/span><\/h2>\n<p>&nbsp;<\/p>\n<h5><span style=\"text-decoration: underline;\"><strong><em><span style=\"color: #ff0000; text-decoration: underline;\">LES ENTRAINEMENTS 2022\/2023 :<\/span><\/em><\/strong><\/span><\/h5>\n<p style=\"padding-left: 40px;\"><span style=\"color: #000000;\">Les entra\u00eenements ont lieu <strong><span style=\"color: #ff0000;\">au stade &#8220;Marc Li\u00e8vremont&#8221;<\/span><\/strong>, route des Montils \u00e0 Lussault sur Loire, chaque semaine, <span style=\"text-align: start; color: #000000;\"><strong><span style=\"color: #ff0000;\">le jeudi de 18h30 \u00e0 20h00 et le vendredi de 17h45 \u00e0 19h00<\/span><\/strong><\/span>.<br style=\"text-align: start;\" \/><span style=\"text-align: start; color: #000000;\"><strong><span style=\"color: #ff0000;\">Reprise des entra\u00eenements le vendredi 01\/08\/2022 \u00e0 17h45<\/span><\/strong>.<br style=\"text-align: start;\" \/><\/span><\/span><span style=\"text-align: start; color: #000000;\">Les joueuse doivent se pr\u00e9senter aux vestiaires 15 minutes avant le d\u00e9but des entra\u00eenements et pr\u00e9voir des affaire de rechange et le n\u00e9cessaire pour la douche.<\/span><br style=\"text-align: start;\" \/><span style=\"text-align: start; color: #000000;\">Les enfants doivent \u00eatre remis aux \u00e9ducateurs par un adulte au d\u00e9but de chaque entra\u00eenement. La prise en charge se fait jusqu&#8217;\u00e0 15 minutes apr\u00e8s la fin de l&#8217;entra\u00eenement. Au-del\u00e0, nous ne sommes plus responsables et l&#8217;\u00e9ducateur remettra l&#8217;enfant \u00e0 l&#8217;adulte responsable de ce dernier.<\/span><\/p>\n<p>&nbsp;<\/p>\n<h5><span style=\"text-decoration: underline;\"><strong><em><span style=\"color: #ff0000; text-decoration: underline;\">LES EDUCATEURS ET L&#8217;ENCADREMENT 2022\/2023 :<\/span><\/em><\/strong><\/span><\/h5>\n<p style=\"text-align: left; padding-left: 40px;\">Deux \u00e0 trois \u00e9ducateurs sont d\u00e9di\u00e9s \u00e0 l&#8217;encadrement et \u00e0 l&#8217;apprentissage des jeunes Ovaliennes. UN \u00e0 deux de ces \u00e9ducateurs sont d\u00e9tenteur d&#8217;un brevet f\u00e9d\u00e9ral, d\u00e9cern\u00e9 par la f\u00e9d\u00e9ration fran\u00e7aise de rugby, apr\u00e8s une formation d&#8217;un an.<br style=\"text-align: start;\" \/><span style=\"text-align: start; color: #000000;\">Les b\u00e9n\u00e9voles du p\u00f4le jeunes sont pr\u00e9sents pour assurer l&#8217;intendance et l&#8217;organisation des \u00e9v\u00e9nements de nos petits joueurs et joueuse (licences, lavage et pr\u00e9paration des maillots, &#8230;).<\/span><br style=\"text-align: start;\" \/><span style=\"text-align: start; color: #000000;\">Chaque saison nous sollicitons les parents pour aider les b\u00e9n\u00e9voles du p\u00f4le jeunes, et participer \u00e0 l&#8217;\u00e9volution du p\u00f4le jeunes et de leurs enfants. Vous serez donc les bien venus et nous vous attendons<\/span><span style=\"text-align: start; color: #000000;\">.<\/span><\/p>\n<p style=\"padding-left: 40px;\">Chacune de nos cat\u00e9gories est manag\u00e9e par deux ou trois b\u00e9n\u00e9voles avec,\u00a0au\u00a0minimum, deux \u00e9ducateurs dipl\u00f4m\u00e9s F.F.R. par cat\u00e9gorie.<\/p>\n<p style=\"padding-left: 40px;\">Cat\u00e9gories F18 : entra\u00een\u00e9es et encadr\u00e9es par Arthur SCOTTO DI ROSATO, Nathan FERNANDES, St\u00e9phane PEGUET BORDESSOUL, Nathalie BERARD, \u2026<\/p>\n<p>&nbsp;<\/p>\n<h5><span style=\"text-decoration: underline;\"><strong><em><span style=\"color: #ff0000; text-decoration: underline;\">LE GROUPE 2022\/2023 :<\/span><\/em><\/strong><\/span><\/h5>\n<p style=\"padding-left: 40px;\"><span style=\"color: #000000;\">A ce jour l&#8217;effectif des U18 Ovaliennes, pour la saison 2022\/2023, est potentiellement de 12 joueuses.<br style=\"text-align: start;\" \/><span style=\"text-align: start; color: #000000;\">Joueuses de 2005 (Troisi\u00e8me ann\u00e9e F18) :<br style=\"text-align: start;\" \/><\/span>.<span style=\"text-align: start; color: #000000;\"><br style=\"text-align: start;\" \/><\/span><\/span><span style=\"color: #000000;\"><span style=\"text-align: start; color: #000000;\">Joueuses de 2006 (Deuxi\u00e8me ann\u00e9e F18) :<br style=\"text-align: start;\" \/><\/span>.<br style=\"text-align: start;\" \/><span style=\"text-align: start; color: #000000;\">Joueuses de 2007 (Premi\u00e8re ann\u00e9e F18) :<br style=\"text-align: start;\" \/>.<\/span><\/span><\/p>\n<p>&nbsp;<\/p>\n<h5><span style=\"text-decoration: underline;\"><strong><em><span style=\"color: #ff0000; text-decoration: underline;\">LE CHAMPIONNAT, LES TOURNOIS ET JOURNEES TECHNIQUES 2022\/2023 :<\/span><\/em><\/strong><\/span><\/h5>\n<p style=\"text-align: justify;\"><span style=\"color: #000000;\"><img loading=\"lazy\" class=\"size-medium wp-image-3630 alignleft\" src=\"https:\/\/www.ovaledeloire-amboise-rugby.fr\/wp-content\/uploads\/2021\/10\/DSC_0055-134x300.jpg\" alt=\"\" width=\"134\" height=\"300\" srcset=\"https:\/\/www.ovaledeloire-amboise-rugby.fr\/wp-content\/uploads\/2021\/10\/DSC_0055-134x300.jpg 134w, https:\/\/www.ovaledeloire-amboise-rugby.fr\/wp-content\/uploads\/2021\/10\/DSC_0055.jpg 347w\" sizes=\"(max-width: 134px) 100vw, 134px\" \/> <\/span><\/p>\n<p>&nbsp;<\/p>\n<p>&nbsp;<\/p>\n<p style=\"text-align: justify;\"><span style=\"color: #000000;\">Les F18 seront engag\u00e9s, pour la saison 2022\/2023, en championnat r\u00e9gionale, <span style=\"text-align: start;\">\u00e0 X, sous les couleurs de l&#8217;Ovale de Loire (voir en entente avec un autre club).<\/span><\/span><br style=\"text-align: start;\" \/><span style=\"text-align: start; color: #000000;\">Elles participerons \u00e0 des tournois inter-r\u00e9gionaux en fin de saison.<\/span><\/p>\n<p>&nbsp;<\/p>\n<p>&nbsp;<\/p>\n<ul>\n<li style=\"list-style-type: none;\">\n<ul>\n<li><strong>17\/09\/2022<\/strong> : Open &#8211; Journ\u00e9e clubs en commun<\/li>\n<li><span style=\"color: #000000;\"><strong>17\/09\/2022<\/strong>\u00a0: 14h00, Journ\u00e9e des copains, et en soir\u00e9e la f\u00eate des copains, au stade Marc Li\u00e8vremont \u00e0 Lussault-sur-Loire<\/span><\/li>\n<li><span style=\"color: #000000;\"><strong>24\/09\/2022<\/strong> : Championnat R\u00e9gional \u00e0 X<\/span><\/li>\n<li><span style=\"color: #000000;\"><strong>01\/10\/2022<\/strong> : Open &#8211; Journ\u00e9e clubs en commun<\/span><\/li>\n<li><span style=\"color: #000000;\"><strong>08\/10\/2022<\/strong> : Championnat R\u00e9gional \u00e0 X<\/span><\/li>\n<li><strong>15\/10\/2022<\/strong> : Championnat R\u00e9gional \u00e0 X<\/li>\n<li><span style=\"color: #000000;\"><strong>22\/10\/2022<\/strong> : S\u00e9lections d\u00e9partementales \u00e0 XV<\/span><\/li>\n<li><strong>12\/11\/2022<\/strong> : C<span style=\"color: #000000;\">hampionnat R\u00e9gional \u00e0 X<\/span><\/li>\n<li><strong>19\/11\/2022<\/strong> : C<span style=\"color: #000000;\">hampionnat R\u00e9gional Seven<\/span><\/li>\n<li><span style=\"color: #000000;\"><strong>03\/12\/2022<\/strong> : Championnat R\u00e9gional \u00e0 X<\/span><\/li>\n<li><strong>10\/12\/2022<\/strong> : C<span style=\"color: #000000;\">hampionnat R\u00e9gional Seven<\/span><\/li>\n<li><span style=\"color: #000000;\"><strong>17\/12\/2022<\/strong> : S\u00e9lections d\u00e9partementales \u00e0 XV<\/span><\/li>\n<li><span style=\"color: #000000;\"><strong>07\/01\/2023<\/strong>\u00a0: Voeux et Galette du Club, (\u00e0 la salle des f\u00eates de Lussault-sur-Loire) <strong><span style=\"color: #ff0000;\">date et lieux \u00e0 confirmer<\/span><\/strong><\/span><\/li>\n<li><strong>07\/01\/2023<\/strong>\u00a0: C<span style=\"color: #000000;\">hampionnat R\u00e9gional \u00e0 X<\/span><\/li>\n<li><strong>04\/02\/2023<\/strong>\u00a0: C<span style=\"color: #000000;\">hampionnat R\u00e9gional \u00e0 X<\/span><\/li>\n<li><span style=\"color: #000000;\"><strong>11\/02\/2023<\/strong> : S\u00e9lections d\u00e9partementales \u00e0 XV<\/span><\/li>\n<li><strong>11\/03\/2023<\/strong>\u00a0: C<span style=\"color: #000000;\">hampionnat R\u00e9gional \u00e0 <\/span><span style=\"color: #000000;\">X<\/span><\/li>\n<li><strong>01\/04\/2023<\/strong>\u00a0: C<span style=\"color: #000000;\">hampionnat R\u00e9gional \u00e0 X<\/span><\/li>\n<li><strong>15\/04\/2023<\/strong> : S\u00e9lections d\u00e9partementales<span style=\"color: #000000;\"> \u00e0 XV<\/span><\/li>\n<li><strong>06\/05\/2023<\/strong> : Open \/ Championnat R\u00e9gionale \u00e0 X<\/li>\n<li><strong>20\/05\/2023<\/strong> : Finales GO &#8211; C<span style=\"color: #000000;\">hampionnat R\u00e9gional \u00e0 X<\/span><\/li>\n<li><strong>27\/05\/2023<\/strong> : Super HH7<\/li>\n<li><span style=\"color: #000000;\"><strong>24\/06\/2023<\/strong>\u00a0: F\u00eate du Club, au stade Marc Li\u00e8vremont, \u00e0 Lussault-sur-Loire,<\/span><\/li>\n<\/ul>\n<\/li>\n<\/ul>\n<p>&nbsp;<\/p>\n<p>&nbsp;<\/p>\n<h5><span style=\"text-decoration: underline;\"><strong><em><span style=\"color: #ff0000; text-decoration: underline;\">CONTACTS PRATIQUES ET ADMINISTIFS 2022\/2023 :<\/span><\/em><\/strong><\/span><\/h5>\n<p style=\"padding-left: 40px;\">Pr\u00e9sident\u00a0 \u00a0 \u00a0 \u00a0 \u00a0 \u00a0 \u00a0 \u00a0 \u00a0 \u00a0 \u00a0 \u00a0 \u00a0 \u00a0 \u00a0 \u00a0 \u00a0 \u00a0 \u00a0 \u00a0 \u00a0 \u00a0 :\u00a0 Cyril LEBOURL\u00c8S\u00a0 \/\u00a0 06-95-57-75-42\u00a0 \/\u00a0 president@ovaledeloire-amboise-rugby.fr<\/p>\n<p style=\"padding-left: 40px;\">Educateur R\u00e9f\u00e9rent F18\u00a0 \u00a0 \u00a0 \u00a0 \u00a0 \u00a0 \u00a0 \u00a0 \u00a0:\u00a0 St\u00e9phane PEGUET-BORDESSOUL<span style=\"text-align: start; color: #000000;\">\u00a0 \/\u00a0 06-??-??-??-??\u00a0 \/\u00a0 ecolederugby@ovaledeloire-amboise-rugby.fr<\/span><\/p>\n<p style=\"padding-left: 40px;\">Secr\u00e9tariat P\u00f4le Jeune\u00a0 \u00a0 \u00a0 \u00a0 \u00a0 \u00a0 \u00a0 \u00a0 \u00a0 \u00a0 :\u00a0 Anne-C\u00e9cile DENIS\u00a0 \/\u00a0 06-83-06-46-38\u00a0 \/\u00a0 polejeunes@ovaledeloire-amboise-rugby.fr<\/p>\n<p style=\"padding-left: 40px;\">.\u00a0 \u00a0 \u00a0 \u00a0 \u00a0 \u00a0 \u00a0 \u00a0 \u00a0 \u00a0 \u00a0 \u00a0 \u00a0 \u00a0 \u00a0 \u00a0 \u00a0 \u00a0 \u00a0 \u00a0 \u00a0 \u00a0 \u00a0 \u00a0 \u00a0 \u00a0 \u00a0 \u00a0 \u00a0 \u00a0 \u00a0 : Nathalie BERARD \/ polejeunes@ovaledeloire-amboise-rugby.fr<\/p>\n<p style=\"padding-left: 40px;\">Secr\u00e9tariat du Club\u00a0 \u00a0 \u00a0 \u00a0 \u00a0 \u00a0 \u00a0 \u00a0 \u00a0 \u00a0 \u00a0 \u00a0 \u00a0 :\u00a0 Magali RAGUENEAU et Chryst\u00e8le LECLERC <span style=\"text-align: start; color: #000000;\">\u00a0\/\u00a0 secr\u00e9tariat@ovaledeloire-amboise-rugby.fr<\/span><\/p>\n<p>La majeur partie des informations sera communiqu\u00e9e aux licenci\u00e9s, par mail et via l&#8217;application SportEasy, d\u00e8s la demande d&#8217;inscription.<\/p>\n<p style=\"text-align: center;\"><a href=\"https:\/\/www.ovaledeloire-amboise-rugby.fr\/?page_id=3936\" target=\"_blank\" rel=\"noopener\"><img loading=\"lazy\" class=\"aligncenter wp-image-3216 size-medium\" src=\"https:\/\/www.ovaledeloire-amboise-rugby.fr\/wp-content\/uploads\/2021\/08\/Boutons-Inscriptions-300x90.jpg\" alt=\"\" width=\"300\" height=\"90\" srcset=\"https:\/\/www.ovaledeloire-amboise-rugby.fr\/wp-content\/uploads\/2021\/08\/Boutons-Inscriptions-300x90.jpg 300w, https:\/\/www.ovaledeloire-amboise-rugby.fr\/wp-content\/uploads\/2021\/08\/Boutons-Inscriptions.jpg 378w\" sizes=\"(max-width: 300px) 100vw, 300px\" \/><\/a><\/p>\n<p style=\"text-align: center;\">\n","protected":false},"excerpt":{"rendered":"<p>Les Filles \u00e9voluant dans cette cat\u00e9gorie doivent \u00eatre n\u00e9s en 2005, 2006 et 2007.Pour la saison 2022\/2023, Les jeunes serront engag\u00e9es en championnat r\u00e9gional \u00e0 X, sous les couleurs de l&#8217;Ovale de Loire (voir en entente avec un autre club).Elles participerons \u00e0 des matchs amicaux en cours de saison et \u00e0 des tournois inter-r\u00e9gionaux en [&hellip;]<\/p>\n","protected":false},"author":2,"featured_media":0,"parent":0,"menu_order":0,"comment_status":"closed","ping_status":"closed","template":"templates\/template-full-width.php","meta":[],"_links":{"self":[{"href":"https:\/\/www.ovaledeloire-amboise-rugby.fr\/index.php?rest_route=\/wp\/v2\/pages\/4134"}],"collection":[{"href":"https:\/\/www.ovaledeloire-amboise-rugby.fr\/index.php?rest_route=\/wp\/v2\/pages"}],"about":[{"href":"https:\/\/www.ovaledeloire-amboise-rugby.fr\/index.php?rest_route=\/wp\/v2\/types\/page"}],"author":[{"embeddable":true,"href":"https:\/\/www.ovaledeloire-amboise-rugby.fr\/index.php?rest_route=\/wp\/v2\/users\/2"}],"replies":[{"embeddable":true,"href":"https:\/\/www.ovaledeloire-amboise-rugby.fr\/index.php?rest_route=%2Fwp%2Fv2%2Fcomments&post=4134"}],"version-history":[{"count":11,"href":"https:\/\/www.ovaledeloire-amboise-rugby.fr\/index.php?rest_route=\/wp\/v2\/pages\/4134\/revisions"}],"predecessor-version":[{"id":4474,"href":"https:\/\/www.ovaledeloire-amboise-rugby.fr\/index.php?rest_route=\/wp\/v2\/pages\/4134\/revisions\/4474"}],"wp:attachment":[{"href":"https:\/\/www.ovaledeloire-amboise-rugby.fr\/index.php?rest_route=%2Fwp%2Fv2%2Fmedia&parent=4134"}],"curies":[{"name":"wp","href":"https:\/\/api.w.org\/{rel}","templated":true}]}}