{"id":4142,"date":"2022-07-17T19:29:46","date_gmt":"2022-07-17T17:29:46","guid":{"rendered":"http:\/\/www.ovaledeloire-amboise-rugby.fr\/?page_id=4142"},"modified":"2022-08-14T19:24:31","modified_gmt":"2022-08-14T17:24:31","slug":"categorie-u14-m14-et-f15-2022-2023","status":"publish","type":"page","link":"https:\/\/www.ovaledeloire-amboise-rugby.fr\/?page_id=4142","title":{"rendered":"Cat\u00e9gorie U14 (M14 et F15) &#8211; 2022\/2023"},"content":{"rendered":"<p>&nbsp;<\/p>\n<p><span style=\"color: #000000;\">En 2022\/2023, les U14, &#8220;Minimes&#8221;, cat\u00e9gorie mixte de moins de 14 ans pour les gar\u00e7ons et de moins de 15 ans pour les filles, <span style=\"text-align: start; color: #000000;\">\u00e9voluant dans cette cat\u00e9gorie, doivent \u00eatre n\u00e9s entre 2009 et 2010, pour les gar\u00e7ons et entre 2008 et 2010 pour les filles<\/span>.<span style=\"text-align: start; color: #000000;\"><br style=\"text-align: start;\" \/>Derni\u00e8re cat\u00e9gorie de l&#8217;Ecole De Rugby, \u00e0 l&#8217;Ovale de Loire, ils font pleinement partis du P\u00f4le Jeunes. &#8220;Minimes&#8221;, avec les gar\u00e7ons de moins de 14 ans et les filles de moins de 15 ans, d\u00e9veloppent et affirment leurs aptitudes au collectif, \u00e0 la passe, et au contact, m\u00eame si notre apprentissage est bas\u00e9 sur un rugby d&#8217;\u00e9vitement. L&#8217;apprentissage du placement, du replacement, de la confiance et de la solidarit\u00e9, y sera tr\u00e8s pr\u00e9sent.<br style=\"text-align: start;\" \/>Toujours dans le respect et la bonne humeur, ces joueurs et joueuses vont acqu\u00e9rir technique, compr\u00e9hension de jeu et application des r\u00e8gles.<br style=\"text-align: start;\" \/><\/span><\/span><\/p>\n<p><span style=\"color: #000000;\">Premi\u00e8re cat\u00e9gorie en comp\u00e9tition, les U14, \u00e9voluent \u00e0 15 sur un grand terrain, avec un ballon de taille 4.<\/span><\/p>\n<p><span style=\"text-align: start; color: #000000;\">Ils participent \u00e0 un championnat r\u00e9gional et des tournois inter-r\u00e9gionaux, voir nationaux en fin de saison.<\/span><\/p>\n<p>&nbsp;<\/p>\n<h2><span style=\"color: #ff0000;\"><em><strong><span style=\"text-decoration: underline;\">SAISON 2022\/2023<\/span>\u00a0:<\/strong><\/em><\/span><\/h2>\n<p>&nbsp;<\/p>\n<h5><span style=\"text-decoration: underline;\"><strong><em><span style=\"color: #ff0000; text-decoration: underline;\">LES ENTRAINEMENTS 2022\/2023 :<\/span><\/em><\/strong><\/span><\/h5>\n<p style=\"padding-left: 30px;\"><span style=\"color: #000000;\">Les entra\u00eenements ont lieu les mardi et jeudi soir.<br style=\"text-align: start;\" \/><span style=\"text-align: start; color: #000000;\"><strong><span style=\"color: #ff0000;\">Le mardi de 18h30 \u00e0 20h00, et le vendredi de 18h30 \u00e0 20h00, au stade &#8220;Marc Li\u00e8vremont&#8221;<\/span><\/strong>, route des Montils \u00e0 Lussault sur Loire.<\/span><br style=\"text-align: start;\" \/><\/span><span style=\"color: #000000; text-align: start;\">Un vendredi par mois, l&#8217;entrainement se fera \u00e0 Loches, au stade &#8220;Jo Masso&#8221;, de 18h45 \u00e0 20h15<span style=\"color: #000000;\">.<br style=\"text-align: start;\" \/><strong><span style=\"color: #ff0000;\">Reprise le mercredi 24\/08\/2022 \u00e0 18h30, au stade &#8220;Marc Li\u00e8vremont&#8221;<\/span><\/strong>, route des Montils \u00e0 Lussault sur Loire.<br style=\"text-align: start;\" \/><\/span>Un vendredi par mois, l&#8217;entrainement se fera \u00e0 Loches, au stade &#8220;Jo Masso&#8221;, de 18h45 \u00e0 20h15<\/span><br style=\"text-align: start;\" \/><span style=\"text-align: start; color: #000000;\"><span style=\"color: #000000;\">Deux navettes de 8 places sont propos\u00e9es pour les entra\u00eenements du mardi, d\u00e9part du stade &#8220;Marc Li\u00e8vremont&#8221; \u00e0 18h10, et retour au stade &#8220;Marc Li\u00e8vremont&#8221; \u00e0 21h30.<br style=\"text-align: start;\" \/>Les jeunes joueurs et joueuses doivent \u00eatre remis aux \u00e9ducateurs par un adulte au d\u00e9but de chaque entra\u00eenement. La prise en charge se fait jusqu&#8217;\u00e0 15 minutes apr\u00e8s la fin de l&#8217;entra\u00eenement. Au-del\u00e0, nous ne sommes plus responsables et l&#8217;\u00e9ducateur remettra le jeune \u00e0 l&#8217;adulte responsable de ce dernier<\/span>.<\/span><br style=\"text-align: start;\" \/><span style=\"text-align: start; color: #000000;\"><span style=\"color: #000000;\">L<\/span>es joueurs et joueuses doivent se pr\u00e9senter aux vestiaires 15 minutes avant le d\u00e9but des entra\u00eenements et pr\u00e9voir des affaire de rechange et le n\u00e9cessaire pour la douche.<br style=\"text-align: start;\" \/><\/span><\/p>\n<p>&nbsp;<\/p>\n<h5><span style=\"text-decoration: underline;\"><strong><em><span style=\"color: #ff0000; text-decoration: underline;\">ENCADREMENT ET EDUCATEURS 2022\/2023 :<\/span><\/em><\/strong><\/span><\/h5>\n<p style=\"text-align: left; padding-left: 40px;\">Deux \u00e0 trois \u00e9ducateurs sont d\u00e9di\u00e9s \u00e0 l&#8217;encadrement et \u00e0 l&#8217;apprentissage des petits Ovaliens et Ovaliennes, . Un de ces \u00e9ducateurs est d\u00e9tenteur d&#8217;un brevet f\u00e9d\u00e9ral, d\u00e9cern\u00e9 par la f\u00e9d\u00e9ration fran\u00e7aise de rugby, apr\u00e8s une formation d&#8217;un an.<br style=\"text-align: start;\" \/><span style=\"text-align: start; color: #000000;\">Les b\u00e9n\u00e9voles du staff du p\u00f4le jeunes sont pr\u00e9sents pour assurer l&#8217;intendance et l&#8217;organisation des \u00e9v\u00e9nements de nos petits joueurs et joueuse (licences, lavage et pr\u00e9paration des maillots, &#8230;).<\/span><br style=\"text-align: start;\" \/><span style=\"text-align: start; color: #000000;\">Chaque saison nous sollicitons les parents pour aider les b\u00e9n\u00e9voles du p\u00f4le jeunes, et participer \u00e0 l&#8217;\u00e9volution du p\u00f4le jeunes et de leurs enfants. Vous serez donc les bien venus et nous vous attendons<\/span><span style=\"text-align: start; color: #000000;\">.<\/span><\/p>\n<p style=\"padding-left: 40px;\"><em><strong><span style=\"text-align: start; color: #000000;\"><span style=\"color: #000000;\">Entra\u00eeneurs<\/span><\/span><\/strong><\/em><span style=\"text-align: start; color: #000000;\"><span style=\"color: #000000;\"><em><strong>\u00a0:<\/strong><\/em><br style=\"text-align: start;\" \/>Nicolas BIDAULT, L\u00e9o BONAVENTURE, un \u00e9ducateur de Loches ROC\u00a0 \u2026<br style=\"text-align: start;\" \/><\/span><\/span><span style=\"text-align: start; color: #000000;\"><span style=\"color: #000000;\"><em><strong>Encadrement<\/strong><\/em><em><strong>\u00a0:<\/strong><\/em><br style=\"text-align: start;\" \/>Francis LEDYS, S\u00e9bastien BOURLON, &#8230;<\/span><\/span><\/p>\n<p>&nbsp;<\/p>\n<h5><span style=\"text-decoration: underline;\"><strong><em><span style=\"color: #ff0000; text-decoration: underline;\">LE GROUPE 2022\/2023 :<\/span><\/em><\/strong><\/span><\/h5>\n<p style=\"padding-left: 40px;\"><span style=\"color: #000000;\">L&#8217;effectif des U14 (M14 et F15) Ovalien, pour la saison 2022\/2023, est potentiellement de 24 joueurs et joueuses.<\/span><\/p>\n<p style=\"padding-left: 40px;\"><em><strong><span style=\"text-align: start; color: #000000;\"><span style=\"color: #000000;\">Joueurs et joueuses de 2010<\/span><\/span><\/strong><\/em><span style=\"text-align: start; color: #000000;\"><span style=\"color: #000000;\"><em><strong> (premi\u00e8re ann\u00e9e M-14 et F-15) :<\/strong><\/em><br style=\"text-align: start;\" \/>Lenny BIDAULT, Tom BOURLON, Kyrias BUREAU GESLIN, Sanath MAUSSION, Anthony SALUDEN, Thibault LEDEUX, Melvin DELALANDE, Luka FURIC, Thomas DELORY, Jules MARC, Caroline BERARD,<\/span><\/span><\/p>\n<p style=\"padding-left: 40px;\"><span style=\"text-align: start; color: #000000;\"><span style=\"color: #000000;\"><em><strong>Joueurs et joueuses de 2009 (deuxi\u00e8me ann\u00e9e M-14 et F-15) :<\/strong><\/em><br style=\"text-align: start;\" \/><\/span><span style=\"color: #000000;\">Medhi LEDYS, Achille JOLLIVET, Lola LACLAUTRE, Nathan DURET, Basile CHEVALIER, Paul COULOT, Paul ARNAUD, Ewen KEUFER, Amaury BILLAUD, Jules DEFAIS, Albert BALAY, Mathieu BLANCHET,<\/span><\/span><\/p>\n<p style=\"padding-left: 40px;\"><span style=\"text-align: start; color: #000000;\"><span style=\"color: #000000;\"><em><strong>Joueuses de 2008 (troisi\u00e8me ann\u00e9e F-15) :<\/strong><\/em><br style=\"text-align: start;\" \/><\/span><\/span><span style=\"text-align: start; color: #000000;\">Eloyse VALLEE RIEUX,<\/span><\/p>\n<p style=\"padding-left: 40px;\">14 Joueurs de Loches ROC rejoindront ce groupe dans le cadre de l&#8217;entente entre les 2 clubs, sur le P\u00f4le Jeunes de l&#8217;Ovale de Loire Amboise Rugby<\/p>\n<p>&nbsp;<\/p>\n<h5><span style=\"text-decoration: underline;\"><strong><em><span style=\"color: #ff0000; text-decoration: underline;\">LE CHAMPIONNAT, LES TOURNOIS ET JOURNEES TECHNIQUES 2022\/2023 :<\/span><\/em><\/strong><\/span><\/h5>\n<p style=\"text-align: justify; padding-left: 40px;\"><span style=\"color: #000000;\">Les U14 (M14 et F15) sont engag\u00e9s en championnat r\u00e9gional (challenge f\u00e9d\u00e9ral), <span style=\"text-align: start;\">sous les couleurs de l&#8217;Ovale de Loire (avec la participation des jeunes de Loches ROC).<\/span><\/span><br style=\"text-align: start;\" \/><span style=\"text-align: start; color: #000000;\">Ils participent \u00e9galement \u00e0 des tournois inter-r\u00e9gionaux en fin de saison.\u00a0<\/span><\/p>\n<p style=\"padding-left: 40px;\">A ce jour nous n&#8217;avons aucune information sur le calendrier des comp\u00e9titions, ni sur les poules. Ces informations devraient nous parvenir au alentour du 15 septembre 2022.<\/p>\n<p style=\"padding-left: 40px;\">Des stages de coh\u00e9sion et de pr\u00e9paration seront propos\u00e9s en d\u00e9bute de saison, au stade Marc Li\u00e8vremont, \u00e0 Lussault-sur-Loire.<\/p>\n<ul>\n<li style=\"list-style-type: none;\">\n<ul>\n<li><span style=\"color: #000000;\"><strong>27\/08\/2022<\/strong> : Passeport<\/span><\/li>\n<li><span style=\"color: #000000;\"><strong>03\/09\/2022<\/strong> : Passeport<\/span><\/li>\n<li><span style=\"color: #000000;\"><strong>10\/09\/2022<\/strong> : Passeport<\/span><\/li>\n<li><strong>17\/09\/2022<\/strong> : ASR (Atelier de sensibilisation aux r\u00e8gles du jeu)<\/li>\n<li><span style=\"color: #000000;\"><strong>17\/09\/2022<\/strong>\u00a0: 14h00, Journ\u00e9e des copains, et en soir\u00e9e la f\u00eate des copains, au stade Marc Li\u00e8vremont \u00e0 Lussault-sur-Loire<\/span><\/li>\n<li><span style=\"color: #000000;\"><strong>24\/09\/2022<\/strong> : JCO \/ Jeu au contact &#8211; Seven d\u00e9partemental<\/span><\/li>\n<li><span style=\"color: #000000;\"><strong>01\/10\/2022<\/strong> : JCO \/ Jeu au contact &#8211; Seven d\u00e9partemental<\/span><\/li>\n<li><span style=\"color: #000000;\"><strong>01\/10\/2022<\/strong> : Challenge F\u00e9minin<\/span><\/li>\n<li><span style=\"color: #000000;\"><strong>08\/10\/2022<\/strong> : JCO \/ Jeu au contact &#8211; Seven d\u00e9partemental<\/span><\/li>\n<li><strong>15\/10\/2022<\/strong> : Championnat Challenge F\u00e9d\u00e9ral<\/li>\n<li><span style=\"color: #000000;\"><strong>22\/10\/2022<\/strong> : S\u00e9lections d\u00e9partementales<\/span><\/li>\n<li><strong>12\/11\/2022<\/strong> : Championnat Challenge F\u00e9d\u00e9ral<\/li>\n<li><strong>19\/11\/2022<\/strong> : C<span style=\"color: #000000;\">hallenge F\u00e9minin<\/span><\/li>\n<li><strong>26\/11\/2022<\/strong> : Championnat Challenge F\u00e9d\u00e9ral<\/li>\n<li><span style=\"color: #000000;\"><strong>03\/12\/2022<\/strong> : ORC &#8211; D\u00e9partemental<\/span><\/li>\n<li><strong>10\/12\/2022<\/strong> : Championnat Challenge F\u00e9d\u00e9ral<\/li>\n<li><span style=\"color: #000000;\"><strong>17\/12\/2022<\/strong> : S\u00e9lections d\u00e9partementales<\/span><\/li>\n<li><span style=\"color: #000000;\"><strong>07\/01\/2023<\/strong>\u00a0: Voeux et Galette du Club, (\u00e0 la salle des f\u00eates de Lussault-sur-Loire) <strong><span style=\"color: #ff0000;\">date et lieux \u00e0 confirmer<\/span><\/strong><\/span><\/li>\n<li><strong>14\/01\/2023<\/strong> : Championnat Challenge F\u00e9d\u00e9ral<\/li>\n<li><strong>21\/01\/2023<\/strong> :\u00a0C<span style=\"color: #000000;\">hallenge F\u00e9minin<\/span><\/li>\n<li><strong>28\/01\/2023<\/strong> : Championnat Challenge F\u00e9d\u00e9ral<\/li>\n<li><strong>04\/02\/2023<\/strong> : Championnat Challenge F\u00e9d\u00e9ral<\/li>\n<li><span style=\"color: #000000;\"><strong>11\/02\/2023<\/strong>\u00a0: S\u00e9lections d\u00e9partementales<\/span><\/li>\n<li><strong>04\/03\/2023<\/strong> : ORC &#8211; R\u00e9gional<\/li>\n<li><strong>11\/03\/2023<\/strong> : Championnat Challenge F\u00e9d\u00e9ral<\/li>\n<li><strong>18\/03\/2023<\/strong> : Championnat Challenge F\u00e9d\u00e9ral<\/li>\n<li><span style=\"color: #000000;\"><strong>25\/03\/2023<\/strong> : C<\/span><span style=\"color: #000000;\">hallenge F\u00e9minin<\/span><\/li>\n<li><strong>08\/04\/2023<\/strong>\u00a0: C<span style=\"color: #000000;\">hampionnat R\u00e9gional Seven<\/span><\/li>\n<li><strong>15\/04\/2023<\/strong> : S\u00e9lections d\u00e9partementales<\/li>\n<li><span style=\"color: #000000;\"><strong>29\/04\/2023<\/strong>\u00a0: Championnat Seven<\/span><\/li>\n<li><strong>06\/05\/2023<\/strong> : Championnat Challenge F\u00e9d\u00e9ral GO<\/li>\n<li><span style=\"color: #000000;\"><strong>13\/05\/2023<\/strong> : C<\/span><span style=\"color: #000000;\">hallenge F\u00e9minin<\/span><\/li>\n<li><strong>20\/05\/2023<\/strong> : Championnat Challenge F\u00e9d\u00e9ral GO<\/li>\n<li><span style=\"color: #000000;\"><strong>27\/05\/2023<\/strong>\u00a0: Championnat Seven<\/span><\/li>\n<li><strong>03\/06\/2023<\/strong> : Finale &#8211; C<span style=\"color: #000000;\">hampionnat Chalenge F\u00e9d\u00e9ral<\/span><\/li>\n<li><strong>17\/06\/2023<\/strong> : ORC &#8211; Finale Nationale<\/li>\n<li><strong>24\/06\/2023<\/strong> : Finale Championnat Seven<\/li>\n<li><span style=\"color: #000000;\"><strong>24\/06\/2023<\/strong>\u00a0: F\u00eate du Club, au stade Marc Li\u00e8vremont, \u00e0 Lussault-sur-Loire,<\/span><\/li>\n<\/ul>\n<\/li>\n<\/ul>\n<p>&nbsp;<\/p>\n<h5><span style=\"text-decoration: underline;\"><strong><em><span style=\"color: #ff0000; text-decoration: underline;\">CONTACTS PRATIQUES ET ADMINISTIFS 2022\/2023 :<\/span><\/em><\/strong><\/span><\/h5>\n<p style=\"padding-left: 40px;\">Pr\u00e9sident\u00a0 \u00a0 \u00a0 \u00a0 \u00a0 \u00a0 \u00a0 \u00a0 \u00a0 \u00a0 \u00a0 \u00a0 \u00a0 \u00a0 \u00a0 \u00a0 \u00a0 \u00a0 \u00a0 \u00a0 \u00a0 \u00a0 \u00a0 \u00a0 \u00a0 \u00a0 :\u00a0 Cyril LEBOURL\u00c8S\u00a0 \/\u00a0 06-95-57-75-42\u00a0 \/\u00a0 president@ovaledeloire-amboise-rugby.fr<\/p>\n<p style=\"padding-left: 40px;\">Educateur R\u00e9f\u00e9rent U14 (M14-F15)\u00a0 \u00a0 :\u00a0 Nicolas\u00a0 BIDAULT<span style=\"text-align: start; color: #000000;\">\u00a0 \/\u00a0 06-28-20-32-78\u00a0 \/\u00a0 polejeunes@ovaledeloire-amboise-rugby.fr<\/span><\/p>\n<p style=\"padding-left: 40px;\">Secr\u00e9tariat P\u00f4le Jeune\u00a0 \u00a0 \u00a0 \u00a0 \u00a0 \u00a0 \u00a0 \u00a0 \u00a0 \u00a0 \u00a0 \u00a0 \u00a0 \u00a0 :\u00a0 Anne-C\u00e9cile DENIS\u00a0 \/\u00a0 06-83-06-46-38\u00a0 \/\u00a0 polejeunes@ovaledeloire-amboise-rugby.fr<\/p>\n<p style=\"padding-left: 40px;\">.\u00a0 \u00a0 \u00a0 \u00a0 \u00a0 \u00a0 \u00a0 \u00a0 \u00a0 \u00a0 \u00a0 \u00a0 \u00a0 \u00a0 \u00a0 \u00a0 \u00a0 \u00a0 \u00a0 \u00a0 \u00a0 \u00a0 \u00a0 \u00a0 \u00a0 \u00a0 \u00a0 \u00a0 \u00a0 \u00a0 \u00a0 \u00a0 \u00a0 \u00a0 \u00a0: Magali TISON \/ polejeunes@ovaledeloire-amboise-rugby.fr<\/p>\n<p style=\"padding-left: 40px;\">.\u00a0 \u00a0 \u00a0 \u00a0 \u00a0 \u00a0 \u00a0 \u00a0 \u00a0 \u00a0 \u00a0 \u00a0 \u00a0 \u00a0 \u00a0 \u00a0 \u00a0 \u00a0 \u00a0 \u00a0 \u00a0 \u00a0 \u00a0 \u00a0 \u00a0 \u00a0 \u00a0 \u00a0 \u00a0 \u00a0 \u00a0 \u00a0 \u00a0 \u00a0 \u00a0:\u00a0 Nathalie BERARD \/ polejeunes@ovaledeloire-amboise-rugby.fr<\/p>\n<p style=\"padding-left: 40px;\">Secr\u00e9tariat du Club\u00a0 \u00a0 \u00a0 \u00a0 \u00a0 \u00a0 \u00a0 \u00a0 \u00a0 \u00a0 \u00a0 \u00a0 \u00a0 \u00a0 \u00a0 \u00a0 \u00a0:\u00a0 Magali RAGUENEAU et Chryst\u00e8le LECLERC <span style=\"text-align: start; color: #000000;\">\u00a0\/\u00a0 secr\u00e9tariat@ovaledeloire-amboise-rugby.fr<\/span><\/p>\n<p>La majeur partie des informations sera communiqu\u00e9e aux licenci\u00e9s, par mail et via l&#8217;application SportEasy, d\u00e8s la demande d&#8217;inscription.<\/p>\n<p style=\"text-align: center;\"><a href=\"https:\/\/www.ovaledeloire-amboise-rugby.fr\/?page_id=3936\" target=\"_blank\" rel=\"noopener\"><img loading=\"lazy\" class=\"aligncenter wp-image-3216 size-medium\" src=\"https:\/\/www.ovaledeloire-amboise-rugby.fr\/wp-content\/uploads\/2021\/08\/Boutons-Inscriptions-300x90.jpg\" alt=\"\" width=\"300\" height=\"90\" srcset=\"https:\/\/www.ovaledeloire-amboise-rugby.fr\/wp-content\/uploads\/2021\/08\/Boutons-Inscriptions-300x90.jpg 300w, https:\/\/www.ovaledeloire-amboise-rugby.fr\/wp-content\/uploads\/2021\/08\/Boutons-Inscriptions.jpg 378w\" sizes=\"(max-width: 300px) 100vw, 300px\" \/><\/a><\/p>\n<p style=\"text-align: center;\">\n","protected":false},"excerpt":{"rendered":"<p>&nbsp; En 2022\/2023, les U14, &#8220;Minimes&#8221;, cat\u00e9gorie mixte de moins de 14 ans pour les gar\u00e7ons et de moins de 15 ans pour les filles, \u00e9voluant dans cette cat\u00e9gorie, doivent \u00eatre n\u00e9s entre 2009 et 2010, pour les gar\u00e7ons et entre 2008 et 2010 pour les filles.Derni\u00e8re cat\u00e9gorie de l&#8217;Ecole De Rugby, \u00e0 l&#8217;Ovale de [&hellip;]<\/p>\n","protected":false},"author":2,"featured_media":0,"parent":0,"menu_order":0,"comment_status":"closed","ping_status":"closed","template":"templates\/template-full-width.php","meta":[],"_links":{"self":[{"href":"https:\/\/www.ovaledeloire-amboise-rugby.fr\/index.php?rest_route=\/wp\/v2\/pages\/4142"}],"collection":[{"href":"https:\/\/www.ovaledeloire-amboise-rugby.fr\/index.php?rest_route=\/wp\/v2\/pages"}],"about":[{"href":"https:\/\/www.ovaledeloire-amboise-rugby.fr\/index.php?rest_route=\/wp\/v2\/types\/page"}],"author":[{"embeddable":true,"href":"https:\/\/www.ovaledeloire-amboise-rugby.fr\/index.php?rest_route=\/wp\/v2\/users\/2"}],"replies":[{"embeddable":true,"href":"https:\/\/www.ovaledeloire-amboise-rugby.fr\/index.php?rest_route=%2Fwp%2Fv2%2Fcomments&post=4142"}],"version-history":[{"count":25,"href":"https:\/\/www.ovaledeloire-amboise-rugby.fr\/index.php?rest_route=\/wp\/v2\/pages\/4142\/revisions"}],"predecessor-version":[{"id":4235,"href":"https:\/\/www.ovaledeloire-amboise-rugby.fr\/index.php?rest_route=\/wp\/v2\/pages\/4142\/revisions\/4235"}],"wp:attachment":[{"href":"https:\/\/www.ovaledeloire-amboise-rugby.fr\/index.php?rest_route=%2Fwp%2Fv2%2Fmedia&parent=4142"}],"curies":[{"name":"wp","href":"https:\/\/api.w.org\/{rel}","templated":true}]}}