{"id":429,"date":"2017-07-20T20:19:12","date_gmt":"2017-07-20T18:19:12","guid":{"rendered":"http:\/\/wordpress.ovaledeloire-amboise-rugby.fr\/?page_id=429"},"modified":"2022-07-17T14:10:59","modified_gmt":"2022-07-17T12:10:59","slug":"le-stade","status":"publish","type":"page","link":"https:\/\/www.ovaledeloire-amboise-rugby.fr\/?page_id=429","title":{"rendered":"Le stade Marc Li\u00e8vremont"},"content":{"rendered":"<p style=\"text-align: left;\"><span style=\"color: #000000;\">L&#8217;Ovale de Loire Amboise Rugby joue au Stade &#8220;Marc Li\u00e8vremont&#8221;, situ\u00e9 Route des Montils \u00e0 Lussault-sur-Loire<\/span><\/p>\n<p><a href=\"https:\/\/www.ovaledeloire-amboise-rugby.fr\/wp-content\/uploads\/2022\/07\/Cartes-stade-Marc-Lievremont-1.jpg\" target=\"_blank\" rel=\"noopener\"><img loading=\"lazy\" class=\"aligncenter wp-image-4092 size-full\" src=\"https:\/\/www.ovaledeloire-amboise-rugby.fr\/wp-content\/uploads\/2022\/07\/Cartes-stade-Marc-Lievremont-1.jpg\" alt=\"\" width=\"1280\" height=\"461\" srcset=\"https:\/\/www.ovaledeloire-amboise-rugby.fr\/wp-content\/uploads\/2022\/07\/Cartes-stade-Marc-Lievremont-1.jpg 1280w, https:\/\/www.ovaledeloire-amboise-rugby.fr\/wp-content\/uploads\/2022\/07\/Cartes-stade-Marc-Lievremont-1-300x108.jpg 300w, https:\/\/www.ovaledeloire-amboise-rugby.fr\/wp-content\/uploads\/2022\/07\/Cartes-stade-Marc-Lievremont-1-1024x369.jpg 1024w, https:\/\/www.ovaledeloire-amboise-rugby.fr\/wp-content\/uploads\/2022\/07\/Cartes-stade-Marc-Lievremont-1-768x277.jpg 768w, https:\/\/www.ovaledeloire-amboise-rugby.fr\/wp-content\/uploads\/2022\/07\/Cartes-stade-Marc-Lievremont-1-1200x432.jpg 1200w\" sizes=\"(max-width: 1280px) 100vw, 1280px\" \/><\/a><\/p>\n<p><a href=\"https:\/\/www.ovaledeloire-amboise-rugby.fr\/wp-content\/uploads\/2022\/07\/Cartes-stade-Marc-Lievremont-2.jpg\" target=\"_blank\" rel=\"noopener\"><img loading=\"lazy\" class=\"aligncenter wp-image-4093 size-full\" src=\"https:\/\/www.ovaledeloire-amboise-rugby.fr\/wp-content\/uploads\/2022\/07\/Cartes-stade-Marc-Lievremont-2.jpg\" alt=\"\" width=\"1098\" height=\"704\" srcset=\"https:\/\/www.ovaledeloire-amboise-rugby.fr\/wp-content\/uploads\/2022\/07\/Cartes-stade-Marc-Lievremont-2.jpg 1098w, https:\/\/www.ovaledeloire-amboise-rugby.fr\/wp-content\/uploads\/2022\/07\/Cartes-stade-Marc-Lievremont-2-300x192.jpg 300w, https:\/\/www.ovaledeloire-amboise-rugby.fr\/wp-content\/uploads\/2022\/07\/Cartes-stade-Marc-Lievremont-2-1024x657.jpg 1024w, https:\/\/www.ovaledeloire-amboise-rugby.fr\/wp-content\/uploads\/2022\/07\/Cartes-stade-Marc-Lievremont-2-768x492.jpg 768w\" sizes=\"(max-width: 1098px) 100vw, 1098px\" \/><\/a><\/p>\n<p>&nbsp;<\/p>\n<p>&nbsp;<\/p>\n","protected":false},"excerpt":{"rendered":"<p>L&#8217;Ovale de Loire Amboise Rugby joue au Stade &#8220;Marc Li\u00e8vremont&#8221;, situ\u00e9 Route des Montils \u00e0 Lussault-sur-Loire &nbsp; &nbsp;<\/p>\n","protected":false},"author":1,"featured_media":0,"parent":47,"menu_order":0,"comment_status":"closed","ping_status":"closed","template":"templates\/template-full-width.php","meta":[],"_links":{"self":[{"href":"https:\/\/www.ovaledeloire-amboise-rugby.fr\/index.php?rest_route=\/wp\/v2\/pages\/429"}],"collection":[{"href":"https:\/\/www.ovaledeloire-amboise-rugby.fr\/index.php?rest_route=\/wp\/v2\/pages"}],"about":[{"href":"https:\/\/www.ovaledeloire-amboise-rugby.fr\/index.php?rest_route=\/wp\/v2\/types\/page"}],"author":[{"embeddable":true,"href":"https:\/\/www.ovaledeloire-amboise-rugby.fr\/index.php?rest_route=\/wp\/v2\/users\/1"}],"replies":[{"embeddable":true,"href":"https:\/\/www.ovaledeloire-amboise-rugby.fr\/index.php?rest_route=%2Fwp%2Fv2%2Fcomments&post=429"}],"version-history":[{"count":4,"href":"https:\/\/www.ovaledeloire-amboise-rugby.fr\/index.php?rest_route=\/wp\/v2\/pages\/429\/revisions"}],"predecessor-version":[{"id":4096,"href":"https:\/\/www.ovaledeloire-amboise-rugby.fr\/index.php?rest_route=\/wp\/v2\/pages\/429\/revisions\/4096"}],"up":[{"embeddable":true,"href":"https:\/\/www.ovaledeloire-amboise-rugby.fr\/index.php?rest_route=\/wp\/v2\/pages\/47"}],"wp:attachment":[{"href":"https:\/\/www.ovaledeloire-amboise-rugby.fr\/index.php?rest_route=%2Fwp%2Fv2%2Fmedia&parent=429"}],"curies":[{"name":"wp","href":"https:\/\/api.w.org\/{rel}","templated":true}]}}