{"id":47,"date":"2016-08-07T20:29:59","date_gmt":"2016-08-07T18:29:59","guid":{"rendered":"http:\/\/wordpress.ovaledeloire-amboise-rugby.fr\/?page_id=47"},"modified":"2021-12-31T14:11:28","modified_gmt":"2021-12-31T13:11:28","slug":"le-club","status":"publish","type":"page","link":"https:\/\/www.ovaledeloire-amboise-rugby.fr\/?page_id=47","title":{"rendered":"LE CLUB"},"content":{"rendered":"<p><span style=\"color: #000000;\"><strong>Edito<\/strong><\/span><\/p>\n<p><span style=\"color: #000000;\">L\u2019OVALE DE LOIRE RUGBY, UNE PASSION EN BORD DE LOIRE<\/span><\/p>\n<p><span style=\"color: #000000;\">Cr\u00e9\u00e9 en d\u00e9cembre 1998 et refond\u00e9 en novembre 2003, l&#8217;Ovale de Loire Rugby comptait alors 35 joueurs.<\/span><\/p>\n<p><span style=\"color: #000000;\">Install\u00e9 depuis 2010, \u00e0 Lussault-sur-Loire, pr\u00e8s de l\u2019aquarium de Touraine, route des Montils, pour la saison 2020\/2021, c\u2019est plus de 200 licenci\u00e9s qui ont rejoint le club. Ils nous viennent de tout l\u2019Est Tourangeau (des cantons de Ch\u00e2teau-Renault, d\u2019Amboise, de Montlouis, de Bl\u00e9r\u00e9 et m\u00eame de Montrichard). L\u2019Ovale de Loire est le seul club de ce secteur.<\/span><\/p>\n<p><span style=\"color: #000000;\">l\u2019Ovale de Loire a vu ses effectifs augmenter de mani\u00e8re exponentielle et s\u2019est forg\u00e9, un palmar\u00e8s que beaucoup nous envie.<\/span><\/p>\n<p><span style=\"color: #000000;\">Le 26 avril 2014, notre \u00e9quipe premi\u00e8re remportait son 3\u00e8me troph\u00e9e r\u00e9gional avec le bouclier 1\u00e8re s\u00e9rie. C\u2019est bien s\u00fbr, une tr\u00e8s grande fiert\u00e9 pour l\u2019ensemble de notre association, pour nos nombreux partenaires priv\u00e9s qui nous soutiennent fid\u00e8lement, ainsi que nos partenaires institutionnels, sans oublier nos nombreux supporters\u00a0!\u00a0<\/span><\/p>\n<p><span style=\"color: #000000;\">Chaque ann\u00e9e, nous ne cessons de progresser tant par la qualit\u00e9 de nos \u00e9quipes s\u00e9nior que par la richesse de notre \u00e9cole de rugby.<\/span><\/p>\n<p><span style=\"color: #000000;\">Cette derni\u00e8re accueille de plus en plus d\u2019enfants. Ils sont d\u00e9sormais plus de 100, de 4 ans \u00e0 13 ans, r\u00e9partis sur les 5 cat\u00e9gories mixtes U6, U8, U10, U12, U14. Ce qui en fait la 2\u00e8me\u00a0 Ecole de rugby du d\u00e9partement et la 4\u00e8me de la r\u00e9gion.<\/span><\/p>\n<p><span style=\"color: #000000;\">De U6 \u00e0 U12, nos effectifs nous permettent d\u2019avoir une \u00e0 deux \u00e9quipes par cat\u00e9gorie (en U6, U8, U10, U12).<\/span><\/p>\n<p>Depuis le d\u00e9but de la saison 2021\/2022, l&#8217;Ovale de Loire \u00e0 cr\u00e9er un p\u00f4les Jeunes, regroupant les cat\u00e9gories M-14, F-15, M-16, F-18, M-18, M-19.<\/p>\n<p><span style=\"color: #000000;\">En M-14\/F-15, l\u2019\u00e9quipe mixte engag\u00e9e en challenge f\u00e9d\u00e9ral termine 1\u00e8re r\u00e9gionale de niveau D pour la saison 2015\/2016, et \u00e9volue maintenant au niveau B.<\/span><\/p>\n<p><span style=\"color: #000000;\">En M-16 et en M-19, nos jeunes \u00e9voluent en r\u00e9gionale 2, et b\u00e9n\u00e9ficient d&#8217;un cadre et d&#8217;exp\u00e9rience des ententes des ann\u00e9es pr\u00e9c\u00e9dantes. notamment les M-16 qui se sont qualifi\u00e9s au championnat de France 2018 et en 2019 ils ont disput\u00e9 un \u00bc de finale grand Ouest.<\/span><\/p>\n<p><span style=\"color: #000000;\">Notre structure et l\u2019engagement des b\u00e9n\u00e9voles, la formation et le s\u00e9rieux des \u00e9ducateurs, fond que \u00ab l\u2019Ovale de Loire Amboise Rugby \u00bb n\u2019a pas suivi la tendance nationale sur la diminution des licences depuis 2016, et poursuit sont \u00e9volution et sa croissance encore cette saison.<\/span><\/p>\n<p><span style=\"color: #000000;\">L\u2019engouement pour notre sport est ind\u00e9niable et l\u2019Ovale de Loire est d\u00e9sormais solidement enracin\u00e9 dans notre territoire et toute la r\u00e9gion.<\/span><\/p>\n<p><span style=\"color: #000000;\">Rejoignez notre belle famille Ovalienne, vous ne le regretterez pas\u00a0!<\/span><\/p>\n<p><span style=\"color: #000000;\">Fi\u00e8re d\u2019\u00eatre Ovalien<\/span><\/p>\n<p>&nbsp;<\/p>\n<p><span style=\"color: #000000;\">Cyril LEBOURL\u00c8S, Pr\u00e9sident de l\u2019Ovale de Loire Amboise Rugby<\/span><\/p>\n","protected":false},"excerpt":{"rendered":"<p>Edito L\u2019OVALE DE LOIRE RUGBY, UNE PASSION EN BORD DE LOIRE Cr\u00e9\u00e9 en d\u00e9cembre 1998 et refond\u00e9 en novembre 2003, l&#8217;Ovale de Loire Rugby comptait alors 35 joueurs. Install\u00e9 depuis 2010, \u00e0 Lussault-sur-Loire, pr\u00e8s de l\u2019aquarium de Touraine, route des Montils, pour la saison 2020\/2021, c\u2019est plus de 200 licenci\u00e9s qui ont rejoint le club. [&hellip;]<\/p>\n","protected":false},"author":1,"featured_media":0,"parent":0,"menu_order":0,"comment_status":"closed","ping_status":"closed","template":"templates\/template-full-width.php","meta":[],"_links":{"self":[{"href":"https:\/\/www.ovaledeloire-amboise-rugby.fr\/index.php?rest_route=\/wp\/v2\/pages\/47"}],"collection":[{"href":"https:\/\/www.ovaledeloire-amboise-rugby.fr\/index.php?rest_route=\/wp\/v2\/pages"}],"about":[{"href":"https:\/\/www.ovaledeloire-amboise-rugby.fr\/index.php?rest_route=\/wp\/v2\/types\/page"}],"author":[{"embeddable":true,"href":"https:\/\/www.ovaledeloire-amboise-rugby.fr\/index.php?rest_route=\/wp\/v2\/users\/1"}],"replies":[{"embeddable":true,"href":"https:\/\/www.ovaledeloire-amboise-rugby.fr\/index.php?rest_route=%2Fwp%2Fv2%2Fcomments&post=47"}],"version-history":[{"count":3,"href":"https:\/\/www.ovaledeloire-amboise-rugby.fr\/index.php?rest_route=\/wp\/v2\/pages\/47\/revisions"}],"predecessor-version":[{"id":3796,"href":"https:\/\/www.ovaledeloire-amboise-rugby.fr\/index.php?rest_route=\/wp\/v2\/pages\/47\/revisions\/3796"}],"wp:attachment":[{"href":"https:\/\/www.ovaledeloire-amboise-rugby.fr\/index.php?rest_route=%2Fwp%2Fv2%2Fmedia&parent=47"}],"curies":[{"name":"wp","href":"https:\/\/api.w.org\/{rel}","templated":true}]}}