{"id":4745,"date":"2024-07-30T09:18:36","date_gmt":"2024-07-30T07:18:36","guid":{"rendered":"https:\/\/www.ovaledeloire-amboise-rugby.fr\/?page_id=4745"},"modified":"2025-04-29T13:31:45","modified_gmt":"2025-04-29T11:31:45","slug":"seniors-competitions-2024-2025-2","status":"publish","type":"page","link":"https:\/\/www.ovaledeloire-amboise-rugby.fr\/?page_id=4745","title":{"rendered":"Seniors Comp\u00e9titions &#8211; 2024\/2025"},"content":{"rendered":"<p><img loading=\"lazy\" class=\"aligncenter wp-image-4904 size-large\" src=\"https:\/\/www.ovaledeloire-amboise-rugby.fr\/wp-content\/uploads\/2025\/04\/20250504-M18-Ours28-Affiche-1-819x1024.jpg\" alt=\"\" width=\"580\" height=\"725\" srcset=\"https:\/\/www.ovaledeloire-amboise-rugby.fr\/wp-content\/uploads\/2025\/04\/20250504-M18-Ours28-Affiche-1-819x1024.jpg 819w, https:\/\/www.ovaledeloire-amboise-rugby.fr\/wp-content\/uploads\/2025\/04\/20250504-M18-Ours28-Affiche-1-240x300.jpg 240w, https:\/\/www.ovaledeloire-amboise-rugby.fr\/wp-content\/uploads\/2025\/04\/20250504-M18-Ours28-Affiche-1-768x960.jpg 768w, https:\/\/www.ovaledeloire-amboise-rugby.fr\/wp-content\/uploads\/2025\/04\/20250504-M18-Ours28-Affiche-1-1229x1536.jpg 1229w, https:\/\/www.ovaledeloire-amboise-rugby.fr\/wp-content\/uploads\/2025\/04\/20250504-M18-Ours28-Affiche-1-1200x1500.jpg 1200w, https:\/\/www.ovaledeloire-amboise-rugby.fr\/wp-content\/uploads\/2025\/04\/20250504-M18-Ours28-Affiche-1.jpg 1638w\" sizes=\"(max-width: 580px) 100vw, 580px\" \/><\/p>\n<p><span style=\"color: #000000;\">Les M+18 et F+18, Seniors, \u00e9voluent \u00e0 15, pour les gar\u00e7ons, et \u00e0 10 pour les Filles, sur un grand terrain.<\/span><\/p>\n<p><span style=\"text-align: start; color: #000000;\">Les gar\u00e7ons \u00e9voluant dans la cat\u00e9gorie M+18 doivent \u00eatre n\u00e9s en 2004 et avant.<\/span><br style=\"text-align: start;\" \/><span style=\"text-align: start; color: #000000;\">Ils participent un championnat r\u00e9gional \u00e0 XV, sous les couleurs de l&#8217;Ovale de Loire.<\/span><br style=\"text-align: start;\" \/><span style=\"text-align: start; color: #000000;\">Ils participent \u00e9galement \u00e0 un championnat \u00e0 VII en fin de saison.<\/span><\/p>\n<p><span style=\"text-align: start; color: #000000;\">Les filles \u00e9voluant dans la cat\u00e9gorie F+18 doivent \u00eatre n\u00e9s en 2004 et avant.<\/span><br style=\"text-align: start;\" \/><span style=\"text-align: start; color: #000000;\">Elles participent un championnat r\u00e9gional \u00e0 X, sous les couleurs de l&#8217;Ovale de Loire, ou en entente.<br style=\"text-align: start;\" \/>Elles participent \u00e9galement \u00e0 des tournois inter-r\u00e9gionaux en fin de saison.<\/span><\/p>\n<h5><em style=\"color: #ff0000;\"><strong><span style=\"text-decoration: underline;\">INFOS PRATIQUES ET ADMINISTRATIVES<\/span> :<\/strong><\/em><\/h5>\n<p style=\"padding-left: 40px;\">Manager et responsable masculin : Alain PURET &#8211; 06 63 36 19 09\u00a0 &#8211; seniors@ovaledeloire-amboise-rugby.fr<\/p>\n<p style=\"padding-left: 40px;\">Responsable f\u00e9minin\u00a0 \u00a0 \u00a0: Christophe BONNEFOY &#8211; 06 83 16 57 98\u00a0 &#8211; feminines@ovaledeloire-amboise-rugby.fr<\/p>\n<p style=\"padding-left: 40px;\">Secr\u00e9tariat Seniors\u00a0 \u00a0 \u00a0: Magali TISON &#8211; seniors@ovaledeloire-amboise-rugby.fr<\/p>\n<p style=\"padding-left: 40px;\">Pr\u00e9sident du Club\u00a0 \u00a0 \u00a0 \u00a0 \u00a0 \u00a0 \u00a0 \u00a0:\u00a0 Cyril LEBOURL\u00c8S &#8211; 06 95 57 75 42 &#8211; president@ovaledeloire-amboise-rugby.fr<\/p>\n<p>&nbsp;<\/p>\n<p style=\"padding-left: 40px;\">La majeur partie des informations sera communiqu\u00e9e aux licenci\u00e9s, par mail et via l&#8217;application SportEasy<\/p>\n<p>&nbsp;<\/p>\n<h5><em><span style=\"color: #ff0000;\"><strong><span style=\"text-decoration: underline;\">CALENDRIER ET PLANNING<\/span> :<\/strong><\/span><\/em><\/h5>\n<p style=\"padding-left: 40px;\"><span style=\"color: #000000;\">L\u2019Ovale de Loire participe \u00e9galement \u00e0 des \u00e9v\u00e9nements ou organise des rencontres sportives, en compl\u00e9ment des entra\u00eenements hebdomadaires.<\/span><\/p>\n<p style=\"padding-left: 40px;\"><span style=\"color: #000000;\">Les calendriers seront propos\u00e9s pour chaque cat\u00e9gorie, au plus tard, \u00e0 la fin du mois d&#8217;ao\u00fbt.<\/span><\/p>\n<p>&nbsp;<\/p>\n<h5><span style=\"color: #ff0000;\"><em><strong><span style=\"text-decoration: underline;\">LES ENTRAINEMENTS<\/span> :<\/strong><\/em><\/span><span style=\"text-decoration: underline;\"><span style=\"color: #ff0000; text-decoration: underline;\"><em><strong><br \/>\n<\/strong><\/em><\/span><\/span><\/h5>\n<p style=\"padding-left: 40px;\"><span style=\"text-align: start; color: #000000;\"><span style=\"color: #ff0000;\"><span style=\"color: #000000;\">Les entra\u00eenements des <\/span><\/span><\/span><span style=\"text-align: start;\">M+18<\/span><span style=\"text-align: start; color: #000000;\"><span style=\"color: #ff0000;\"><span style=\"color: #000000;\">\u00a0ont lieu <span style=\"color: #ff0000;\">au stade &#8220;Marc Li\u00e8vremont&#8221;<\/span>, route des Montils \u00e0 Lussault sur Loire, chaque semaine, <span style=\"color: #ff0000;\">le mardi et vendredi, de 19h30 \u00e0 21h00. Reprise des entra\u00eenements le mardi 20\/08\/2024 \u00e0 19h00, au stade &#8220;Marc Li\u00e8vremont&#8221; \u00e0 Lussault-sur-Loire.<\/span><\/span><\/span><\/span><\/p>\n<p style=\"padding-left: 40px;\"><span style=\"text-align: start;\"><span style=\"color: #000000;\"><span style=\"text-align: start; color: #000000;\">Les entra\u00eenements des <span style=\"color: #ff0000;\">F+18<\/span>\u00a0ont lieu <span style=\"color: #ff0000;\">au stade &#8220;Marc Li\u00e8vremont&#8221;<\/span>, route des Montils \u00e0 Lussault sur Loire, chaque semaine,\u00a0<span style=\"color: #ff0000;\">le lundi de 18h30 \u00e0 20h00, le jeudi de 18h15 \u00e0 19h45<\/span>. <span style=\"color: #ff0000;\">Reprise des entra\u00eenements le jeudi 29\/08\/2024 \u00e0 18h15, au stade &#8220;Marc Li\u00e8vremont&#8221;<\/span><\/span><\/span><\/span><span style=\"text-align: start; color: #000000;\"><span style=\"color: #000000;\">, route des Montils \u00e0 Lussault sur Loire.<\/span><\/span><\/p>\n<p style=\"padding-left: 40px;\"><span style=\"color: #000000;\">Les joueurs et joueuses doivent se pr\u00e9senter aux vestiaires 15 minutes avant le d\u00e9but des entra\u00eenements et pr\u00e9voir des affaires de douche.<\/span><\/p>\n<p>&nbsp;<\/p>\n","protected":false},"excerpt":{"rendered":"<p>Les M+18 et F+18, Seniors, \u00e9voluent \u00e0 15, pour les gar\u00e7ons, et \u00e0 10 pour les Filles, sur un grand terrain. Les gar\u00e7ons \u00e9voluant dans la cat\u00e9gorie M+18 doivent \u00eatre n\u00e9s en 2004 et avant.Ils participent un championnat r\u00e9gional \u00e0 XV, sous les couleurs de l&#8217;Ovale de Loire.Ils participent \u00e9galement \u00e0 un championnat \u00e0 VII [&hellip;]<\/p>\n","protected":false},"author":2,"featured_media":0,"parent":0,"menu_order":0,"comment_status":"closed","ping_status":"closed","template":"templates\/template-full-width.php","meta":[],"_links":{"self":[{"href":"https:\/\/www.ovaledeloire-amboise-rugby.fr\/index.php?rest_route=\/wp\/v2\/pages\/4745"}],"collection":[{"href":"https:\/\/www.ovaledeloire-amboise-rugby.fr\/index.php?rest_route=\/wp\/v2\/pages"}],"about":[{"href":"https:\/\/www.ovaledeloire-amboise-rugby.fr\/index.php?rest_route=\/wp\/v2\/types\/page"}],"author":[{"embeddable":true,"href":"https:\/\/www.ovaledeloire-amboise-rugby.fr\/index.php?rest_route=\/wp\/v2\/users\/2"}],"replies":[{"embeddable":true,"href":"https:\/\/www.ovaledeloire-amboise-rugby.fr\/index.php?rest_route=%2Fwp%2Fv2%2Fcomments&post=4745"}],"version-history":[{"count":11,"href":"https:\/\/www.ovaledeloire-amboise-rugby.fr\/index.php?rest_route=\/wp\/v2\/pages\/4745\/revisions"}],"predecessor-version":[{"id":4909,"href":"https:\/\/www.ovaledeloire-amboise-rugby.fr\/index.php?rest_route=\/wp\/v2\/pages\/4745\/revisions\/4909"}],"wp:attachment":[{"href":"https:\/\/www.ovaledeloire-amboise-rugby.fr\/index.php?rest_route=%2Fwp%2Fv2%2Fmedia&parent=4745"}],"curies":[{"name":"wp","href":"https:\/\/api.w.org\/{rel}","templated":true}]}}