{"id":5056,"date":"2025-07-18T18:36:46","date_gmt":"2025-07-18T16:36:46","guid":{"rendered":"https:\/\/www.ovaledeloire-amboise-rugby.fr\/?page_id=5056"},"modified":"2025-08-19T20:07:04","modified_gmt":"2025-08-19T18:07:04","slug":"saison-2025-2026","status":"publish","type":"page","link":"https:\/\/www.ovaledeloire-amboise-rugby.fr\/?page_id=5056","title":{"rendered":"SAISON 2025\/2026"},"content":{"rendered":"<h5><span style=\"color: #ff0000;\"><em><strong><span style=\"text-decoration: underline;\">REPRISE DES ENTRA\u00ceNEMENTS POUR LA SAISON 2025\/2026<\/span>\u00a0:<\/strong><\/em><\/span><\/h5>\n<ul>\n<li><span style=\"color: #000000;\"><strong>Baby-Rugby, U6, U8, U10, U12<\/strong> : samedi 30 ao\u00fbt 2025, \u00e0 10h00, au stade &#8220;Marc Li\u00e8vremont&#8221; \u00e0 Lussault-sur-Loire<\/span><\/li>\n<li><span style=\"color: #000000;\"><strong>M-14, F-15<\/strong> : jeudi 28 ao\u00fbt 2025 \u00e0 18h15, au stade &#8220;Marc Li\u00e8vremont&#8221; \u00e0 Lussault-sur-Loire<\/span><\/li>\n<li><span style=\"color: #000000;\"><strong>M16<\/strong> : mardi 26 ao\u00fbt 2025, \u00e0 18h30, au stade &#8220;Marc Li\u00e8vremont&#8221; \u00e0 Lussault-sur-Loire<\/span><\/li>\n<li><span style=\"color: #000000;\"><strong>F-18 et F+18<\/strong> : jeudi 28 ao\u00fbt 2025, \u00e0 18H15, au stade &#8220;Marc Li\u00e8vremont&#8221; \u00e0 Lussault-sur-Loire<\/span><\/li>\n<li><span style=\"color: #000000;\"><strong>M19<\/strong> : vendredi 22 ao\u00fbt 2025, \u00e0 18H30, au stade &#8220;Marc Li\u00e8vremont&#8221; \u00e0 Lussault-sur-Loire<\/span><\/li>\n<li><span style=\"color: #000000;\"><strong>M+18, Seniors Comp\u00e9titions<\/strong> : vendredi 22 ao\u00fbt 2025, \u00e0 18h30, au stade &#8220;Marc Li\u00e8vremont&#8221; \u00e0 Lussault-sur-Loire<\/span><\/li>\n<li><span style=\"color: #000000;\"><strong>Seniors Loisirs &#8220;Les Vendanges Tardives&#8221;<\/strong> : jeudi 4 septembre 2025, \u00e0 20h15, au stade Marc Li\u00e8vremont \u00e0 Lussault-sur-Loire<\/span><\/li>\n<li><span style=\"color: #000000;\"><strong>Five Loisirs &#8220;&#8230;..&#8221;<\/strong> : mercredi 3 septembre 2024, \u00e0 20h00<\/span><\/li>\n<\/ul>\n<p>&nbsp;<\/p>\n<h5><span style=\"color: #ff0000;\"><em><strong><span style=\"text-decoration: underline;\">INSCRIPTIONS POUR LA SAISON 2025\/2026<\/span>\u00a0:<\/strong><\/em><\/span><\/h5>\n<p><span style=\"color: #000000;\">T\u00e9l\u00e9chargez le formulaire qui vous concerne et, une fois rempli, transmettez-le au Club via le contact du site.\u00a0 \u00a0<\/span><span style=\"color: #000000;\"><a href=\"https:\/\/www.ovaledeloire-amboise-rugby.fr\/?page_id=5068\" target=\"_blank\" rel=\"noopener\"><img loading=\"lazy\" class=\"aligncenter wp-image-5066 size-medium\" src=\"https:\/\/www.ovaledeloire-amboise-rugby.fr\/wp-content\/uploads\/2025\/07\/Bouton-Inscription-2025-2026-D-300x90.jpg\" alt=\"\" width=\"300\" height=\"90\" srcset=\"https:\/\/www.ovaledeloire-amboise-rugby.fr\/wp-content\/uploads\/2025\/07\/Bouton-Inscription-2025-2026-D-300x90.jpg 300w, https:\/\/www.ovaledeloire-amboise-rugby.fr\/wp-content\/uploads\/2025\/07\/Bouton-Inscription-2025-2026-D.jpg 378w\" sizes=\"(max-width: 300px) 100vw, 300px\" \/><\/a><\/span><span style=\"color: #000000;\">Toutes les coordonn\u00e9es sont indiqu\u00e9es sur les dossiers d\u2019inscription si vous avez besoin d\u2019informations.<\/span><\/p>\n<p><span style=\"color: #000000;\">Vous recevrez par la suite un mail FFR pour t\u00e9l\u00e9charger le certificat m\u00e9dical et l\u2019autorisation de soins n\u00e9cessaires \u00e0 la r\u00e9alisation de la licence.<\/span><\/p>\n<p><span style=\"color: #000000;\">Le site<\/span> <a href=\"https:\/\/ovale2.ffr.fr\" target=\"_blank\" rel=\"noopener noreferrer\">ovale-2<\/a> <span style=\"color: #000000;\">vous servira \u00e0 \u00e9tablir votre licence. Un lien avec identifiant et mot de passe vous sera envoy\u00e9 par les dirigeants du Club.<\/span><\/p>\n<p>&nbsp;<\/p>\n<h5><span style=\"color: #ff0000;\"><em><strong><span style=\"text-decoration: underline;\">LES GROUPES 2025\/2026<\/span>\u00a0:<\/strong><\/em><\/span><\/h5>\n<p><span style=\"color: #ff0000;\"><em><strong><span style=\"text-decoration: underline;\">Ecole de Rugby 2025\/2026<\/span>\u00a0: Formation et suivi pour les petits Ovaliens et les petites Ovaliennes<\/strong><\/em><\/span><\/p>\n<p><span style=\"text-align: start; color: #000000;\">L&#8217;Ovale de Loire Amboise Rugby t&#8217;attend : Saison 2025\/2026.<\/span><br style=\"text-align: start;\" \/><span style=\"text-align: start; color: #000000;\">Tu es sur l&#8217;Est de la Touraine ou tu arrive dans la r\u00e9gion. Tu joues ou tu souhaite d\u00e9buter le rugby. Surtout tu d\u00e9sir partager une aventure avec des copains et des copines soud\u00e9s, tous pr\u00e9sent pour contribuer \u00e0 tes projets de vie, sportif. L&#8217;Ovale de Loire Amboise Rugby t&#8217;ouvre ses portes, Sport, Passion, Plaisir et Camaraderie<br style=\"text-align: start;\" \/>Prend vite contact avec le pr\u00e9sident ou les Coachs :<br style=\"text-align: start;\" \/>Cyril LEBOURL\u00c8S : 06-95-57-75-42\u00a0 \/\u00a0 president@ovaledeloire-amboise-rugby.fr<br style=\"text-align: start;\" \/>Arthur SCOTTO DI ROSATO : 06-01-48-69-16\u00a0 \/\u00a0 ecolederugby@ovaledeloire-amboise-rugby.fr<br style=\"text-align: start;\" \/><\/span><\/p>\n<p>&nbsp;<\/p>\n<p><span style=\"color: #ff0000;\"><em><strong><span style=\"text-decoration: underline;\">Structuration du P\u00f4le Jeunes 2025\/2026<\/span>\u00a0: Formation et continuit\u00e9 pour les jeunes Ovaliens<\/strong><\/em><\/span><\/p>\n<p><span style=\"text-align: start; color: #000000;\">L&#8217;Ovale de Loire Amboise Rugby t&#8217;attend : Saison 2025\/2026.<br style=\"text-align: start;\" \/>Tu es sur l&#8217;Est de la Touraine ou tu arrive dans la r\u00e9gion. Tu joues en championnat r\u00e9gional ou tu souhaite d\u00e9buter le rugby. Surtout tu d\u00e9sir partager une aventure humaine, solidaire et haletante, avec un club et des co\u00e9quipiers soud\u00e9s, tous pr\u00e9sent pour contribuer \u00e0 tes projets de vie, sportif. L&#8217;Ovale de Loire Amboise Rugby t&#8217;ouvre ses portes, Sport, Passion, Plaisir et Camaraderie<br style=\"text-align: start;\" \/>Prend vite contact avec le pr\u00e9sident ou les Coachs :<br style=\"text-align: start;\" \/>Cyril LEBOURL\u00c8S : 06-95-57-75-42\u00a0 \/\u00a0 president@ovaledeloire-amboise-rugby.fr<br style=\"text-align: start;\" \/>St\u00e9phane DEMBOWIAK : 06-42-17-39-32\u00a0 \/\u00a0 polejeunes@ovaledeloire-amboise-rugby.fr<br style=\"text-align: start;\" \/>Alain PURET : 06-63-36-19-09\u00a0 \/\u00a0 polejeunes@ovaledeloire-amboise-rugby.fr<\/span><\/p>\n<p>&nbsp;<\/p>\n<p><span style=\"color: #ff0000;\"><em><strong><span style=\"text-decoration: underline;\">Evolution du P\u00f4le Seniors 2025\/2026 :<\/span> Pr\u00e9paration et performance, en r\u00e9gionale 2<\/strong><\/em><\/span><\/p>\n<p><span style=\"text-align: start; color: #000000;\">L&#8217;Ovale de Loire Amboise Rugby t&#8217;attend : Saison 2025\/2026.<br style=\"text-align: start;\" \/>Tu es sur l&#8217;Est de la Touraine ou tu arrive dans la r\u00e9gion. Tu joues en championnat r\u00e9gional ou tu souhaite d\u00e9buter le rugby. Surtout tu d\u00e9sir partager une aventure humaine, solidaire et haletante, avec un club et des co\u00e9quipiers soud\u00e9s, tous pr\u00e9sent pour contribuer \u00e0 tes projets de vie, sportif. L&#8217;Ovale de Loire Amboise Rugby t&#8217;ouvre ses portes, Sport, Passion, Plaisir et Camaraderie<br style=\"text-align: start;\" \/>Prend vite contact avec le pr\u00e9sident ou les Coachs :<br style=\"text-align: start;\" \/>Cyril LEBOURL\u00c8S : 06-95-57-75-42\u00a0 \/\u00a0 president@ovaledeloire-amboise-rugby.fr<br style=\"text-align: start;\" \/>Alain PURET : 06-63-36-19-09\u00a0 \/\u00a0 seniors@ovaledeloire-amboise-rugby.fr<br style=\"text-align: start;\" \/><\/span><\/p>\n<p>&nbsp;<\/p>\n<p style=\"text-align: center;\"><a href=\"https:\/\/www.ovaledeloire-amboise-rugby.fr\/?page_id=5099\"><img loading=\"lazy\" class=\"aligncenter wp-image-5076 size-medium\" src=\"https:\/\/www.ovaledeloire-amboise-rugby.fr\/wp-content\/uploads\/2025\/07\/Bouton-EDR-2025-2026-D-300x90.jpg\" alt=\"\" width=\"300\" height=\"90\" srcset=\"https:\/\/www.ovaledeloire-amboise-rugby.fr\/wp-content\/uploads\/2025\/07\/Bouton-EDR-2025-2026-D-300x90.jpg 300w, https:\/\/www.ovaledeloire-amboise-rugby.fr\/wp-content\/uploads\/2025\/07\/Bouton-EDR-2025-2026-D.jpg 378w\" sizes=\"(max-width: 300px) 100vw, 300px\" \/><\/a><\/p>\n<p style=\"text-align: center;\"><a href=\"https:\/\/www.ovaledeloire-amboise-rugby.fr\/?page_id=5092\"><img loading=\"lazy\" class=\"aligncenter wp-image-5077 size-medium\" src=\"https:\/\/www.ovaledeloire-amboise-rugby.fr\/wp-content\/uploads\/2025\/07\/Bouton-Jeunes-2025-2026-D-300x90.jpg\" alt=\"\" width=\"300\" height=\"90\" srcset=\"https:\/\/www.ovaledeloire-amboise-rugby.fr\/wp-content\/uploads\/2025\/07\/Bouton-Jeunes-2025-2026-D-300x90.jpg 300w, https:\/\/www.ovaledeloire-amboise-rugby.fr\/wp-content\/uploads\/2025\/07\/Bouton-Jeunes-2025-2026-D.jpg 378w\" sizes=\"(max-width: 300px) 100vw, 300px\" \/><\/a><\/p>\n<p style=\"text-align: center;\"><a href=\"https:\/\/www.ovaledeloire-amboise-rugby.fr\/?page_id=5080\"><img loading=\"lazy\" class=\"aligncenter wp-image-5078 size-medium\" src=\"https:\/\/www.ovaledeloire-amboise-rugby.fr\/wp-content\/uploads\/2025\/07\/Bouton-Seniors-2025-2026-D-300x90.jpg\" alt=\"\" width=\"300\" height=\"90\" srcset=\"https:\/\/www.ovaledeloire-amboise-rugby.fr\/wp-content\/uploads\/2025\/07\/Bouton-Seniors-2025-2026-D-300x90.jpg 300w, https:\/\/www.ovaledeloire-amboise-rugby.fr\/wp-content\/uploads\/2025\/07\/Bouton-Seniors-2025-2026-D.jpg 378w\" sizes=\"(max-width: 300px) 100vw, 300px\" \/><\/a><\/p>\n<p style=\"text-align: center;\"><a href=\"https:\/\/www.ovaledeloire-amboise-rugby.fr\/?page_id=5181\"><img loading=\"lazy\" class=\"aligncenter wp-image-5079 size-medium\" src=\"https:\/\/www.ovaledeloire-amboise-rugby.fr\/wp-content\/uploads\/2025\/07\/Bouton-Loisirs-2025-2026-D-300x90.jpg\" alt=\"\" width=\"300\" height=\"90\" srcset=\"https:\/\/www.ovaledeloire-amboise-rugby.fr\/wp-content\/uploads\/2025\/07\/Bouton-Loisirs-2025-2026-D-300x90.jpg 300w, https:\/\/www.ovaledeloire-amboise-rugby.fr\/wp-content\/uploads\/2025\/07\/Bouton-Loisirs-2025-2026-D.jpg 378w\" sizes=\"(max-width: 300px) 100vw, 300px\" \/><\/a><\/p>\n<p>&nbsp;<\/p>\n<p>&nbsp;<\/p>\n<p>..<\/p>\n<p>&nbsp;<\/p>\n","protected":false},"excerpt":{"rendered":"<p>REPRISE DES ENTRA\u00ceNEMENTS POUR LA SAISON 2025\/2026\u00a0: Baby-Rugby, U6, U8, U10, U12 : samedi 30 ao\u00fbt 2025, \u00e0 10h00, au stade &#8220;Marc Li\u00e8vremont&#8221; \u00e0 Lussault-sur-Loire M-14, F-15 : jeudi 28 ao\u00fbt 2025 \u00e0 18h15, au stade &#8220;Marc Li\u00e8vremont&#8221; \u00e0 Lussault-sur-Loire M16 : mardi 26 ao\u00fbt 2025, \u00e0 18h30, au stade &#8220;Marc Li\u00e8vremont&#8221; \u00e0 Lussault-sur-Loire F-18 [&hellip;]<\/p>\n","protected":false},"author":2,"featured_media":0,"parent":0,"menu_order":0,"comment_status":"closed","ping_status":"closed","template":"templates\/template-full-width.php","meta":[],"_links":{"self":[{"href":"https:\/\/www.ovaledeloire-amboise-rugby.fr\/index.php?rest_route=\/wp\/v2\/pages\/5056"}],"collection":[{"href":"https:\/\/www.ovaledeloire-amboise-rugby.fr\/index.php?rest_route=\/wp\/v2\/pages"}],"about":[{"href":"https:\/\/www.ovaledeloire-amboise-rugby.fr\/index.php?rest_route=\/wp\/v2\/types\/page"}],"author":[{"embeddable":true,"href":"https:\/\/www.ovaledeloire-amboise-rugby.fr\/index.php?rest_route=\/wp\/v2\/users\/2"}],"replies":[{"embeddable":true,"href":"https:\/\/www.ovaledeloire-amboise-rugby.fr\/index.php?rest_route=%2Fwp%2Fv2%2Fcomments&post=5056"}],"version-history":[{"count":15,"href":"https:\/\/www.ovaledeloire-amboise-rugby.fr\/index.php?rest_route=\/wp\/v2\/pages\/5056\/revisions"}],"predecessor-version":[{"id":5190,"href":"https:\/\/www.ovaledeloire-amboise-rugby.fr\/index.php?rest_route=\/wp\/v2\/pages\/5056\/revisions\/5190"}],"wp:attachment":[{"href":"https:\/\/www.ovaledeloire-amboise-rugby.fr\/index.php?rest_route=%2Fwp%2Fv2%2Fmedia&parent=5056"}],"curies":[{"name":"wp","href":"https:\/\/api.w.org\/{rel}","templated":true}]}}