{"id":506,"date":"2017-07-22T14:22:28","date_gmt":"2017-07-22T12:22:28","guid":{"rendered":"http:\/\/wordpress.ovaledeloire-amboise-rugby.fr\/?page_id=506"},"modified":"2024-08-23T11:15:05","modified_gmt":"2024-08-23T09:15:05","slug":"pole-jeunes","status":"publish","type":"page","link":"https:\/\/www.ovaledeloire-amboise-rugby.fr\/?page_id=506","title":{"rendered":"P\u00f4le Jeunes"},"content":{"rendered":"<p>&nbsp;<\/p>\n<p><span style=\"text-align: start; color: #000000;\">L&#8217;\u00e9quipe M16 est masculine, ag\u00e9e de 14, 15 et 16 ans. Ils jouent \u00e0 XV.<\/span><\/p>\n<p><span style=\"text-align: start; color: #000000;\">L&#8217;\u00e9quipe M19 est masculine, ag\u00e9e de 16, 17, 18, 19 ans. Ils jouent \u00e0 XV<\/span><\/p>\n<p><span style=\"text-align: start; color: #000000;\">L&#8217;\u00e9quipe F18 est F\u00e9minine, ag\u00e9e de 16, 17, 18 ans. Elles jouen \u00e0 X<\/span><\/p>\n<p><span style=\"text-align: start; color: #000000;\">Ils participent tous \u00e0 un championnat r\u00e9gional \u00e0 XV ou \u00e0 X, niveau r\u00e9gional 2 voir 1, sous les couleurs de l&#8217;Ovale de Loire.<\/span><br style=\"text-align: start;\" \/><span style=\"text-align: start; color: #000000;\">Ils participent \u00e9galement \u00e0 des tournois inter-r\u00e9gionaux en fin de saison et \u00e0 un championnat \u00e0 VII en fin de saison.<\/span><\/p>\n<p>&nbsp;<\/p>\n<h5><span style=\"color: #ff0000;\"><em><strong><span style=\"text-decoration: underline;\">INFOS PRATIQUES ET ADMINISTRATIVES<\/span> :<\/strong><\/em><\/span><\/h5>\n<p style=\"padding-left: 40px;\">Pr\u00e9sident\u00a0 \u00a0 \u00a0 \u00a0 \u00a0 \u00a0 \u00a0 \u00a0 \u00a0 \u00a0 \u00a0 \u00a0 \u00a0 \u00a0 \u00a0 \u00a0:\u00a0 Cyril LEBOURL\u00c8S\u00a0 \/\u00a0 06-95-57-75-42\u00a0 \/\u00a0 president@ovaledeloire-amboise-rugby.fr<\/p>\n<p style=\"padding-left: 40px;\">Responsable P\u00f4le Jeunes\u00a0 :\u00a0 St\u00e9phane DEMBOWIAK<span style=\"text-align: start; color: #000000;\">\u00a0 \/\u00a0 06-42-17-39-32\u00a0 \/\u00a0 polejeunes@ovaledeloire-amboise-rugby.fr<\/span><\/p>\n<p style=\"padding-left: 40px;\">Secr\u00e9tariat du Club\u00a0 \u00a0 \u00a0 \u00a0 \u00a0 \u00a0 :\u00a0 Magali RAGUENEAU\u00a0 \/\u00a0 06-09-30-55-48 <span style=\"text-align: start; color: #000000;\">\u00a0\/\u00a0 secr\u00e9tariat@ovaledeloire-amboise-rugby.fr<\/span><\/p>\n<p>&nbsp;<\/p>\n<h5><em><span style=\"color: #ff0000;\"><strong><span style=\"text-decoration: underline;\">CALENDRIER ET PLANNING<\/span> :<\/strong><\/span><\/em><\/h5>\n<p style=\"padding-left: 30px;\"><span style=\"color: #000000;\">L\u2019Ovale de Loire participe \u00e9galement \u00e0 des \u00e9v\u00e9nements ou organise des rencontres sportives, en compl\u00e9ment des entra\u00eenements hebdomadaires.<\/span><\/p>\n<p style=\"padding-left: 30px;\"><span style=\"color: #000000;\">Les calendriers seront propos\u00e9s en septembre et en janvier.<\/span><\/p>\n<p>&nbsp;<\/p>\n<h5><span style=\"color: #ff0000;\"><em><strong><span style=\"text-decoration: underline;\">LES ENTRAINEMENTS<\/span> :<\/strong><\/em><\/span><span style=\"text-decoration: underline;\"><span style=\"color: #ff0000; text-decoration: underline;\"><em><strong><br \/>\n<\/strong><\/em><\/span><\/span><\/h5>\n<p style=\"padding-left: 30px;\"><span style=\"color: #000000;\">Toutes les cat\u00e9gorie du p\u00f4le jeunes ont deux entra\u00eenements par semaine, au stade &#8220;Marc Li\u00e8vremont&#8221;, route des Montils, 37400 Lussault-sur-Loire.<\/span><\/p>\n<p style=\"padding-left: 30px;\"><span style=\"color: #000000;\">Les joueurs doivent se pr\u00e9senter aux vestiaires\u00a015 minutes\u00a0avant le d\u00e9but des entra\u00eenements et pr\u00e9voir des affaires de douche.<\/span><\/p>\n<p style=\"padding-left: 30px;\"><span style=\"color: #000000;\">Les matchs se jouent le samedi, selon le championnat et un calendrier d\u00e9fini par la Ligue du Centre Val de Loire.<\/span><\/p>\n<p style=\"padding-left: 320px;\"><a href=\"https:\/\/www.ovaledeloire-amboise-rugby.fr\/?page_id=4689\" target=\"_blank\" rel=\"noopener\"><img loading=\"lazy\" class=\"aligncenter wp-image-4721 size-medium\" src=\"https:\/\/www.ovaledeloire-amboise-rugby.fr\/wp-content\/uploads\/2024\/07\/Bouton-Jeunes-2024-2025-D-300x90.jpg\" alt=\"\" width=\"300\" height=\"90\" srcset=\"https:\/\/www.ovaledeloire-amboise-rugby.fr\/wp-content\/uploads\/2024\/07\/Bouton-Jeunes-2024-2025-D-300x90.jpg 300w, https:\/\/www.ovaledeloire-amboise-rugby.fr\/wp-content\/uploads\/2024\/07\/Bouton-Jeunes-2024-2025-D.jpg 378w\" sizes=\"(max-width: 300px) 100vw, 300px\" \/><\/a><\/p>\n<p>&nbsp;<\/p>\n","protected":false},"excerpt":{"rendered":"<p>&nbsp; L&#8217;\u00e9quipe M16 est masculine, ag\u00e9e de 14, 15 et 16 ans. Ils jouent \u00e0 XV. L&#8217;\u00e9quipe M19 est masculine, ag\u00e9e de 16, 17, 18, 19 ans. Ils jouent \u00e0 XV L&#8217;\u00e9quipe F18 est F\u00e9minine, ag\u00e9e de 16, 17, 18 ans. Elles jouen \u00e0 X Ils participent tous \u00e0 un championnat r\u00e9gional \u00e0 XV ou [&hellip;]<\/p>\n","protected":false},"author":1,"featured_media":0,"parent":0,"menu_order":0,"comment_status":"closed","ping_status":"closed","template":"templates\/template-full-width.php","meta":[],"_links":{"self":[{"href":"https:\/\/www.ovaledeloire-amboise-rugby.fr\/index.php?rest_route=\/wp\/v2\/pages\/506"}],"collection":[{"href":"https:\/\/www.ovaledeloire-amboise-rugby.fr\/index.php?rest_route=\/wp\/v2\/pages"}],"about":[{"href":"https:\/\/www.ovaledeloire-amboise-rugby.fr\/index.php?rest_route=\/wp\/v2\/types\/page"}],"author":[{"embeddable":true,"href":"https:\/\/www.ovaledeloire-amboise-rugby.fr\/index.php?rest_route=\/wp\/v2\/users\/1"}],"replies":[{"embeddable":true,"href":"https:\/\/www.ovaledeloire-amboise-rugby.fr\/index.php?rest_route=%2Fwp%2Fv2%2Fcomments&post=506"}],"version-history":[{"count":11,"href":"https:\/\/www.ovaledeloire-amboise-rugby.fr\/index.php?rest_route=\/wp\/v2\/pages\/506\/revisions"}],"predecessor-version":[{"id":4814,"href":"https:\/\/www.ovaledeloire-amboise-rugby.fr\/index.php?rest_route=\/wp\/v2\/pages\/506\/revisions\/4814"}],"wp:attachment":[{"href":"https:\/\/www.ovaledeloire-amboise-rugby.fr\/index.php?rest_route=%2Fwp%2Fv2%2Fmedia&parent=506"}],"curies":[{"name":"wp","href":"https:\/\/api.w.org\/{rel}","templated":true}]}}