{"id":5068,"date":"2025-07-18T19:16:24","date_gmt":"2025-07-18T17:16:24","guid":{"rendered":"https:\/\/www.ovaledeloire-amboise-rugby.fr\/?page_id=5068"},"modified":"2025-07-24T13:04:25","modified_gmt":"2025-07-24T11:04:25","slug":"inscriptions-2024-2025-2","status":"publish","type":"page","link":"https:\/\/www.ovaledeloire-amboise-rugby.fr\/?page_id=5068","title":{"rendered":"Inscriptions 2025\/2026"},"content":{"rendered":"<p style=\"text-align: center;\"><span style=\"color: #ff0000;\"><strong>LES INSCRIPTIONS 2025\/2026 SONT OUVERTES<\/strong><\/span><\/p>\n<p style=\"text-align: center;\"><img loading=\"lazy\" class=\"aligncenter wp-image-5117 size-large\" src=\"https:\/\/www.ovaledeloire-amboise-rugby.fr\/wp-content\/uploads\/2025\/07\/FACEBOOK-20250719-1024x517.jpg\" alt=\"\" width=\"580\" height=\"293\" srcset=\"https:\/\/www.ovaledeloire-amboise-rugby.fr\/wp-content\/uploads\/2025\/07\/FACEBOOK-20250719-1024x517.jpg 1024w, https:\/\/www.ovaledeloire-amboise-rugby.fr\/wp-content\/uploads\/2025\/07\/FACEBOOK-20250719-300x151.jpg 300w, https:\/\/www.ovaledeloire-amboise-rugby.fr\/wp-content\/uploads\/2025\/07\/FACEBOOK-20250719-768x388.jpg 768w, https:\/\/www.ovaledeloire-amboise-rugby.fr\/wp-content\/uploads\/2025\/07\/FACEBOOK-20250719.jpg 1123w\" sizes=\"(max-width: 580px) 100vw, 580px\" \/><\/p>\n<p style=\"text-align: center;\">T\u00e9l\u00e9chargez le formulaire qui vous concerne et, une fois rempli, transmettez-le au Club via le contact du site.<\/p>\n<p style=\"text-align: center;\"><a href=\"https:\/\/www.ovaledeloire-amboise-rugby.fr\/wp-content\/uploads\/2025\/07\/Dossier-dInscription-ODLAR-Charte-2025-2026.pdf\">Dossier d&#8217;Inscription ODLAR &#8211; Charte &#8211; 2025-2026<\/a><\/p>\n<p style=\"text-align: center;\"><a href=\"https:\/\/www.ovaledeloire-amboise-rugby.fr\/wp-content\/uploads\/2025\/07\/Dossier-dInscription-ODLAR-Reglement-Interieur-2025-2026.pdf\">Dossier d&#8217;Inscription ODLAR &#8211; R\u00e8glement Int\u00e9rieur &#8211; 2025-2026<\/a><\/p>\n<p style=\"text-align: center;\"><a href=\"https:\/\/www.ovaledeloire-amboise-rugby.fr\/wp-content\/uploads\/2025\/07\/Dossier-dInscription-ODLAR-Seniors-Competitions-2025-2026.pdf\" target=\"_blank\" rel=\"noopener\">Dossier d&#8217;Inscription ODLAR &#8211; Seniors Comp\u00e9titions &#8211; 2025-2026<\/a><\/p>\n<p style=\"text-align: center;\"><a href=\"https:\/\/www.ovaledeloire-amboise-rugby.fr\/wp-content\/uploads\/2025\/07\/Dossier-dInscription-ODLAR-Jeunes-2025-2026-1.pdf\" target=\"_blank\" rel=\"noopener\">Dossier d&#8217;Inscription ODLAR &#8211; Jeunes &#8211; 2025-2026<\/a><\/p>\n<p style=\"text-align: center;\"><a href=\"https:\/\/www.ovaledeloire-amboise-rugby.fr\/wp-content\/uploads\/2025\/07\/Dossier-dInscription-ODLAR-EDR-2025-2026-1.pdf\" target=\"_blank\" rel=\"noopener\">Dossier d&#8217;Inscription ODLAR &#8211; EDR &#8211; 2025-2026<\/a><\/p>\n<p style=\"text-align: center;\"><a href=\"https:\/\/www.ovaledeloire-amboise-rugby.fr\/wp-content\/uploads\/2025\/07\/Dossier-dInscription-ODLAR-Loisirs-et-Five-25-26.pdf\">Dossier d&#8217;Inscription ODLAR &#8211; Loisirs et Five &#8211; 25-26<\/a><\/p>\n<p style=\"text-align: center;\"><a href=\"https:\/\/www.ovaledeloire-amboise-rugby.fr\/wp-content\/uploads\/2025\/07\/Dossier-dInscription-ODLAR-Encadrement-2025-2026.pdf\">Dossier d&#8217;Inscription ODLAR &#8211; Encadrement &#8211; 2025-2026<\/a><\/p>\n<p>&nbsp;<\/p>\n<p style=\"text-align: center;\">Toutes les coordonn\u00e9es sont indiqu\u00e9es sur les dossiers d\u2019inscription si vous avez besoin d\u2019informations.<\/p>\n<p style=\"text-align: center;\">Vous recevrez par la suite un mail FFR pour t\u00e9l\u00e9charger le certificat m\u00e9dical et l\u2019autorisation de soins n\u00e9cessaires \u00e0 la r\u00e9alisation de la licence.<\/p>\n<p style=\"text-align: center;\">Le site\u00a0<a href=\"https:\/\/ovale2.ffr.fr\/\" target=\"_blank\" rel=\"noopener noreferrer\">ovale-2<\/a>\u00a0vous servira \u00e0 \u00e9tablir votre licence. Un lien avec identifiant et mot de passe vous sera envoy\u00e9 par les dirigeants du Club.<\/p>\n<div style=\"text-align: center;\">***<\/div>\n<div style=\"text-align: center;\"><\/div>\n<div style=\"text-align: center;\">\n<h6><em><strong>ETRE SOUTENU D\u00c8S VOTRE ARRIV\u00c9 AU CLUB : VOICI COMMENT EN PROFITER.<\/strong><\/em><\/h6>\n<div><\/div>\n<div>La CAF de votre r\u00e9gion peut vous fournir une somme de cinquante euros, d\u00e9clin\u00e9e en 5 pass de dix euros. Elle vous permet de financer votre inscription au club. Mais soyez prudent: les modalit\u00e9s d\u2019attribution varient d\u2019une r\u00e9gion \u00e0 l\u2019autre. Renseignez vous si vous souhaitez\u00a0<a href=\"https:\/\/www.fournisseur-energie.com\/edf-demenagement\/\" target=\"_blank\" rel=\"noopener noreferrer\" data-saferedirecturl=\"https:\/\/www.google.com\/url?q=https:\/\/www.fournisseur-energie.com\/edf-demenagement\/&amp;source=gmail&amp;ust=1603877959958000&amp;usg=AFQjCNHpZPR1Pc9wvBTQzwtNhpvfDy4MyQ\">d\u00e9m\u00e9nager<\/a>\u00a0dans la r\u00e9gion.<\/div>\n<div>Afin de payer un stage sportif, des cours ou encore une adh\u00e9sion sportive, vous pouvez b\u00e9n\u00e9ficier du\u00a0<a href=\"https:\/\/www.ancv.com\/le-coupon-sport\" target=\"_blank\" rel=\"noopener noreferrer\" data-saferedirecturl=\"https:\/\/www.google.com\/url?q=https:\/\/www.ancv.com\/le-coupon-sport&amp;source=gmail&amp;ust=1603877959958000&amp;usg=AFQjCNGKXW6Xp5PPvMd33HOqqT1jDihvow\">Coupon Sport<\/a>, dont le montant peut \u00eatre de 10\u20ac, 15\u20ac ou 20\u20ac.<\/div>\n<div>Un article a \u00e9t\u00e9 r\u00e9dig\u00e9 pour vous fournir des informations des plus exhaustives:\u00a0<a href=\"https:\/\/www.papernest.com\/etat-des-lieux\/actualites\/aides-pratique-sportive\/\" target=\"_blank\" rel=\"noopener noreferrer\" data-saferedirecturl=\"https:\/\/www.google.com\/url?q=https:\/\/www.papernest.com\/etat-des-lieux\/actualites\/aides-pratique-sportive\/&amp;source=gmail&amp;ust=1603877959958000&amp;usg=AFQjCNGJHFlH23Movm-51VTHiCAf0kdSAw\">https:\/\/www.papernest.com\/<wbr \/>etat-des-lieux\/actualites\/<wbr \/>aides-pratique-sportive\/<\/a>.<\/div>\n<\/div>\n<div style=\"text-align: center;\"><\/div>\n<div style=\"text-align: center;\"><\/div>\n<div>\n<div style=\"text-align: center;\">***<\/div>\n<\/div>\n<div style=\"text-align: center;\"><a href=\"https:\/\/www.ovaledeloire-amboise-rugby.fr\/wp-content\/uploads\/2023\/07\/Aides-au-financement-dune-licence-sportive.pdf\" target=\"_blank\" rel=\"noopener\">Aides au financement d&#8217;une licence sportive<\/a><\/div>\n<div><\/div>\n<div style=\"text-align: center;\"><a href=\"https:\/\/www.ovaledeloire-amboise-rugby.fr\/wp-content\/uploads\/2023\/07\/PASS-SPORT.pdf\" target=\"_blank\" rel=\"noopener\">PASS SPORT<\/a><\/div>\n<div><\/div>\n<div style=\"text-align: center;\"><a href=\"https:\/\/www.ovaledeloire-amboise-rugby.fr\/wp-content\/uploads\/2023\/07\/Coupon-Sport-ANCV.pdf\" target=\"_blank\" rel=\"noopener\">Coupon Sport &#8211; ANCV<\/a><\/div>\n<div><\/div>\n<div>\n<h5><span style=\"color: #ff0000;\"><em><strong><span style=\"text-decoration: underline;\">REPRISE DES ENTRA\u00ceNEMENTS POUR LA SAISON 2025\/2026<\/span>\u00a0:<\/strong><\/em><\/span><\/h5>\n<ul>\n<li><span style=\"color: #000000;\"><strong>Baby-Rugby, U6, U8, U10, U12<\/strong> : samedi 31 ao\u00fbt 2024, \u00e0 10h00, au stade &#8220;Marc Li\u00e8vremont&#8221; \u00e0 Lussault-sur-Loire<\/span><\/li>\n<li><span style=\"color: #000000;\"><strong>M-14, F-15<\/strong> : jeudi 29 ao\u00fbt 2024, \u00e0 18h15, au stade &#8220;Marc Li\u00e8vremont&#8221; \u00e0 Lussault-sur-Loire<\/span><\/li>\n<li><span style=\"color: #000000;\"><strong>M16<\/strong> : mardi 20 ao\u00fbt 2024, \u00e0 18h30, au stade &#8220;Marc Li\u00e8vremont&#8221; \u00e0 Lussault-sur-Loire<\/span><\/li>\n<li><span style=\"color: #000000;\"><strong>F-18 et F+18<\/strong> : jeudi 29 ao\u00fbt 2024, \u00e0 18H15, au stade &#8220;Marc Li\u00e8vremont&#8221; \u00e0 Lussault-sur-Loire<\/span><\/li>\n<li><span style=\"color: #000000;\"><strong>M19<\/strong> : mardi 20 ao\u00fbt 2024, \u00e0 19H00, au stade &#8220;Marc Li\u00e8vremont&#8221; \u00e0 Lussault-sur-Loire<\/span><\/li>\n<li><span style=\"color: #000000;\"><strong>M+18, Seniors Comp\u00e9titions<\/strong> : mardi 20 ao\u00fbt 2024, \u00e0 19h00, au stade &#8220;Marc Li\u00e8vremont&#8221; \u00e0 Lussault-sur-Loire<\/span><\/li>\n<li><span style=\"color: #000000;\"><strong>Seniors Loisirs &#8220;Les Vendanges Tardives&#8221;<\/strong> : jeudi 5 septembre 2024, \u00e0 20h00, au stade Marc Li\u00e8vremont \u00e0 Lussault-sur-Loire<\/span><\/li>\n<li><span style=\"color: #000000;\"><strong>Five Loisirs &#8220;&#8230;..&#8221;<\/strong> : jeudi 5 septembre 2024, \u00e0 20h00<\/span><\/li>\n<\/ul>\n<\/div>\n<div><\/div>\n","protected":false},"excerpt":{"rendered":"<p>LES INSCRIPTIONS 2025\/2026 SONT OUVERTES T\u00e9l\u00e9chargez le formulaire qui vous concerne et, une fois rempli, transmettez-le au Club via le contact du site. Dossier d&#8217;Inscription ODLAR &#8211; Charte &#8211; 2025-2026 Dossier d&#8217;Inscription ODLAR &#8211; R\u00e8glement Int\u00e9rieur &#8211; 2025-2026 Dossier d&#8217;Inscription ODLAR &#8211; Seniors Comp\u00e9titions &#8211; 2025-2026 Dossier d&#8217;Inscription ODLAR &#8211; Jeunes &#8211; 2025-2026 Dossier d&#8217;Inscription [&hellip;]<\/p>\n","protected":false},"author":2,"featured_media":0,"parent":0,"menu_order":0,"comment_status":"closed","ping_status":"closed","template":"","meta":[],"_links":{"self":[{"href":"https:\/\/www.ovaledeloire-amboise-rugby.fr\/index.php?rest_route=\/wp\/v2\/pages\/5068"}],"collection":[{"href":"https:\/\/www.ovaledeloire-amboise-rugby.fr\/index.php?rest_route=\/wp\/v2\/pages"}],"about":[{"href":"https:\/\/www.ovaledeloire-amboise-rugby.fr\/index.php?rest_route=\/wp\/v2\/types\/page"}],"author":[{"embeddable":true,"href":"https:\/\/www.ovaledeloire-amboise-rugby.fr\/index.php?rest_route=\/wp\/v2\/users\/2"}],"replies":[{"embeddable":true,"href":"https:\/\/www.ovaledeloire-amboise-rugby.fr\/index.php?rest_route=%2Fwp%2Fv2%2Fcomments&post=5068"}],"version-history":[{"count":15,"href":"https:\/\/www.ovaledeloire-amboise-rugby.fr\/index.php?rest_route=\/wp\/v2\/pages\/5068\/revisions"}],"predecessor-version":[{"id":5141,"href":"https:\/\/www.ovaledeloire-amboise-rugby.fr\/index.php?rest_route=\/wp\/v2\/pages\/5068\/revisions\/5141"}],"wp:attachment":[{"href":"https:\/\/www.ovaledeloire-amboise-rugby.fr\/index.php?rest_route=%2Fwp%2Fv2%2Fmedia&parent=5068"}],"curies":[{"name":"wp","href":"https:\/\/api.w.org\/{rel}","templated":true}]}}