{"id":5086,"date":"2025-07-18T19:46:05","date_gmt":"2025-07-18T17:46:05","guid":{"rendered":"https:\/\/www.ovaledeloire-amboise-rugby.fr\/?page_id=5086"},"modified":"2026-03-04T13:21:17","modified_gmt":"2026-03-04T12:21:17","slug":"seniors-competitions-masculins-2025-2026","status":"publish","type":"page","link":"https:\/\/www.ovaledeloire-amboise-rugby.fr\/?page_id=5086","title":{"rendered":"Seniors Comp\u00e9titions Masculins &#8211; 2025\/2026"},"content":{"rendered":"<p><img loading=\"lazy\" class=\"aligncenter wp-image-5200 size-large\" src=\"https:\/\/www.ovaledeloire-amboise-rugby.fr\/wp-content\/uploads\/2026\/03\/20260301a-M18-Classement-R2-1024x724.jpg\" alt=\"\" width=\"580\" height=\"410\" srcset=\"https:\/\/www.ovaledeloire-amboise-rugby.fr\/wp-content\/uploads\/2026\/03\/20260301a-M18-Classement-R2-1024x724.jpg 1024w, https:\/\/www.ovaledeloire-amboise-rugby.fr\/wp-content\/uploads\/2026\/03\/20260301a-M18-Classement-R2-300x212.jpg 300w, https:\/\/www.ovaledeloire-amboise-rugby.fr\/wp-content\/uploads\/2026\/03\/20260301a-M18-Classement-R2-768x543.jpg 768w, https:\/\/www.ovaledeloire-amboise-rugby.fr\/wp-content\/uploads\/2026\/03\/20260301a-M18-Classement-R2.jpg 1123w\" sizes=\"(max-width: 580px) 100vw, 580px\" \/><\/p>\n<p>&nbsp;<\/p>\n<p><span style=\"text-align: start; color: #000000;\">L&#8217;Ovale de Loire Amboise Rugby t&#8217;attend : Saison 2025\/2026.<br style=\"text-align: start;\" \/>Tu es sur l&#8217;Est de la Touraine ou tu arrive dans la r\u00e9gion. Tu joues en championnat r\u00e9gional ou tu souhaite d\u00e9buter le rugby. Surtout tu d\u00e9sir partager une aventure humaine, solidaire et haletante, avec un club et des co\u00e9quipiers soud\u00e9s, tous pr\u00e9sent pour contribuer \u00e0 tes projets de vie, sportif. L&#8217;Ovale de Loire Amboise Rugby t&#8217;ouvre ses portes, Sport, Passion, Plaisir et Camaraderie<br style=\"text-align: start;\" \/>Prend vite contact avec le pr\u00e9sident ou les Coachs :<br style=\"text-align: start;\" \/>Cyril LEBOURL\u00c8S : 06-95-57-75-42\u00a0 \/\u00a0 president@ovaledeloire-amboise-rugby.fr<br style=\"text-align: start;\" \/>Alain PURET : 06-63-36-19-09\u00a0 \/\u00a0 seniors@ovaledeloire-amboise-rugby.fr<\/span><\/p>\n<p><a href=\"https:\/\/www.ovaledeloire-amboise-rugby.fr\/?page_id=5068\" target=\"_blank\" rel=\"noopener\"><img loading=\"lazy\" class=\"aligncenter wp-image-5066 size-medium\" src=\"https:\/\/www.ovaledeloire-amboise-rugby.fr\/wp-content\/uploads\/2025\/07\/Bouton-Inscription-2025-2026-D-300x90.jpg\" alt=\"\" width=\"300\" height=\"90\" srcset=\"https:\/\/www.ovaledeloire-amboise-rugby.fr\/wp-content\/uploads\/2025\/07\/Bouton-Inscription-2025-2026-D-300x90.jpg 300w, https:\/\/www.ovaledeloire-amboise-rugby.fr\/wp-content\/uploads\/2025\/07\/Bouton-Inscription-2025-2026-D.jpg 378w\" sizes=\"(max-width: 300px) 100vw, 300px\" \/><br \/>\n<\/a><span style=\"text-decoration: underline; color: #ff0000;\"><em><strong>ENTRAINEMENTS 2025\/2026<\/strong><\/em><\/span><span style=\"text-decoration: underline; color: #ff0000;\"><em><strong>\u00a0:<\/strong><\/em><\/span><\/p>\n<p style=\"padding-left: 40px;\"><span style=\"color: #000000;\">Les entra\u00eenements ont lieu <strong><span style=\"color: #ff0000;\">au stade &#8220;Marc Li\u00e8vremont&#8221;<\/span><\/strong>, route des Montils \u00e0 Lussault sur Loire, chaque semaine, <span style=\"text-align: start; color: #000000;\"><strong><span style=\"color: #ff0000;\">le mardi de 19h30 \u00e0 21h00, le vendredi de 19h30 \u00e0 21h00<\/span><\/strong><\/span>.<br style=\"text-align: start;\" \/><span style=\"text-align: start; color: #000000;\"><strong><span style=\"color: #ff0000;\">Reprise des entra\u00eenements le vendredi 22 ao\u00fbt 2025 \u00e0 18h30, au stade Marc Li\u00e8vremont, \u00e0 Lussault-sur-Loire<\/span><\/strong>.<br style=\"text-align: start;\" \/><\/span><\/span><span style=\"text-align: start; color: #000000;\">Les joueurs doivent se pr\u00e9senter aux vestiaires 15 minutes avant le d\u00e9but des entra\u00eenements et pr\u00e9voir des affaire de rechange et le n\u00e9cessaire pour la douche.<\/span><\/p>\n<p>&nbsp;<\/p>\n<h5><span style=\"text-decoration: underline; color: #ff0000;\"><strong><em>ENCADREMENT ET COACHS 2025\/2026 :<\/em><\/strong><\/span><\/h5>\n<p style=\"padding-left: 40px;\"><em><strong><span style=\"text-align: start; color: #000000;\"><span style=\"color: #000000;\">Entra\u00eeneurs<\/span><\/span><\/strong><\/em><span style=\"text-align: start; color: #000000;\"><span style=\"color: #000000;\"><em><strong>\u00a0:<\/strong><\/em><br style=\"text-align: start;\" \/>Alain PURET (R\u00e9f\u00e9rent Seniors), Sylvain CHEVALIER.<br style=\"text-align: start;\" \/><\/span><\/span><span style=\"text-align: start; color: #000000;\"><span style=\"color: #000000;\"><em><strong>Encadrement<\/strong><\/em><em><strong>\u00a0:<\/strong><\/em><br style=\"text-align: start;\" \/>Geoffrey PONIARD<\/span><\/span> (soigneur), Francis LEDYS (Soigneur et Mat\u00e9riel), Cyril JULIEN, Cyril LEBOURL\u00c8S, S\u00e9verine DENONIN, Magali TISON (Intendance et administration), Francis Claudel ( Photographe)<\/p>\n<p>&nbsp;<\/p>\n<h5><span style=\"text-decoration: underline; color: #ff0000;\"><strong><em>LE GROUPE 2025\/2026 :<\/em><\/strong><\/span><\/h5>\n<p style=\"padding-left: 40px;\">80% du groupe 2024\/2025 reste \u00e0 l&#8217;Ovale de Loire. Plusieurs nouvelles recrues vont nous rejoindre, d&#8217;autre discussion sont en cours, et les mont\u00e9s des jeunes form\u00e9s au club\u00a0 pour un groupe de 40 joueurs.<\/p>\n<p>&nbsp;<\/p>\n<h5><strong><em><span style=\"color: #ff0000; text-decoration: underline;\">COMPETITIONS, CADRE D&#8217;EVOLUTION 2025\/2026 :<\/span><\/em><\/strong><\/h5>\n<p style=\"text-align: justify; padding-left: 40px;\"><span style=\"color: #000000;\">Les Seniors comp\u00e9tition\u00a0p<span style=\"text-align: start;\">articipent au championnat r\u00e9gional de s\u00e9rie, \u00e0 XV. L&#8217;objectif de la saison 2025\/2026 est de renforcer le groupe, avec les jeunes form\u00e9s au club et des nouvelles recrues pour envisager le haut de tableau en R2.<\/span><\/span><br style=\"text-align: start;\" \/><span style=\"text-align: start; color: #000000;\">Ci-dessous, la poule r\u00e9gional 2, pour la saison 2025\/2026.<\/span><\/p>\n<p style=\"text-align: center;\"><a href=\"https:\/\/www.ovaledeloire-amboise-rugby.fr\/wp-content\/uploads\/2025\/07\/20250710-M18-Calendrier-R2.jpg\" target=\"_blank\" rel=\"noopener\"><img loading=\"lazy\" class=\"aligncenter wp-image-5083 size-large\" src=\"https:\/\/www.ovaledeloire-amboise-rugby.fr\/wp-content\/uploads\/2025\/07\/20250710-M18-Calendrier-R2-1024x724.jpg\" alt=\"\" width=\"580\" height=\"410\" srcset=\"https:\/\/www.ovaledeloire-amboise-rugby.fr\/wp-content\/uploads\/2025\/07\/20250710-M18-Calendrier-R2-1024x724.jpg 1024w, https:\/\/www.ovaledeloire-amboise-rugby.fr\/wp-content\/uploads\/2025\/07\/20250710-M18-Calendrier-R2-300x212.jpg 300w, https:\/\/www.ovaledeloire-amboise-rugby.fr\/wp-content\/uploads\/2025\/07\/20250710-M18-Calendrier-R2-768x543.jpg 768w, https:\/\/www.ovaledeloire-amboise-rugby.fr\/wp-content\/uploads\/2025\/07\/20250710-M18-Calendrier-R2.jpg 1123w\" sizes=\"(max-width: 580px) 100vw, 580px\" \/><\/a><\/p>\n<p>&nbsp;<\/p>\n<p style=\"padding-left: 40px;\"><span style=\"text-align: start; color: #000000;\">Ils participent \u00e9galement au championnat \u00e0 VII<span style=\"color: #000000;\"><span style=\"text-align: start;\">.<\/span><\/span><br style=\"text-align: start;\" \/>En fin de saison i<\/span><span style=\"text-align: start; color: #000000;\">ls participent \u00e9galement \u00e0 des tournois inter-r\u00e9gionaux<\/span><\/p>\n<p style=\"padding-left: 40px;\">Les d\u00e9placements se font en bus ou minibus et covoiturage.<\/p>\n<h5><span style=\"color: #ff0000;\"><em><strong><span style=\"text-decoration: underline;\">REFERENTS SPORTIFS ET ADMINISTRATIFS 2025\/2026 :<\/span><\/strong><\/em><\/span><\/h5>\n<ul>\n<li>Coach\u00a0 \u00a0 \u00a0 \u00a0 \u00a0 \u00a0 \u00a0 \u00a0 \u00a0 \u00a0 \u00a0 \u00a0 \u00a0 \u00a0 \u00a0 \u00a0 \u00a0 \u00a0 \u00a0 \u00a0 \u00a0 \u00a0 \u00a0 \u00a0 \u00a0:\u00a0 <span style=\"text-align: start; color: #000000;\">Alain PURET\u00a0 \/\u00a0 06-63-36-19-09\u00a0 \/\u00a0 seniors@ovaledeloire-amboise-rugby.fr<\/span><\/li>\n<li>Coach Assistant\u00a0 \u00a0 \u00a0 \u00a0 \u00a0 \u00a0 \u00a0 \u00a0 \u00a0 \u00a0 \u00a0 \u00a0 \u00a0 \u00a0 \u00a0 :\u00a0 Sylvain CHEVALIER\u00a0 \/\u00a0 <span style=\"text-align: start; color: #000000;\">06-65-30-45-50\u00a0 \/\u00a0 seniors@ovaledeloire-amboise-rugby.fr<\/span><\/li>\n<li>Soigneur\u00a0 \u00a0 \u00a0 \u00a0 \u00a0 \u00a0 \u00a0 \u00a0 \u00a0 \u00a0 \u00a0 \u00a0 \u00a0 \u00a0 \u00a0 \u00a0 \u00a0 \u00a0 \u00a0 \u00a0 \u00a0 \u00a0:\u00a0 Geoffrey PONIARD, Francis LEDYS\u00a0 \/\u00a0 <span style=\"color: #000000;\">seniors@ovaledeloire-amboise-rugby.fr<\/span><\/li>\n<li>Administratif\u00a0 \u00a0 \u00a0 \u00a0 \u00a0 \u00a0 \u00a0 \u00a0 \u00a0 \u00a0 \u00a0 \u00a0 \u00a0 \u00a0 \u00a0 \u00a0 \u00a0 \u00a0:\u00a0 S\u00e9verine DENONIN, Cyril LEBOURL\u00c8S, Magali TISON\u00a0 \/\u00a0 seniors@ovaledeloire-amboise-rugby.fr<\/li>\n<li>Intendance\u00a0 \u00a0 \u00a0 \u00a0 \u00a0 \u00a0 \u00a0 \u00a0 \u00a0 \u00a0 \u00a0 \u00a0 \u00a0 \u00a0 \u00a0 \u00a0 \u00a0 \u00a0 \u00a0 \u00a0:\u00a0 Cyril JULIEN\u00a0 \/\u00a0 seniors@ovaledeloire-amboise-rugby.fr<\/li>\n<li>Pr\u00e9sident\u00a0 \u00a0 \u00a0 \u00a0 \u00a0 \u00a0 \u00a0 \u00a0 \u00a0 \u00a0 \u00a0 \u00a0 \u00a0 \u00a0 \u00a0 \u00a0 \u00a0 \u00a0 \u00a0 \u00a0 \u00a0 :\u00a0 Cyril LEBOURL\u00c8S\u00a0 \/\u00a0 06-95-57-75-42\u00a0 \/\u00a0 president@ovaledeloire-amboise-rugby.fr<\/li>\n<li>Secr\u00e9tariat du Club\u00a0 \u00a0 \u00a0 \u00a0 \u00a0 \u00a0 \u00a0 \u00a0 \u00a0 \u00a0 \u00a0 \u00a0:\u00a0 Cathy WALTER <span style=\"text-align: start; color: #000000;\">\u00a0\/\u00a0 secr\u00e9tariat@ovaledeloire-amboise-rugby.fr<\/span><\/li>\n<li>Photographe\u00a0 \u00a0 \u00a0 \u00a0 \u00a0 \u00a0 \u00a0 \u00a0 \u00a0 \u00a0 \u00a0 \u00a0 \u00a0 \u00a0 \u00a0 \u00a0 \u00a0 \u00a0:\u00a0 Francis CLAUDEL<\/li>\n<\/ul>\n<p>&nbsp;<\/p>\n","protected":false},"excerpt":{"rendered":"<p>&nbsp; L&#8217;Ovale de Loire Amboise Rugby t&#8217;attend : Saison 2025\/2026.Tu es sur l&#8217;Est de la Touraine ou tu arrive dans la r\u00e9gion. Tu joues en championnat r\u00e9gional ou tu souhaite d\u00e9buter le rugby. Surtout tu d\u00e9sir partager une aventure humaine, solidaire et haletante, avec un club et des co\u00e9quipiers soud\u00e9s, tous pr\u00e9sent pour contribuer \u00e0 [&hellip;]<\/p>\n","protected":false},"author":2,"featured_media":0,"parent":0,"menu_order":0,"comment_status":"closed","ping_status":"closed","template":"templates\/template-full-width.php","meta":[],"_links":{"self":[{"href":"https:\/\/www.ovaledeloire-amboise-rugby.fr\/index.php?rest_route=\/wp\/v2\/pages\/5086"}],"collection":[{"href":"https:\/\/www.ovaledeloire-amboise-rugby.fr\/index.php?rest_route=\/wp\/v2\/pages"}],"about":[{"href":"https:\/\/www.ovaledeloire-amboise-rugby.fr\/index.php?rest_route=\/wp\/v2\/types\/page"}],"author":[{"embeddable":true,"href":"https:\/\/www.ovaledeloire-amboise-rugby.fr\/index.php?rest_route=\/wp\/v2\/users\/2"}],"replies":[{"embeddable":true,"href":"https:\/\/www.ovaledeloire-amboise-rugby.fr\/index.php?rest_route=%2Fwp%2Fv2%2Fcomments&post=5086"}],"version-history":[{"count":6,"href":"https:\/\/www.ovaledeloire-amboise-rugby.fr\/index.php?rest_route=\/wp\/v2\/pages\/5086\/revisions"}],"predecessor-version":[{"id":5206,"href":"https:\/\/www.ovaledeloire-amboise-rugby.fr\/index.php?rest_route=\/wp\/v2\/pages\/5086\/revisions\/5206"}],"wp:attachment":[{"href":"https:\/\/www.ovaledeloire-amboise-rugby.fr\/index.php?rest_route=%2Fwp%2Fv2%2Fmedia&parent=5086"}],"curies":[{"name":"wp","href":"https:\/\/api.w.org\/{rel}","templated":true}]}}