{"id":5092,"date":"2025-07-18T20:09:41","date_gmt":"2025-07-18T18:09:41","guid":{"rendered":"https:\/\/www.ovaledeloire-amboise-rugby.fr\/?page_id=5092"},"modified":"2025-07-18T20:21:03","modified_gmt":"2025-07-18T18:21:03","slug":"pole-jeunes-2025-2026","status":"publish","type":"page","link":"https:\/\/www.ovaledeloire-amboise-rugby.fr\/?page_id=5092","title":{"rendered":"P\u00f4le Jeunes 2025\/2026"},"content":{"rendered":"<p><a href=\"https:\/\/www.ovaledeloire-amboise-rugby.fr\/wp-content\/uploads\/2023\/08\/Affiche-Pole-Jeunes-Reprise-23-24.jpg\" target=\"_blank\" rel=\"noopener\"><img loading=\"lazy\" class=\"aligncenter wp-image-4577 size-large\" src=\"https:\/\/www.ovaledeloire-amboise-rugby.fr\/wp-content\/uploads\/2023\/08\/Affiche-Pole-Jeunes-Reprise-23-24-1024x724.jpg\" alt=\"\" width=\"580\" height=\"410\" srcset=\"https:\/\/www.ovaledeloire-amboise-rugby.fr\/wp-content\/uploads\/2023\/08\/Affiche-Pole-Jeunes-Reprise-23-24-1024x724.jpg 1024w, https:\/\/www.ovaledeloire-amboise-rugby.fr\/wp-content\/uploads\/2023\/08\/Affiche-Pole-Jeunes-Reprise-23-24-300x212.jpg 300w, https:\/\/www.ovaledeloire-amboise-rugby.fr\/wp-content\/uploads\/2023\/08\/Affiche-Pole-Jeunes-Reprise-23-24-768x543.jpg 768w, https:\/\/www.ovaledeloire-amboise-rugby.fr\/wp-content\/uploads\/2023\/08\/Affiche-Pole-Jeunes-Reprise-23-24.jpg 1123w\" sizes=\"(max-width: 580px) 100vw, 580px\" \/><\/a><\/p>\n<p><span style=\"text-align: start; color: #000000;\"><span style=\"color: #000000;\">Les M-16, Cadets, et les M-18, M-19, Juniors, \u00e9voluent \u00e0 15 sur un grand terrain.<\/span><\/span><\/p>\n<p><span style=\"text-align: start; color: #000000;\">Les gar\u00e7ons \u00e9voluant dans les cat\u00e9gories M-16, M-18 et M-19 doivent \u00eatre n\u00e9s en 2010\/2011 pour les Cadets et en 2007\/2008\/2009 pour les Juniors.<\/span><br style=\"text-align: start;\" \/><span style=\"text-align: start; color: #000000;\">Ils participent un championnat r\u00e9gional \u00e0 XV, sous les couleurs de l&#8217;Ovale de Loire.<\/span><br style=\"text-align: start;\" \/><span style=\"text-align: start; color: #000000;\">Ils participent \u00e9galement \u00e0 des tournois inter-r\u00e9gionaux en fin de saison et \u00e0 un championnat \u00e0 VII en fin de saison.<\/span><\/p>\n<p><span style=\"text-align: start; color: #000000;\">Les filles \u00e9voluant dans la cat\u00e9gorie F-18 doivent \u00eatre n\u00e9s en 2008\/2009\/2010 pour les Juniores.<\/span><br style=\"text-align: start;\" \/><span style=\"text-align: start; color: #000000;\">Les Juniores participeront un championnat r\u00e9gional \u00e0 X, la saison prochaine, ou en entente avec Loches et Esvres.<br style=\"text-align: start;\" \/>Elles participent \u00e9galement \u00e0 des tournois inter-r\u00e9gionaux en fin de saison en fin de saison.<\/span><\/p>\n<h5><em style=\"color: #ff0000;\"><strong><span style=\"text-decoration: underline;\">INFOS PRATIQUES ET ADMINISTRATIVES<\/span> :<\/strong><\/em><\/h5>\n<p style=\"padding-left: 40px;\">responsable masculin : St\u00e9phane DEMBOWIAK &#8211; 06 42 17 39 32\u00a0 &#8211; polejeunes@ovaledeloire-amboise-rugby.fr<\/p>\n<p style=\"padding-left: 40px;\">Responsable f\u00e9minin\u00a0 \u00a0 \u00a0: Christophe BONNEFOY &#8211; 06 83 16 57 98\u00a0 &#8211; feminines@ovaledeloire-amboise-rugby.fr<\/p>\n<p style=\"padding-left: 40px;\">Secr\u00e9tariat Seniors\u00a0 \u00a0 \u00a0: S\u00e9verine DELORME &#8211; polejeunes@ovaledeloire-amboise-rugby.fr<\/p>\n<p style=\"padding-left: 40px;\">Pr\u00e9sident du Club\u00a0 \u00a0 \u00a0 \u00a0 \u00a0 \u00a0 \u00a0 \u00a0:\u00a0 Cyril LEBOURL\u00c8S &#8211; 06 95 57 75 42 &#8211; president@ovaledeloire-amboise-rugby.fr<\/p>\n<p style=\"padding-left: 40px;\">La majeur partie des informations sera communiqu\u00e9e aux licenci\u00e9s, par mail et via l&#8217;application SportEasy<\/p>\n<p>&nbsp;<\/p>\n<h5><em><span style=\"color: #ff0000;\"><strong><span style=\"text-decoration: underline;\">CALENDRIER ET PLANNING<\/span> :<\/strong><\/span><\/em><\/h5>\n<p style=\"padding-left: 40px;\"><span style=\"color: #000000;\">L\u2019Ovale de Loire participe \u00e9galement \u00e0 des \u00e9v\u00e9nements ou organise des rencontres sportives, en compl\u00e9ment des entra\u00eenements hebdomadaires.<\/span><\/p>\n<p style=\"padding-left: 40px;\"><span style=\"color: #000000;\">Les calendriers seront propos\u00e9s en septembre et en janvier.<\/span><\/p>\n<p>&nbsp;<\/p>\n<h5><span style=\"color: #ff0000;\"><em><strong><span style=\"text-decoration: underline;\">LES ENTRAINEMENTS<\/span> :<\/strong><\/em><\/span><span style=\"text-decoration: underline;\"><span style=\"color: #ff0000; text-decoration: underline;\"><em><strong><br \/>\n<\/strong><\/em><\/span><\/span><\/h5>\n<p style=\"padding-left: 40px;\"><span style=\"text-align: start; color: #000000;\"><span style=\"color: #ff0000;\"><span style=\"color: #000000;\">Les entra\u00eenements des M-16 ont lieu au stade &#8220;Marc Li\u00e8vremont&#8221;, route des Montils \u00e0 Lussault sur Loire, chaque semaine, le mardi et vendredi, de 18h30 \u00e0 20h00. Reprise des entra\u00eenements le vendredi 22\/08\/2025 \u00e0 18h30, au stade &#8220;Marc Li\u00e8vremont&#8221; \u00e0 Lussault-sur-Loire.<\/span><\/span><\/span><\/p>\n<p style=\"padding-left: 40px;\"><span style=\"text-align: start; color: #000000;\"><span style=\"color: #ff0000;\"><span style=\"color: #000000;\">Les entra\u00eenements des M-19 ont lieu au stade &#8220;Marc Li\u00e8vremont&#8221;, route des Montils \u00e0 Lussault sur Loire, chaque semaine, le mardi et vendredi, de 19h30 \u00e0 21h00. Reprise des entra\u00eenements le vendredi 22\/08\/2025 \u00e0 19h30, au stade &#8220;Marc Li\u00e8vremont&#8221; \u00e0 Lussault-sur-Loire.<\/span><\/span><\/span><\/p>\n<p style=\"padding-left: 40px;\"><span style=\"text-align: start;\"><span style=\"color: #000000;\"><span style=\"text-align: start; color: #000000;\">Les entra\u00eenements des <span style=\"color: #ff0000;\">F-18<\/span>\u00a0ont lieu <span style=\"color: #ff0000;\">au stade &#8220;Marc Li\u00e8vremont&#8221;<\/span>, route des Montils \u00e0 Lussault sur Loire, chaque semaine,\u00a0<span style=\"color: #ff0000;\">le lundi de 18h30 \u00e0 20h00, le jeudi de 18h15 \u00e0 19h45<\/span>. <span style=\"color: #ff0000;\">Reprise des entra\u00eenements le jeudi 25\/08\/2025 \u00e0 18h15, au stade &#8220;Marc Li\u00e8vremont&#8221;<\/span><\/span><\/span><\/span><span style=\"text-align: start; color: #000000;\"><span style=\"color: #000000;\">, route des Montils \u00e0 Lussault sur Loire.<\/span><\/span><\/p>\n<p style=\"padding-left: 40px;\"><span style=\"color: #000000;\">Les joueurs et joueuses doivent se pr\u00e9senter aux vestiaires 15 minutes avant le d\u00e9but des entra\u00eenements et pr\u00e9voir des affaires de douche.<\/span><\/p>\n<p>&nbsp;<\/p>\n","protected":false},"excerpt":{"rendered":"<p>Les M-16, Cadets, et les M-18, M-19, Juniors, \u00e9voluent \u00e0 15 sur un grand terrain. Les gar\u00e7ons \u00e9voluant dans les cat\u00e9gories M-16, M-18 et M-19 doivent \u00eatre n\u00e9s en 2010\/2011 pour les Cadets et en 2007\/2008\/2009 pour les Juniors.Ils participent un championnat r\u00e9gional \u00e0 XV, sous les couleurs de l&#8217;Ovale de Loire.Ils participent \u00e9galement \u00e0 [&hellip;]<\/p>\n","protected":false},"author":2,"featured_media":0,"parent":0,"menu_order":0,"comment_status":"closed","ping_status":"closed","template":"templates\/template-full-width.php","meta":[],"_links":{"self":[{"href":"https:\/\/www.ovaledeloire-amboise-rugby.fr\/index.php?rest_route=\/wp\/v2\/pages\/5092"}],"collection":[{"href":"https:\/\/www.ovaledeloire-amboise-rugby.fr\/index.php?rest_route=\/wp\/v2\/pages"}],"about":[{"href":"https:\/\/www.ovaledeloire-amboise-rugby.fr\/index.php?rest_route=\/wp\/v2\/types\/page"}],"author":[{"embeddable":true,"href":"https:\/\/www.ovaledeloire-amboise-rugby.fr\/index.php?rest_route=\/wp\/v2\/users\/2"}],"replies":[{"embeddable":true,"href":"https:\/\/www.ovaledeloire-amboise-rugby.fr\/index.php?rest_route=%2Fwp%2Fv2%2Fcomments&post=5092"}],"version-history":[{"count":5,"href":"https:\/\/www.ovaledeloire-amboise-rugby.fr\/index.php?rest_route=\/wp\/v2\/pages\/5092\/revisions"}],"predecessor-version":[{"id":5098,"href":"https:\/\/www.ovaledeloire-amboise-rugby.fr\/index.php?rest_route=\/wp\/v2\/pages\/5092\/revisions\/5098"}],"wp:attachment":[{"href":"https:\/\/www.ovaledeloire-amboise-rugby.fr\/index.php?rest_route=%2Fwp%2Fv2%2Fmedia&parent=5092"}],"curies":[{"name":"wp","href":"https:\/\/api.w.org\/{rel}","templated":true}]}}