{"id":5181,"date":"2025-08-19T19:47:09","date_gmt":"2025-08-19T17:47:09","guid":{"rendered":"https:\/\/www.ovaledeloire-amboise-rugby.fr\/?page_id=5181"},"modified":"2025-08-19T20:06:42","modified_gmt":"2025-08-19T18:06:42","slug":"pole-loisirs-2025-2026","status":"publish","type":"page","link":"https:\/\/www.ovaledeloire-amboise-rugby.fr\/?page_id=5181","title":{"rendered":"P\u00f4le Loisirs 2025\/2026"},"content":{"rendered":"<p>&nbsp;<\/p>\n<p><span style=\"text-align: start; color: #000000;\">L&#8217;Ovale de Loire Amboise Rugby t&#8217;attend : Saison 2025\/2026.<br style=\"text-align: start;\" \/>Tu es sur l&#8217;Est de la Touraine ou tu arrive dans la r\u00e9gion. Tu joues en championnat r\u00e9gional ou tu souhaite d\u00e9buter le rugby. Surtout tu d\u00e9sir partager une aventure humaine, solidaire et haletante, avec un club et des co\u00e9quipiers soud\u00e9s, tous pr\u00e9sent pour contribuer \u00e0 tes projets de vie, sportif. L&#8217;Ovale de Loire Amboise Rugby t&#8217;ouvre ses portes, Sport, Passion, Plaisir et Camaraderie<br style=\"text-align: start;\" \/>Prend vite contact avec le pr\u00e9sident ou les Coachs :<br style=\"text-align: start;\" \/>Cyril LEBOURL\u00c8S : 06-95-57-75-42\u00a0 \/\u00a0 president@ovaledeloire-amboise-rugby.fr<br style=\"text-align: start;\" \/>Sylvain COSSONNET : 06-67-47-46-50\u00a0 \/\u00a0 loisirs@ovaledeloire-amboise-rugby.fr<\/span><\/p>\n<p>&nbsp;<\/p>\n<p><span style=\"text-decoration: underline; color: #ff0000;\"><em><strong>ENTRAINEMENTS 2025\/2026<\/strong><\/em><\/span><span style=\"text-decoration: underline; color: #ff0000;\"><em><strong>\u00a0:<\/strong><\/em><\/span><\/p>\n<p style=\"padding-left: 40px;\"><span style=\"color: #000000;\">Les entra\u00eenements ont lieu <strong><span style=\"color: #ff0000;\">au stade &#8220;Marc Li\u00e8vremont&#8221;<\/span><\/strong>, route des Montils \u00e0 Lussault sur Loire, chaque semaine, <span style=\"text-align: start; color: #000000;\"><strong><span style=\"color: #ff0000;\">le jeudi de 20h15 \u00e0 21h45<\/span><\/strong><\/span>.<br style=\"text-align: start;\" \/><span style=\"text-align: start; color: #000000;\"><strong><span style=\"color: #ff0000;\">Reprise des entra\u00eenements le jeudi 4 septembre 2025 \u00e0 20h15<\/span><\/strong>.<br style=\"text-align: start;\" \/><\/span><\/span><span style=\"text-align: start; color: #000000;\">Les joueurs doivent se pr\u00e9senter aux vestiaires 15 minutes avant le d\u00e9but des entra\u00eenements et pr\u00e9voir des affaire de rechange et le n\u00e9cessaire pour la douche.<\/span><\/p>\n<p>&nbsp;<\/p>\n<h5><span style=\"text-decoration: underline; color: #ff0000;\"><strong><em>ENCADREMENT ET COACHS 2025\/2026 :<\/em><\/strong><\/span><\/h5>\n<p style=\"padding-left: 40px;\"><em><strong><span style=\"text-align: start; color: #000000;\"><span style=\"color: #000000;\">Entra\u00eeneurs<\/span><\/span><\/strong><\/em><span style=\"text-align: start; color: #000000;\"><span style=\"color: #000000;\"><em><strong>\u00a0:<\/strong><\/em><br style=\"text-align: start;\" \/>Michael THOUN<br style=\"text-align: start;\" \/><\/span><\/span><span style=\"text-align: start; color: #000000;\"><span style=\"color: #000000;\"><em><strong>Encadrement<\/strong><\/em><em><strong>\u00a0:<\/strong><\/em><br style=\"text-align: start;\" \/>Sylvain COSSONNET : 06-67-47-46-50\u00a0 \/\u00a0 loisirs@ovaledeloire-amboise-rugby.fr<br style=\"text-align: start;\" \/>St\u00e9phane PEGUET-BORDESSOUL : 06-30-37-45-53\u00a0 \/\u00a0 loisirs@ovaledeloire-amboise-rugby.fr<\/span><\/span><\/p>\n<p>&nbsp;<\/p>\n<h5><span style=\"text-decoration: underline; color: #ff0000;\"><strong><em>LE GROUPE 2023\/2024 :<\/em><\/strong><\/span><\/h5>\n<p style=\"padding-left: 40px;\">groupe mixte de 40 joueurs et joueuses.<\/p>\n<p>&nbsp;<\/p>\n<h5><strong><em><span style=\"color: #ff0000; text-decoration: underline;\">OPPOSITIONS 2025\/2026 :<\/span><\/em><\/strong><\/h5>\n<p style=\"text-align: justify; padding-left: 40px;\"><span style=\"color: #000000;\">Les loisirs p<span style=\"text-align: start;\">articipent \u00e0 des oppositions, environ un jeudi soir par mois, \u00e0 XV, sur le d\u00e9partement d&#8217;Indre et Loire<\/span><\/span><\/p>\n<p style=\"padding-left: 40px;\">Les d\u00e9placements se font en bus ou minibus et covoiturage.<\/p>\n<h5><span style=\"color: #ff0000;\"><em><strong><span style=\"text-decoration: underline;\">REFERENTS SPORTIFS ET ADMINISTRATIFS 2025\/2026 :<\/span><\/strong><\/em><\/span><\/h5>\n<p style=\"padding-left: 40px;\">Pr\u00e9sident\u00a0 \u00a0 \u00a0 \u00a0 \u00a0 \u00a0 \u00a0 \u00a0 \u00a0 \u00a0 \u00a0 \u00a0 \u00a0 \u00a0 \u00a0 \u00a0 \u00a0 \u00a0 \u00a0 \u00a0 \u00a0 :\u00a0 Cyril LEBOURL\u00c8S\u00a0 \/\u00a0 06-95-57-75-42\u00a0 \/\u00a0 president@ovaledeloire-amboise-rugby.fr<\/p>\n<p style=\"padding-left: 40px;\">Coach\u00a0 \u00a0 \u00a0 \u00a0 \u00a0 \u00a0 \u00a0 \u00a0 \u00a0 \u00a0 \u00a0 \u00a0 \u00a0 \u00a0 \u00a0 \u00a0 \u00a0 \u00a0 \u00a0 \u00a0 \u00a0 \u00a0 \u00a0 \u00a0 \u00a0:\u00a0 Michael THOUN<span style=\"text-align: start; color: #000000;\">\u00a0 \/\u00a0 06-13-11-32-51\u00a0 \/\u00a0 loisirs@ovaledeloire-amboise-rugby.fr<\/span><\/p>\n<p style=\"padding-left: 40px;\">Intendance et administratif\u00a0 \u00a0 \u00a0 \u00a0:\u00a0 Sylvain COSSONNET\u00a0 \/\u00a0 loisirs@ovaledeloire-amboise-rugby.fr<\/p>\n<p>&nbsp;<\/p>\n","protected":false},"excerpt":{"rendered":"<p>&nbsp; L&#8217;Ovale de Loire Amboise Rugby t&#8217;attend : Saison 2025\/2026.Tu es sur l&#8217;Est de la Touraine ou tu arrive dans la r\u00e9gion. Tu joues en championnat r\u00e9gional ou tu souhaite d\u00e9buter le rugby. Surtout tu d\u00e9sir partager une aventure humaine, solidaire et haletante, avec un club et des co\u00e9quipiers soud\u00e9s, tous pr\u00e9sent pour contribuer \u00e0 [&hellip;]<\/p>\n","protected":false},"author":2,"featured_media":0,"parent":0,"menu_order":0,"comment_status":"closed","ping_status":"closed","template":"templates\/template-full-width.php","meta":[],"_links":{"self":[{"href":"https:\/\/www.ovaledeloire-amboise-rugby.fr\/index.php?rest_route=\/wp\/v2\/pages\/5181"}],"collection":[{"href":"https:\/\/www.ovaledeloire-amboise-rugby.fr\/index.php?rest_route=\/wp\/v2\/pages"}],"about":[{"href":"https:\/\/www.ovaledeloire-amboise-rugby.fr\/index.php?rest_route=\/wp\/v2\/types\/page"}],"author":[{"embeddable":true,"href":"https:\/\/www.ovaledeloire-amboise-rugby.fr\/index.php?rest_route=\/wp\/v2\/users\/2"}],"replies":[{"embeddable":true,"href":"https:\/\/www.ovaledeloire-amboise-rugby.fr\/index.php?rest_route=%2Fwp%2Fv2%2Fcomments&post=5181"}],"version-history":[{"count":5,"href":"https:\/\/www.ovaledeloire-amboise-rugby.fr\/index.php?rest_route=\/wp\/v2\/pages\/5181\/revisions"}],"predecessor-version":[{"id":5189,"href":"https:\/\/www.ovaledeloire-amboise-rugby.fr\/index.php?rest_route=\/wp\/v2\/pages\/5181\/revisions\/5189"}],"wp:attachment":[{"href":"https:\/\/www.ovaledeloire-amboise-rugby.fr\/index.php?rest_route=%2Fwp%2Fv2%2Fmedia&parent=5181"}],"curies":[{"name":"wp","href":"https:\/\/api.w.org\/{rel}","templated":true}]}}